{"id":14363,"date":"2025-06-23T13:07:32","date_gmt":"2025-06-23T12:07:32","guid":{"rendered":"https:\/\/handson.pt\/?page_id=14363"},"modified":"2025-09-03T16:28:57","modified_gmt":"2025-09-03T15:28:57","slug":"gift-card-confirmation","status":"publish","type":"page","link":"https:\/\/handson.pt\/pt\/gift-card-confirmation\/","title":{"rendered":"Confirma\u00e7\u00e3o do cart\u00e3o de oferta"},"content":{"rendered":"","protected":false},"excerpt":{"rendered":"","protected":false},"author":99,"featured_media":0,"parent":0,"menu_order":0,"comment_status":"closed","ping_status":"closed","template":"page-gift-card-confirmation.php","meta":{"footnotes":""},"class_list":["post-14363","page","type-page","status-publish","hentry"],"_links":{"self":[{"href":"https:\/\/handson.pt\/pt\/wp-json\/wp\/v2\/pages\/14363","targetHints":{"allow":["GET"]}}],"collection":[{"href":"https:\/\/handson.pt\/pt\/wp-json\/wp\/v2\/pages"}],"about":[{"href":"https:\/\/handson.pt\/pt\/wp-json\/wp\/v2\/types\/page"}],"author":[{"embeddable":true,"href":"https:\/\/handson.pt\/pt\/wp-json\/wp\/v2\/users\/99"}],"replies":[{"embeddable":true,"href":"https:\/\/handson.pt\/pt\/wp-json\/wp\/v2\/comments?post=14363"}],"version-history":[{"count":1,"href":"https:\/\/handson.pt\/pt\/wp-json\/wp\/v2\/pages\/14363\/revisions"}],"predecessor-version":[{"id":17048,"href":"https:\/\/handson.pt\/pt\/wp-json\/wp\/v2\/pages\/14363\/revisions\/17048"}],"wp:attachment":[{"href":"https:\/\/handson.pt\/pt\/wp-json\/wp\/v2\/media?parent=14363"}],"curies":[{"name":"wp","href":"https:\/\/api.w.org\/{rel}","templated":true}]}}