{"id":14568,"date":"2025-07-01T10:52:16","date_gmt":"2025-07-01T09:52:16","guid":{"rendered":"https:\/\/handson.pt\/?page_id=14568"},"modified":"2025-07-01T12:17:22","modified_gmt":"2025-07-01T11:17:22","slug":"hands-on-gift-card-terms-and-conditions","status":"publish","type":"page","link":"https:\/\/handson.pt\/pt\/hands-on-gift-card-terms-and-conditions\/","title":{"rendered":"Cart\u00e3o de oferta Hands On - Termos e condi\u00e7\u00f5es"},"content":{"rendered":"\t\t<div data-elementor-type=\"wp-page\" data-elementor-id=\"14568\" class=\"elementor elementor-14568\" data-elementor-post-type=\"page\">\n\t\t\t\t<div class=\"elementor-element elementor-element-68defe3 e-flex e-con-boxed e-con e-parent\" data-id=\"68defe3\" data-element_type=\"container\">\n\t\t\t\t\t<div class=\"e-con-inner\">\n\t\t<div class=\"elementor-element elementor-element-cb1b568 e-con-full e-flex e-con e-child\" data-id=\"cb1b568\" data-element_type=\"container\">\n\t\t\t\t<div class=\"elementor-element elementor-element-7efee8d elementor-widget elementor-widget-text-editor\" data-id=\"7efee8d\" data-element_type=\"widget\" data-widget_type=\"text-editor.default\">\n\t\t\t\t<div class=\"elementor-widget-container\">\n\t\t\t\t\t\t\t\t\t<div class=\"flex min-h-screen w-full overflow-x-clip\"><div class=\"min-h-full w-full min-w-0 flex-1\"><div class=\"flex flex-1 h-screen w-full overflow-hidden relative\"><div class=\"max-md:absolute top-0 right-0 bottom-0 left-0 z-20 md:flex-grow-0 md:flex-shrink-0 md:basis-0 overflow-hidden h-screen max-md:flex-1\"><div class=\"flex flex-col h-full overflow-hidden\"><div class=\"flex-1 overflow-hidden h-full bg-bg-100\"><div class=\"bg-bg-000 flex h-full flex-col relative\"><div class=\"ease-out duration-200 relative flex w-full flex-1 overflow-x-auto overflow-y-scroll\"><div class=\"w-full h-full relative\"><div class=\"w-full h-full relative [&amp;_*::selection]:bg-secondary-000\/10\" tabindex=\"0\"><div id=\"markdown-artifact\" class=\"font-claude-message mx-auto w-full max-w-3xl leading-[1.65rem] -tracking-[0.015em] px-6 pt-4 md:pt-6 md:px-11\" tabindex=\"0\"><div><div class=\"grid-cols-1 grid gap-2.5 [&amp;_&gt;_*]:min-w-0 !gap-3.5\"><ol class=\"[&amp;:not(:last-child)_ul]:pb-1 [&amp;:not(:last-child)_ol]:pb-1 list-decimal space-y-1.5 pl-7\"><li class=\"whitespace-normal break-words\"><strong>Redemption and Use<\/strong><br \/>Hands On Gift Cards are issued by Hands On. You may only redeem a Hands On Gift Card against Hands On for Orders placed online through the Website for Services. This means that we will reduce the purchase price payable for the Services by the equivalent value on your Hands On Gift Card. If the purchase price of Services is less than the value of your Hands On Gift Card, any remaining balance on your Hands On Gift Card can be used towards a further purchase until the balance reaches 0\u20ac.<\/li><li class=\"whitespace-normal break-words\"><strong>Cancellation Policy<\/strong><br \/>Hands On Gift Cards are only cancellable as follows: a. A refund of the applicable amount via the original method of payment is possible if you cancel (in whole or in part) a Hands On Gift Card within 24 hours of receiving your Order Confirmation, provided you have not already used it to redeem against a booking. b. If permitted by these Booking Terms and Conditions and the relevant Partner Terms and Conditions, cancellations of Hands On Gift Cards must be made by one of the following methods:<br \/><ul class=\"[&amp;:not(:last-child)_ul]:pb-1 [&amp;:not(:last-child)_ol]:pb-1 list-disc space-y-1.5 pl-7\"><li class=\"whitespace-normal break-words\">Dated bookings<\/li><li class=\"whitespace-normal break-words\">Following the link in your Order Confirmation email; or<\/li><li class=\"whitespace-normal break-words\">Emailing our Customer Care team on hello@handson.pt.<\/li><\/ul><p>c. No refund will be given where a cancellation is attempted more than 24hrs after receiving your Order Confirmation. d. No refund will be given where a cancellation is attempted once a Hands On Gift Card has been fully redeemed, either via a booking with a partner being booked or by being redeemed against another purchase. e. Please also note that where a cancellation is attempted once a Hands On Gift Card has been redeemed in part, either via a booking with a partner being booked or by being redeemed against another purchase. No refund will be given in respect of the redeemed part of the Hands On Gift Card. f. Please also note that no refund will be given where a Gift Card has been purchased via the &#8220;Gift This Class&#8221; feature and the &#8220;suggested class&#8221; is no longer available. The Gift Card will remain valid, until its expiry, and redeemable against all classes on Hands On, other than those mentioned in clause 3. below.<\/p><\/li><li class=\"whitespace-normal break-words\"><strong>Restrictions<\/strong><br \/>You cannot use a Hands On Gift Card to:<br \/><ul class=\"[&amp;:not(:last-child)_ul]:pb-1 [&amp;:not(:last-child)_ol]:pb-1 list-disc space-y-1.5 pl-7\"><li class=\"whitespace-normal break-words\">pay for Services at a Partner&#8217;s own venue or on their own website;<\/li><li class=\"whitespace-normal break-words\">purchase additional Hands On Gift Cards; or<\/li><li class=\"whitespace-normal break-words\">pay for Services on Hands On or a Partner&#8217;s own website during any Hands On &#8216;Sale days&#8217;; or<\/li><li class=\"whitespace-normal break-words\">exchange the balance on a Hands On Gift Card for cash.<\/li><\/ul><\/li><li class=\"whitespace-normal break-words\"><strong>Class Availability<\/strong><br \/>Hands On cannot guarantee the future availability of any class and therefore if a Hands On Gift Card is bought via the &#8220;Gift This Class&#8221; feature that Gift Card can be used on any class on Hands On, other than those mentioned in clause 3. above and can only be cancelled as stated in clause 2. above.<\/li><li class=\"whitespace-normal break-words\"><strong>Price Changes<\/strong><br \/>Hands On classes are subject to price increases at the discretion of our Partners. As such, Hands On cannot guarantee the future price per person of any class and therefore if a Hands On Gift Card is bought via the &#8220;Gift This Class&#8221; feature and the price increases the additional balance will have to be paid at the point of purchase. Alternatively, the Gift Card can be used on any class on Hands On, other than those mentioned in clause 3. above and can only be cancelled as stated in clause 2. above.<\/li><li class=\"whitespace-normal break-words\"><strong>Validity Period<\/strong><br \/>Your Hands On Gift Card balance will remain valid for twelve months after the date of purchase. The exact expiry date will be included in the Gift Card email itself.<\/li><li class=\"whitespace-normal break-words\"><strong>Business Continuity<\/strong><br \/>If Hands On ceases to trade or enters administration all Hands On Gift Cards will become non-redeemable.<\/li><li class=\"whitespace-normal break-words\"><strong>Delivery<\/strong><br \/>In accordance with your Order, Hands On Gift Cards will be delivered electronically.<\/li><\/ol><\/div><\/div><\/div><\/div><\/div><\/div><\/div><\/div><\/div><\/div><\/div><\/div><\/div>\t\t\t\t\t\t\t\t<\/div>\n\t\t\t\t<\/div>\n\t\t\t\t<\/div>\n\t\t\t\t\t<\/div>\n\t\t\t\t<\/div>\n\t\t\t\t<\/div>\n\t\t","protected":false},"excerpt":{"rendered":"<p>Redemption and UseHands On Gift Cards are issued by Hands On. You may only redeem a Hands On Gift Card against Hands On for Orders placed online through the Website for Services. This means that we will reduce the purchase price payable for the Services by the equivalent value on your Hands On Gift Card. [&hellip;]<\/p>\n","protected":false},"author":138,"featured_media":0,"parent":0,"menu_order":0,"comment_status":"closed","ping_status":"closed","template":"","meta":{"footnotes":""},"class_list":["post-14568","page","type-page","status-publish","hentry"],"_links":{"self":[{"href":"https:\/\/handson.pt\/pt\/wp-json\/wp\/v2\/pages\/14568","targetHints":{"allow":["GET"]}}],"collection":[{"href":"https:\/\/handson.pt\/pt\/wp-json\/wp\/v2\/pages"}],"about":[{"href":"https:\/\/handson.pt\/pt\/wp-json\/wp\/v2\/types\/page"}],"author":[{"embeddable":true,"href":"https:\/\/handson.pt\/pt\/wp-json\/wp\/v2\/users\/138"}],"replies":[{"embeddable":true,"href":"https:\/\/handson.pt\/pt\/wp-json\/wp\/v2\/comments?post=14568"}],"version-history":[{"count":12,"href":"https:\/\/handson.pt\/pt\/wp-json\/wp\/v2\/pages\/14568\/revisions"}],"predecessor-version":[{"id":14583,"href":"https:\/\/handson.pt\/pt\/wp-json\/wp\/v2\/pages\/14568\/revisions\/14583"}],"wp:attachment":[{"href":"https:\/\/handson.pt\/pt\/wp-json\/wp\/v2\/media?parent=14568"}],"curies":[{"name":"wp","href":"https:\/\/api.w.org\/{rel}","templated":true}]}}