{"id":4165,"date":"2024-03-14T17:47:35","date_gmt":"2024-03-14T17:47:35","guid":{"rendered":"https:\/\/handson.pt\/?page_id=4165"},"modified":"2024-04-19T19:17:43","modified_gmt":"2024-04-19T18:17:43","slug":"coleccoes","status":"publish","type":"page","link":"https:\/\/handson.pt\/pt\/collections\/","title":{"rendered":"Colec\u00e7\u00f5es"},"content":{"rendered":"<div data-elementor-type=\"wp-page\" data-elementor-id=\"4165\" class=\"elementor elementor-4165\" data-elementor-post-type=\"page\">\n\t\t\t\t\t\t<section class=\"elementor-section elementor-top-section elementor-element elementor-element-5712d4e elementor-section-full_width elementor-section-stretched elementor-section-height-default elementor-section-height-default\" data-id=\"5712d4e\" data-element_type=\"section\" data-settings=\"{&quot;stretch_section&quot;:&quot;section-stretched&quot;}\">\n\t\t\t\t\t\t<div class=\"elementor-container elementor-column-gap-default\">\n\t\t\t\t\t<div class=\"elementor-column elementor-col-100 elementor-top-column elementor-element elementor-element-c700b70\" data-id=\"c700b70\" data-element_type=\"column\">\n\t\t\t<div class=\"elementor-widget-wrap elementor-element-populated\">\n\t\t\t\t\t\t<div class=\"elementor-element elementor-element-1349d4b elementor-widget elementor-widget-breadcrumbs\" data-id=\"1349d4b\" data-element_type=\"widget\" data-widget_type=\"breadcrumbs.default\">\n\t\t\t\t<div class=\"elementor-widget-container\">\n\t\t\t\t\t<div><span class=\"last\">In\u00edcio<\/span><\/div>\t\t\t\t<\/div>\n\t\t\t\t<\/div>\n\t\t\t\t<div class=\"elementor-element elementor-element-d59f945 elementor-widget elementor-widget-icon-box\" data-id=\"d59f945\" data-element_type=\"widget\" data-settings=\"{&quot;_animation&quot;:&quot;none&quot;,&quot;_animation_delay&quot;:100}\" data-widget_type=\"icon-box.default\">\n\t\t\t\t<div class=\"elementor-widget-container\">\n\t\t\t\t\t\t\t<div class=\"elementor-icon-box-wrapper\">\n\n\t\t\t\n\t\t\t\t\t\t<div class=\"elementor-icon-box-content\">\n\n\t\t\t\t\t\t\t\t\t<h2 class=\"elementor-icon-box-title\">\n\t\t\t\t\t\t<span  >\n\t\t\t\t\t\t\tAmigo das crian\u00e7as\t\t\t\t\t\t<\/span>\n\t\t\t\t\t<\/h2>\n\t\t\t\t\n\t\t\t\t\n\t\t\t<\/div>\n\t\t\t\n\t\t<\/div>\n\t\t\t\t\t\t<\/div>\n\t\t\t\t<\/div>\n\t\t\t\t<div class=\"elementor-element elementor-element-0620832 elementor-widget elementor-widget-listeo-taxonomy-carousel\" data-id=\"0620832\" data-element_type=\"widget\" data-widget_type=\"listeo-taxonomy-carousel.default\">\n\t\t\t\t<div class=\"elementor-widget-container\">\n\t\t\t\t\t\n\t\t<div class=\"fullwidth-slick-carousel category-carousel\" data-slick='{\"autoplay\": true, \"autoplaySpeed\": 3000}' >\n\t\t\t<!-- Item -->\n\t\t\t\t\t\t\t<div class=\"fw-carousel-item\">\n\t\t\t\t\t<div class=\"category-box-container\">\n\t\t\t\t\t\t<a href=\"https:\/\/handson.pt\/pt\/collections\/kid-friendly\/\" class=\"category-box\" data-background-image=\"https:\/\/handson.pt\/wp-content\/uploads\/2024\/09\/Captura-de-ecra-2024-09-17-as-17.02.20-672x670.jpg\">\n\t\t\t\t\t\t\t<div class=\"category-box-content\">\n\t\t\t\t\t\t\t\t<h3>Para crian\u00e7as<\/h3>\n\t\t\t\t\t\t\t\t<span>29 listings<\/span>\t\t\t\t\t\t\t<\/div>\n\t\t\t\t\t\t\t<span class=\"category-box-btn\">Navega<\/span>\n\t\t\t\t\t\t<\/a>\n\t\t\t\t\t<\/div>\n\t\t\t\t<\/div>\n\n\t\t\t\t\t<\/div>\n \t\t\t\t\t\t<\/div>\n\t\t\t\t<\/div>\n\t\t\t\t\t<\/div>\n\t\t<\/div>\n\t\t\t\t\t<\/div>\n\t\t<\/section>\n\t\t\t\t<section class=\"elementor-section elementor-top-section elementor-element elementor-element-ab99248 elementor-section-full_width elementor-section-stretched elementor-section-height-default elementor-section-height-default\" data-id=\"ab99248\" data-element_type=\"section\" data-settings=\"{&quot;stretch_section&quot;:&quot;section-stretched&quot;}\">\n\t\t\t\t\t\t<div class=\"elementor-container elementor-column-gap-default\">\n\t\t\t\t\t<div class=\"elementor-column elementor-col-100 elementor-top-column elementor-element elementor-element-057481e\" data-id=\"057481e\" data-element_type=\"column\">\n\t\t\t<div class=\"elementor-widget-wrap elementor-element-populated\">\n\t\t\t\t\t\t<div class=\"elementor-element elementor-element-f61fd93 elementor-widget elementor-widget-icon-box\" data-id=\"f61fd93\" data-element_type=\"widget\" data-settings=\"{&quot;_animation&quot;:&quot;none&quot;,&quot;_animation_delay&quot;:100}\" data-widget_type=\"icon-box.default\">\n\t\t\t\t<div class=\"elementor-widget-container\">\n\t\t\t\t\t\t\t<div class=\"elementor-icon-box-wrapper\">\n\n\t\t\t\n\t\t\t\t\t\t<div class=\"elementor-icon-box-content\">\n\n\t\t\t\t\t\t\t\t\t<h2 class=\"elementor-icon-box-title\">\n\t\t\t\t\t\t<span  >\n\t\t\t\t\t\t\tCom um or\u00e7amento limitado\t\t\t\t\t\t<\/span>\n\t\t\t\t\t<\/h2>\n\t\t\t\t\n\t\t\t\t\n\t\t\t<\/div>\n\t\t\t\n\t\t<\/div>\n\t\t\t\t\t\t<\/div>\n\t\t\t\t<\/div>\n\t\t\t\t\t<\/div>\n\t\t<\/div>\n\t\t\t\t\t<\/div>\n\t\t<\/section>\n\t\t\t\t<section class=\"elementor-section elementor-top-section elementor-element elementor-element-dbe805f elementor-section-full_width elementor-section-stretched elementor-section-height-default elementor-section-height-default\" data-id=\"dbe805f\" data-element_type=\"section\" data-settings=\"{&quot;stretch_section&quot;:&quot;section-stretched&quot;}\">\n\t\t\t\t\t\t<div class=\"elementor-container elementor-column-gap-default\">\n\t\t\t\t\t<div class=\"elementor-column elementor-col-100 elementor-top-column elementor-element elementor-element-d1fa3e3\" data-id=\"d1fa3e3\" data-element_type=\"column\">\n\t\t\t<div class=\"elementor-widget-wrap elementor-element-populated\">\n\t\t\t\t\t\t<div class=\"elementor-element elementor-element-35b8327 elementor-widget elementor-widget-icon-box\" data-id=\"35b8327\" data-element_type=\"widget\" data-settings=\"{&quot;_animation&quot;:&quot;none&quot;,&quot;_animation_delay&quot;:100}\" data-widget_type=\"icon-box.default\">\n\t\t\t\t<div class=\"elementor-widget-container\">\n\t\t\t\t\t\t\t<div class=\"elementor-icon-box-wrapper\">\n\n\t\t\t\n\t\t\t\t\t\t<div class=\"elementor-icon-box-content\">\n\n\t\t\t\t\t\t\t\t\t<h2 class=\"elementor-icon-box-title\">\n\t\t\t\t\t\t<span  >\n\t\t\t\t\t\t\tTeam-building\t\t\t\t\t\t<\/span>\n\t\t\t\t\t<\/h2>\n\t\t\t\t\n\t\t\t\t\n\t\t\t<\/div>\n\t\t\t\n\t\t<\/div>\n\t\t\t\t\t\t<\/div>\n\t\t\t\t<\/div>\n\t\t\t\t<div class=\"elementor-element elementor-element-b993eab elementor-widget elementor-widget-listeo-taxonomy-carousel\" data-id=\"b993eab\" data-element_type=\"widget\" data-widget_type=\"listeo-taxonomy-carousel.default\">\n\t\t\t\t<div class=\"elementor-widget-container\">\n\t\t\t\t\t\n\t\t<div class=\"fullwidth-slick-carousel category-carousel\" data-slick='{\"autoplay\": true, \"autoplaySpeed\": 3000}' >\n\t\t\t<!-- Item -->\n\t\t\t\t\t\t\t<div class=\"fw-carousel-item\">\n\t\t\t\t\t<div class=\"category-box-container\">\n\t\t\t\t\t\t<a href=\"https:\/\/handson.pt\/pt\/collections\/team-building\/\" class=\"category-box\" data-background-image=\"https:\/\/handson.pt\/wp-content\/uploads\/2024\/05\/DSC03742-scaled-e1717436269682-997x670.jpg\">\n\t\t\t\t\t\t\t<div class=\"category-box-content\">\n\t\t\t\t\t\t\t\t<h3>Team-building<\/h3>\n\t\t\t\t\t\t\t\t<span>41 listings<\/span>\t\t\t\t\t\t\t<\/div>\n\t\t\t\t\t\t\t<span class=\"category-box-btn\">Navega<\/span>\n\t\t\t\t\t\t<\/a>\n\t\t\t\t\t<\/div>\n\t\t\t\t<\/div>\n\n\t\t\t\t\t<\/div>\n \t\t\t\t\t\t<\/div>\n\t\t\t\t<\/div>\n\t\t\t\t\t<\/div>\n\t\t<\/div>\n\t\t\t\t\t<\/div>\n\t\t<\/section>\n\t\t\t\t<\/div>","protected":false},"excerpt":{"rendered":"<p>Adequado para crian\u00e7as Adequado para crian\u00e7as 0 an\u00fancios Ver Com um or\u00e7amento Com um or\u00e7amento 0 an\u00fancios Ver Forma\u00e7\u00e3o de equipas Forma\u00e7\u00e3o de equipas 0 an\u00fancios Ver<\/p>","protected":false},"author":1,"featured_media":4979,"parent":0,"menu_order":0,"comment_status":"closed","ping_status":"closed","template":"","meta":{"footnotes":""},"class_list":["post-4165","page","type-page","status-publish","has-post-thumbnail","hentry"],"_links":{"self":[{"href":"https:\/\/handson.pt\/pt\/wp-json\/wp\/v2\/pages\/4165","targetHints":{"allow":["GET"]}}],"collection":[{"href":"https:\/\/handson.pt\/pt\/wp-json\/wp\/v2\/pages"}],"about":[{"href":"https:\/\/handson.pt\/pt\/wp-json\/wp\/v2\/types\/page"}],"author":[{"embeddable":true,"href":"https:\/\/handson.pt\/pt\/wp-json\/wp\/v2\/users\/1"}],"replies":[{"embeddable":true,"href":"https:\/\/handson.pt\/pt\/wp-json\/wp\/v2\/comments?post=4165"}],"version-history":[{"count":1,"href":"https:\/\/handson.pt\/pt\/wp-json\/wp\/v2\/pages\/4165\/revisions"}],"predecessor-version":[{"id":6180,"href":"https:\/\/handson.pt\/pt\/wp-json\/wp\/v2\/pages\/4165\/revisions\/6180"}],"wp:featuredmedia":[{"embeddable":true,"href":"https:\/\/handson.pt\/pt\/wp-json\/wp\/v2\/media\/4979"}],"wp:attachment":[{"href":"https:\/\/handson.pt\/pt\/wp-json\/wp\/v2\/media?parent=4165"}],"curies":[{"name":"wp","href":"https:\/\/api.w.org\/{rel}","templated":true}]}}