{"id":4388,"date":"2019-01-17T14:23:51","date_gmt":"2019-01-17T14:23:51","guid":{"rendered":"https:\/\/listeo.staging.wpengine.com\/?page_id=841"},"modified":"2019-01-17T14:23:51","modified_gmt":"2019-01-17T14:23:51","slug":"reservas-my","status":"publish","type":"page","link":"https:\/\/handson.pt\/pt\/my-bookings\/","title":{"rendered":"As minhas reservas"},"content":{"rendered":"<div class=\"row\">\n\t<!-- Listings -->\n\t<div class=\"col-lg-12 col-md-12\">\n\t\t<div class=\"dashboard-list-box  margin-top-0\">\n\t\t\t<div class=\"headline-with-filters list-view\">\n\n\n\t\t\t\t<!-- Booking Requests Filters  -->\n\t\t\t\t<div class=\"booking-requests-filter\">\n\t\t\t\t\t\t\t\t\t\t\t<input type=\"hidden\" id=\"dashboard_type\" name=\"dashboard_type\" value=\"user\">\n\t\t\t\t\t\t\t\t\t\t\n\t\t\t\t\t\t\t\t\t\t\t\t\t\t\t\t\t<input type=\"hidden\" id=\"listing_status\" value=\"show_all\">\n\t\t\t\t\t\t\t\t\t\t\n\n\t\t\t\t\t<!-- Date Range -->\n\t\t\t\t\t<div id=\"booking-date-range-enabler\">\n\t\t\t\t\t\t<span>Escolhe uma data<\/span>\n\t\t\t\t\t<\/div>\n\n\t\t\t\t\t<div id=\"booking-date-range\" style=\"display: none;\">\n\t\t\t\t\t\t<span><\/span>\n\t\t\t\t\t<\/div>\n\n\n\t\t\t\t<\/div>\n\n\t\t\t\t<!-- Reply to review popup -->\n\n\n\t\t\t\t<h4>As tuas reservas <i class=\"fa fa-circle-o-notch fa-spin booking-loading-icon\"><\/i> <\/h4>\n\t\t\t\t\t\t\t<\/div>\n\n\t\t\t<ul id=\"no-bookings-information\" style=\"display: none\">\n\t\t\t\tN\u00e3o encontr\u00e1mos nenhuma reserva para este crit\u00e9rio\t\t\t<\/ul>\n\t\t\t\t\t\t\t<ul id=\"booking-requests\">\n\t\t\t\t\t<li class=\"user-booking expired-booking\" id=\"booking-list-118834\">\n\t<div class=\"list-box-listing bookings\">\n\t\t<div class=\"list-box-listing-img\"><img alt='' src='https:\/\/secure.gravatar.com\/avatar\/?s=70&#038;d=mm&#038;r=g' srcset='https:\/\/secure.gravatar.com\/avatar\/?s=140&#038;d=mm&#038;r=g 2x' class='avatar avatar-70 photo avatar-default' height='70' width='70' \/><\/div>\n\t\t<div class=\"list-box-listing-content\">\n\t\t\t<div class=\"inner\">\n\t\t\t\t<h3 id=\"title\">\n\t\t\t\t\t<a href=\"https:\/\/handson.pt\/pt\/workshop\/porto-pastel-de-nata-cooking-class-with-port-wine\/\">Porto: Aula de Culin\u00e1ria de Pastel de Nata com Vinho do Porto<\/a>\n\t\t\t\t\t<span class=\"booking-status\" style=\"background-color:gray\">Expired<\/span>\t\t\t\t\t\t\t\t\t<\/h3>\n\n\t\t\t\t<div class=\"inner-booking-list\">\n\t\t\t\t\t<h5>Booking Date:<\/h5>\n\t\t\t\t\t<ul class=\"booking-list\">\n\n\t\t\t\t\t\t\t\t\t\t\t\t\t<li class=\"highlighted\" id=\"date\">\n\t\t\t\t\t\t\t\t30\/04\/2026 at\t\t\t\t\t\t\t\t\n\t\t\t\t\t\t\t\t10:30 - 12:00<\/li>\n\n\t\t\t\t\t\t\n\t\t\t\t\t<\/ul>\n\t\t\t\t<\/div>\n\t\t\t\t\t\t\t\t\t\t<div class=\"inner-booking-list inner-booking-list-guests\">\n\t\t\t\t\t\t\t<h5>Detalhes da reserva:<\/h5>\n\t\t\t\t\t\t\t<ul class=\"booking-list\">\n\t\t\t\t\t\t\t\t<li class=\"highlighted\" id=\"details\">\n\t\t\t\t\t\t\t\t\t\t\t\t\t\t\t\t\t\t\t\t\t\t\t\t\t\t\t\t\t\t\t\t\t\t\t\t\t\t\t\t\t\t\t\t\t\t\t\t\t\t\t\t\t\t\t\t\t\t\t\t\t\t\t\t\n\t\t\t\t\t\t\t\t\t\n\t\t\t\t\t\t\t\t\t\t\t\t\t\t\t\t\t\t\t1 Convidado\t\t\t\t\t\t\t\t\t\t\t\t\t\t\t\t\t<\/li>\n\t\t\t\t\t\t\t<\/ul>\n\t\t\t\t\t\t<\/div>\n\t\t\t\t\n\t\t\t\t\t\t\t\t\t<div class=\"inner-booking-list\">\n\t\t\t\t\t\t<h5>Pre\u00e7o:<\/h5>\n\t\t\t\t\t\t<ul class=\"booking-list\">\n\t\t\t\t\t\t\t<li class=\"highlighted\" id=\"price\">\n\t\t\t\t\t\t\t\t\t\t\t\t\t\t\t\t35,00 \u20ac\t\t\t\t\t\t\t<\/li>\n\t\t\t\t\t\t<\/ul>\n\t\t\t\t\t<\/div>\n\t\t\t\t\t\t\t\t\t\t\t\t\t\t\t\t\t\n\t\t\t\t\t<div class=\"inner-booking-list\">\n\n\t\t\t\t\t\t<h5>Client:<\/h5>\n\t\t\t\t\t\t<ul class=\"booking-list\" id=\"client\">\n\t\t\t\t\t\t\t\t\t\t\t\t\t\t\t\t\t\t\t\t\t\t\t\t\t\t\t<\/ul>\n\t\t\t\t\t<\/div>\n\t\t\t\t\t\n\t\t\t\t\t\t\t\t\t\t\t\t\t\t\t\t\t\t\t\t\t\t\t\t\t\t\t\t\n\t\t\t\t\t\t\t\t\t\t<div class=\"inner-booking-list\">\n\t\t\t\t\t\t\t<h5>Order ID:<\/h5>\n\t\t\t\t\t\t\t<ul class=\"booking-list\">\n\t\t\t\t\t\t\t\t<li class=\"highlighted\" id=\"order\">\n\t\t\t\t\t\t\t\t\t#35089\t\t\t\t\t\t\t\t\t\t\t\t\t\t\t\t\t<\/li>\n\t\t\t\t\t\t\t<\/ul>\n\t\t\t\t\t\t<\/div>\n\t\t\t\t\t\n\t\t\t\t\n\t\t\t\t<div class=\"inner-booking-list\">\n\t\t\t\t\t\t\t\t\t\t\t<h5>Booking requested on:<\/h5>\n\t\t\t\t\t\t\t\t\t\t<ul class=\"booking-list\">\n\t\t\t\t\t\t<li class=\"highlighted\" id=\"price\">\n\t\t\t\t\t\t\t20\/04\/2026\t\t\t\t\t\t\t\t\t\t\t\t\t\t\tat\n\t\t\t\t\t\t\t12:02\t\t\t\t\t\t<\/li>\n\t\t\t\t\t<\/ul>\n\t\t\t\t<\/div>\n\n\t\t\t\t\t\t\t\t\t<div class=\"inner-booking-list\">\n\t\t\t\t\t\t<h5>Payment due:<\/h5>\n\t\t\t\t\t\t<ul class=\"booking-list\">\n\t\t\t\t\t\t\t<li class=\"highlighted\" id=\"price\">\n\t\t\t\t\t\t\t\t20\/04\/2026\t\t\t\t\t\t\t\t\t\t\t\t\t\t\t\t\tat\n\t\t\t\t\t\t\t\t11:32\t\t\t\t\t\t\t<\/li>\n\t\t\t\t\t\t<\/ul>\n\t\t\t\t\t<\/div>\n\t\t\t\t\n\t\t\t\t\n\t\t\t\t<!-- Cusotm fields -->\n\t\t\t\t\t\t\t\t<div class=\"listeo-user-booking-action-buttons\">\n\t\t\t\t\t\t\t\t\t\t\t\t\t\t\t\t\t\t<a href=\"#small-dialog\" data-recipient=\"132\" data-booking_id=\"booking_118834\" class=\"booking-message rate-review popup-with-zoom-anim\"><i class=\"sl sl-icon-envelope-open\"><\/i> Enviar mensagem<\/a>\n\t\t\t\t\t\t\t\t\t\t\t\t\t\t\t\t<\/div>\n\n\t\t\t<\/div>\n\t\t<\/div>\n\t<\/div>\n\t<div class=\"buttons-to-right booking-buttons-actions\">\n\t\t\t\t\t\t\t<a href=\"#\" class=\"button gray delete\" data-booking_id=\"118834\"><i class=\"sl sl-icon-trash\"><\/i> Delete<\/a>\n\t\t\t\t\n\t<\/div>\n<\/li><li class=\"user-booking waiting-booking\" id=\"booking-list-103179\">\n\t<div class=\"list-box-listing bookings\">\n\t\t<div class=\"list-box-listing-img\"><img alt='' src='https:\/\/secure.gravatar.com\/avatar\/?s=70&#038;d=mm&#038;r=g' srcset='https:\/\/secure.gravatar.com\/avatar\/?s=140&#038;d=mm&#038;r=g 2x' class='avatar avatar-70 photo avatar-default' height='70' width='70' \/><\/div>\n\t\t<div class=\"list-box-listing-content\">\n\t\t\t<div class=\"inner\">\n\t\t\t\t<h3 id=\"title\">\n\t\t\t\t\t<a href=\"https:\/\/handson.pt\/pt\/workshop\/test-listing-2-customers-not-allowedtest-by-sudhanshu-tes-with-1onnly\/\">Listagem de testes 2 (N\u00e3o s\u00e3o permitidos clientes) teste por sudhanshu tes com 1onnly<\/a>\n\t\t\t\t\t<span class=\"booking-status pending\">Waiting for teacher confirmation<\/span>\t\t\t\t\t\t\t\t\t<\/h3>\n\n\t\t\t\t<div class=\"inner-booking-list\">\n\t\t\t\t\t<h5>Booking Date:<\/h5>\n\t\t\t\t\t<ul class=\"booking-list\">\n\n\t\t\t\t\t\t\t\t\t\t\t\t\t<li class=\"highlighted\" id=\"date\">\n\t\t\t\t\t\t\t\t25\/04\/2026 at\t\t\t\t\t\t\t\t\n\t\t\t\t\t\t\t\t14:00 - 18:00<\/li>\n\n\t\t\t\t\t\t\n\t\t\t\t\t<\/ul>\n\t\t\t\t<\/div>\n\t\t\t\t\t\t\t\t\t\t<div class=\"inner-booking-list inner-booking-list-guests\">\n\t\t\t\t\t\t\t<h5>Detalhes da reserva:<\/h5>\n\t\t\t\t\t\t\t<ul class=\"booking-list\">\n\t\t\t\t\t\t\t\t<li class=\"highlighted\" id=\"details\">\n\t\t\t\t\t\t\t\t\t\t\t\t\t\t\t\t\t\t\t\t\t\t\t\t\t\t\t\t\t\t\t\t\t\t\t\t\t\t\t\t\t\t\t\t\t\t\t\t\t\t\t\t\t\t\t\t\t\t\t\t\t\t\t\t\n\t\t\t\t\t\t\t\t\t\n\t\t\t\t\t\t\t\t\t\t\t\t\t\t\t\t\t\t\t1 Convidado\t\t\t\t\t\t\t\t\t\t\t\t\t\t\t\t\t<\/li>\n\t\t\t\t\t\t\t<\/ul>\n\t\t\t\t\t\t<\/div>\n\t\t\t\t\n\t\t\t\t\t\t\t\t\t<div class=\"inner-booking-list\">\n\t\t\t\t\t\t<h5>Pre\u00e7o:<\/h5>\n\t\t\t\t\t\t<ul class=\"booking-list\">\n\t\t\t\t\t\t\t<li class=\"highlighted\" id=\"price\">\n\t\t\t\t\t\t\t\t\t\t\t\t\t\t\t\t0,50 \u20ac\t\t\t\t\t\t\t<\/li>\n\t\t\t\t\t\t<\/ul>\n\t\t\t\t\t<\/div>\n\t\t\t\t\t\t\t\t\t\t\t\t\t\t\t\t\t\n\t\t\t\t\t<div class=\"inner-booking-list\">\n\n\t\t\t\t\t\t<h5>Client:<\/h5>\n\t\t\t\t\t\t<ul class=\"booking-list\" id=\"client\">\n\t\t\t\t\t\t\t\t\t\t\t\t\t\t\t\t\t\t\t\t\t\t\t\t\t\t\t<\/ul>\n\t\t\t\t\t<\/div>\n\t\t\t\t\t\n\t\t\t\t\t\t\t\t\t\t\t\t\t\t\t\t\t\t\t\t\t\t\t\t\t\t\t\t\n\t\t\t\t\t\t\t\t\t\t<div class=\"inner-booking-list\">\n\t\t\t\t\t\t\t<h5>Order ID:<\/h5>\n\t\t\t\t\t\t\t<ul class=\"booking-list\">\n\t\t\t\t\t\t\t\t<li class=\"highlighted\" id=\"order\">\n\t\t\t\t\t\t\t\t\t#34166\t\t\t\t\t\t\t\t\t\t\t\t\t\t\t\t\t<\/li>\n\t\t\t\t\t\t\t<\/ul>\n\t\t\t\t\t\t<\/div>\n\t\t\t\t\t\n\t\t\t\t\n\t\t\t\t<div class=\"inner-booking-list\">\n\t\t\t\t\t\t\t\t\t\t\t<h5>Booking requested on:<\/h5>\n\t\t\t\t\t\t\t\t\t\t<ul class=\"booking-list\">\n\t\t\t\t\t\t<li class=\"highlighted\" id=\"price\">\n\t\t\t\t\t\t\t15\/04\/2026\t\t\t\t\t\t\t\t\t\t\t\t\t\t\tat\n\t\t\t\t\t\t\t11:24\t\t\t\t\t\t<\/li>\n\t\t\t\t\t<\/ul>\n\t\t\t\t<\/div>\n\n\t\t\t\t\n\t\t\t\t\n\t\t\t\t<!-- Cusotm fields -->\n\t\t\t\t\t\t\t\t<div class=\"listeo-user-booking-action-buttons\">\n\t\t\t\t\t\t\t\t\t\t\t\t\t\t\t\t\t\t<a href=\"#small-dialog\" data-recipient=\"566\" data-booking_id=\"booking_103179\" class=\"booking-message rate-review popup-with-zoom-anim\"><i class=\"sl sl-icon-envelope-open\"><\/i> Enviar mensagem<\/a>\n\t\t\t\t\t\t\t\t\t\t\t\t\t\t\t\t<\/div>\n\n\t\t\t<\/div>\n\t\t<\/div>\n\t<\/div>\n\t<div class=\"buttons-to-right booking-buttons-actions\">\n\t\t\t\t\t\t\t\t\t<a href=\"#\" class=\"button gray reject\" data-booking_id=\"103179\"><i class=\"sl sl-icon-close\"><\/i> Cancela<\/a>\n\t\t\n\t<\/div>\n<\/li><li class=\"user-booking waiting-booking\" id=\"booking-list-103178\">\n\t<div class=\"list-box-listing bookings\">\n\t\t<div class=\"list-box-listing-img\"><img alt='' src='https:\/\/secure.gravatar.com\/avatar\/?s=70&#038;d=mm&#038;r=g' srcset='https:\/\/secure.gravatar.com\/avatar\/?s=140&#038;d=mm&#038;r=g 2x' class='avatar avatar-70 photo avatar-default' height='70' width='70' \/><\/div>\n\t\t<div class=\"list-box-listing-content\">\n\t\t\t<div class=\"inner\">\n\t\t\t\t<h3 id=\"title\">\n\t\t\t\t\t<a href=\"https:\/\/handson.pt\/pt\/workshop\/test-listing-2-customers-not-allowedtest-by-sudhanshu-tes-with-1onnly\/\">Listagem de testes 2 (N\u00e3o s\u00e3o permitidos clientes) teste por sudhanshu tes com 1onnly<\/a>\n\t\t\t\t\t<span class=\"booking-status pending\">Waiting for teacher confirmation<\/span>\t\t\t\t\t\t\t\t\t<\/h3>\n\n\t\t\t\t<div class=\"inner-booking-list\">\n\t\t\t\t\t<h5>Booking Date:<\/h5>\n\t\t\t\t\t<ul class=\"booking-list\">\n\n\t\t\t\t\t\t\t\t\t\t\t\t\t<li class=\"highlighted\" id=\"date\">\n\t\t\t\t\t\t\t\t26\/04\/2026 at\t\t\t\t\t\t\t\t\n\t\t\t\t\t\t\t\t14:00 - 18:00<\/li>\n\n\t\t\t\t\t\t\n\t\t\t\t\t<\/ul>\n\t\t\t\t<\/div>\n\t\t\t\t\t\t\t\t\t\t<div class=\"inner-booking-list inner-booking-list-guests\">\n\t\t\t\t\t\t\t<h5>Detalhes da reserva:<\/h5>\n\t\t\t\t\t\t\t<ul class=\"booking-list\">\n\t\t\t\t\t\t\t\t<li class=\"highlighted\" id=\"details\">\n\t\t\t\t\t\t\t\t\t\t\t\t\t\t\t\t\t\t\t\t\t\t\t\t\t\t\t\t\t\t\t\t\t\t\t\t\t\t\t\t\t\t\t\t\t\t\t\t\t\t\t\t\t\t\t\t\t\t\t\t\t\t\t\t\n\t\t\t\t\t\t\t\t\t\n\t\t\t\t\t\t\t\t\t\t\t\t\t\t\t\t\t\t\t1 Convidado\t\t\t\t\t\t\t\t\t\t\t\t\t\t\t\t\t<\/li>\n\t\t\t\t\t\t\t<\/ul>\n\t\t\t\t\t\t<\/div>\n\t\t\t\t\n\t\t\t\t\t\t\t\t\t<div class=\"inner-booking-list\">\n\t\t\t\t\t\t<h5>Pre\u00e7o:<\/h5>\n\t\t\t\t\t\t<ul class=\"booking-list\">\n\t\t\t\t\t\t\t<li class=\"highlighted\" id=\"price\">\n\t\t\t\t\t\t\t\t\t\t\t\t\t\t\t\t0,50 \u20ac\t\t\t\t\t\t\t<\/li>\n\t\t\t\t\t\t<\/ul>\n\t\t\t\t\t<\/div>\n\t\t\t\t\t\t\t\t\t\t\t\t\t\t\t\t\t\n\t\t\t\t\t<div class=\"inner-booking-list\">\n\n\t\t\t\t\t\t<h5>Client:<\/h5>\n\t\t\t\t\t\t<ul class=\"booking-list\" id=\"client\">\n\t\t\t\t\t\t\t\t\t\t\t\t\t\t\t\t\t\t\t\t\t\t\t\t\t\t\t<\/ul>\n\t\t\t\t\t<\/div>\n\t\t\t\t\t\n\t\t\t\t\t\t\t\t\t\t\t\t\t\t\t\t\t\t\t\t\t\t\t\t\t\t\t\t\n\t\t\t\t\t\t\t\t\t\t<div class=\"inner-booking-list\">\n\t\t\t\t\t\t\t<h5>Order ID:<\/h5>\n\t\t\t\t\t\t\t<ul class=\"booking-list\">\n\t\t\t\t\t\t\t\t<li class=\"highlighted\" id=\"order\">\n\t\t\t\t\t\t\t\t\t#34164\t\t\t\t\t\t\t\t\t\t\t\t\t\t\t\t\t<\/li>\n\t\t\t\t\t\t\t<\/ul>\n\t\t\t\t\t\t<\/div>\n\t\t\t\t\t\n\t\t\t\t\n\t\t\t\t<div class=\"inner-booking-list\">\n\t\t\t\t\t\t\t\t\t\t\t<h5>Booking requested on:<\/h5>\n\t\t\t\t\t\t\t\t\t\t<ul class=\"booking-list\">\n\t\t\t\t\t\t<li class=\"highlighted\" id=\"price\">\n\t\t\t\t\t\t\t15\/04\/2026\t\t\t\t\t\t\t\t\t\t\t\t\t\t\tat\n\t\t\t\t\t\t\t11:23\t\t\t\t\t\t<\/li>\n\t\t\t\t\t<\/ul>\n\t\t\t\t<\/div>\n\n\t\t\t\t\n\t\t\t\t\n\t\t\t\t<!-- Cusotm fields -->\n\t\t\t\t\t\t\t\t<div class=\"listeo-user-booking-action-buttons\">\n\t\t\t\t\t\t\t\t\t\t\t\t\t\t\t\t\t\t<a href=\"#small-dialog\" data-recipient=\"566\" data-booking_id=\"booking_103178\" class=\"booking-message rate-review popup-with-zoom-anim\"><i class=\"sl sl-icon-envelope-open\"><\/i> Enviar mensagem<\/a>\n\t\t\t\t\t\t\t\t\t\t\t\t\t\t\t\t<\/div>\n\n\t\t\t<\/div>\n\t\t<\/div>\n\t<\/div>\n\t<div class=\"buttons-to-right booking-buttons-actions\">\n\t\t\t\t\t\t\t\t\t<a href=\"#\" class=\"button gray reject\" data-booking_id=\"103178\"><i class=\"sl sl-icon-close\"><\/i> Cancela<\/a>\n\t\t\n\t<\/div>\n<\/li><li class=\"user-booking expired-booking\" id=\"booking-list-102795\">\n\t<div class=\"list-box-listing bookings\">\n\t\t<div class=\"list-box-listing-img\"><img alt='' src='https:\/\/secure.gravatar.com\/avatar\/?s=70&#038;d=mm&#038;r=g' srcset='https:\/\/secure.gravatar.com\/avatar\/?s=140&#038;d=mm&#038;r=g 2x' class='avatar avatar-70 photo avatar-default' height='70' width='70' \/><\/div>\n\t\t<div class=\"list-box-listing-content\">\n\t\t\t<div class=\"inner\">\n\t\t\t\t<h3 id=\"title\">\n\t\t\t\t\t<a href=\"https:\/\/handson.pt\/pt\/workshop\/beer-tasting-lisbon-portuguese-craft-beers\/\">Prova de Cerveja em Lisboa | 8 Cervejas Artesanais Portuguesas com David Santos<\/a>\n\t\t\t\t\t<span class=\"booking-status\" style=\"background-color:gray\">Expired<\/span>\t\t\t\t\t\t\t\t\t<\/h3>\n\n\t\t\t\t<div class=\"inner-booking-list\">\n\t\t\t\t\t<h5>Booking Date:<\/h5>\n\t\t\t\t\t<ul class=\"booking-list\">\n\n\t\t\t\t\t\t\t\t\t\t\t\t\t<li class=\"highlighted\" id=\"date\">\n\t\t\t\t\t\t\t\t16\/04\/2026 at\t\t\t\t\t\t\t\t\n\t\t\t\t\t\t\t\t19:00 - 21:00<\/li>\n\n\t\t\t\t\t\t\n\t\t\t\t\t<\/ul>\n\t\t\t\t<\/div>\n\t\t\t\t\t\t\t\t\t\t<div class=\"inner-booking-list inner-booking-list-guests\">\n\t\t\t\t\t\t\t<h5>Detalhes da reserva:<\/h5>\n\t\t\t\t\t\t\t<ul class=\"booking-list\">\n\t\t\t\t\t\t\t\t<li class=\"highlighted\" id=\"details\">\n\t\t\t\t\t\t\t\t\t\t\t\t\t\t\t\t\t\t\t\t\t\t\t\t\t\t\t\t\t\t\t\t\t\t\t\t\t\t\t\t\t\t\t\t\t\t\t\t\t\t\t\t\t\t\t\t\t\t\t\t\t\t\t\t\n\t\t\t\t\t\t\t\t\t\n\t\t\t\t\t\t\t\t\t\t\t\t\t\t\t\t\t\t\t2 Convidados\t\t\t\t\t\t\t\t\t\t\t\t\t\t\t\t\t<\/li>\n\t\t\t\t\t\t\t<\/ul>\n\t\t\t\t\t\t<\/div>\n\t\t\t\t\n\t\t\t\t\t\t\t\t\t<div class=\"inner-booking-list\">\n\t\t\t\t\t\t<h5>Pre\u00e7o:<\/h5>\n\t\t\t\t\t\t<ul class=\"booking-list\">\n\t\t\t\t\t\t\t<li class=\"highlighted\" id=\"price\">\n\t\t\t\t\t\t\t\t\t\t\t\t\t\t\t\t72,00 \u20ac\t\t\t\t\t\t\t<\/li>\n\t\t\t\t\t\t<\/ul>\n\t\t\t\t\t<\/div>\n\t\t\t\t\t\t\t\t\t\t\t\t\t\t\t\t\t\n\t\t\t\t\t<div class=\"inner-booking-list\">\n\n\t\t\t\t\t\t<h5>Client:<\/h5>\n\t\t\t\t\t\t<ul class=\"booking-list\" id=\"client\">\n\t\t\t\t\t\t\t\t\t\t\t\t\t\t\t\t\t\t\t\t\t\t\t\t\t\t\t<\/ul>\n\t\t\t\t\t<\/div>\n\t\t\t\t\t\n\t\t\t\t\t\t\t\t\t\t\t\t\t\t\t\t\t\t\t\t\t\t\t\t\t\t\t\t\n\t\t\t\t\t\t\t\t\t\t<div class=\"inner-booking-list\">\n\t\t\t\t\t\t\t<h5>Order ID:<\/h5>\n\t\t\t\t\t\t\t<ul class=\"booking-list\">\n\t\t\t\t\t\t\t\t<li class=\"highlighted\" id=\"order\">\n\t\t\t\t\t\t\t\t\t#34047\t\t\t\t\t\t\t\t\t\t\t\t\t\t\t\t\t<\/li>\n\t\t\t\t\t\t\t<\/ul>\n\t\t\t\t\t\t<\/div>\n\t\t\t\t\t\n\t\t\t\t\n\t\t\t\t<div class=\"inner-booking-list\">\n\t\t\t\t\t\t\t\t\t\t\t<h5>Booking requested on:<\/h5>\n\t\t\t\t\t\t\t\t\t\t<ul class=\"booking-list\">\n\t\t\t\t\t\t<li class=\"highlighted\" id=\"price\">\n\t\t\t\t\t\t\t14\/04\/2026\t\t\t\t\t\t\t\t\t\t\t\t\t\t\tat\n\t\t\t\t\t\t\t13:54\t\t\t\t\t\t<\/li>\n\t\t\t\t\t<\/ul>\n\t\t\t\t<\/div>\n\n\t\t\t\t\t\t\t\t\t<div class=\"inner-booking-list\">\n\t\t\t\t\t\t<h5>Payment due:<\/h5>\n\t\t\t\t\t\t<ul class=\"booking-list\">\n\t\t\t\t\t\t\t<li class=\"highlighted\" id=\"price\">\n\t\t\t\t\t\t\t\t14\/04\/2026\t\t\t\t\t\t\t\t\t\t\t\t\t\t\t\t\tat\n\t\t\t\t\t\t\t\t13:24\t\t\t\t\t\t\t<\/li>\n\t\t\t\t\t\t<\/ul>\n\t\t\t\t\t<\/div>\n\t\t\t\t\n\t\t\t\t\n\t\t\t\t<!-- Cusotm fields -->\n\t\t\t\t\t\t\t\t<div class=\"listeo-user-booking-action-buttons\">\n\t\t\t\t\t\t\t\t\t\t\t\t\t\t\t\t\t\t<a href=\"#small-dialog\" data-recipient=\"54\" data-booking_id=\"booking_102795\" class=\"booking-message rate-review popup-with-zoom-anim\"><i class=\"sl sl-icon-envelope-open\"><\/i> Enviar mensagem<\/a>\n\t\t\t\t\t\t\t\t\t\t\t\t\t\t\t\t<\/div>\n\n\t\t\t<\/div>\n\t\t<\/div>\n\t<\/div>\n\t<div class=\"buttons-to-right booking-buttons-actions\">\n\t\t\t\t\t\t\t<a href=\"#\" class=\"button gray delete\" data-booking_id=\"102795\"><i class=\"sl sl-icon-trash\"><\/i> Delete<\/a>\n\t\t\t\t\n\t<\/div>\n<\/li><li class=\"user-booking expired-booking\" id=\"booking-list-100928\">\n\t<div class=\"list-box-listing bookings\">\n\t\t<div class=\"list-box-listing-img\"><img alt='' src='https:\/\/secure.gravatar.com\/avatar\/?s=70&#038;d=mm&#038;r=g' srcset='https:\/\/secure.gravatar.com\/avatar\/?s=140&#038;d=mm&#038;r=g 2x' class='avatar avatar-70 photo avatar-default' height='70' width='70' \/><\/div>\n\t\t<div class=\"list-box-listing-content\">\n\t\t\t<div class=\"inner\">\n\t\t\t\t<h3 id=\"title\">\n\t\t\t\t\t<a href=\"https:\/\/handson.pt\/pt\/workshop\/porto-pastel-de-nata-cooking-class-with-port-wine\/\">Porto: Aula de Culin\u00e1ria de Pastel de Nata com Vinho do Porto<\/a>\n\t\t\t\t\t<span class=\"booking-status\" style=\"background-color:gray\">Expired<\/span>\t\t\t\t\t\t\t\t\t<\/h3>\n\n\t\t\t\t<div class=\"inner-booking-list\">\n\t\t\t\t\t<h5>Booking Date:<\/h5>\n\t\t\t\t\t<ul class=\"booking-list\">\n\n\t\t\t\t\t\t\t\t\t\t\t\t\t<li class=\"highlighted\" id=\"date\">\n\t\t\t\t\t\t\t\t14\/04\/2026 at\t\t\t\t\t\t\t\t\n\t\t\t\t\t\t\t\t16:30 - 18:00<\/li>\n\n\t\t\t\t\t\t\n\t\t\t\t\t<\/ul>\n\t\t\t\t<\/div>\n\t\t\t\t\t\t\t\t\t\t<div class=\"inner-booking-list inner-booking-list-guests\">\n\t\t\t\t\t\t\t<h5>Detalhes da reserva:<\/h5>\n\t\t\t\t\t\t\t<ul class=\"booking-list\">\n\t\t\t\t\t\t\t\t<li class=\"highlighted\" id=\"details\">\n\t\t\t\t\t\t\t\t\t\t\t\t\t\t\t\t\t\t\t\t\t\t\t\t\t\t\t\t\t\t\t\t\t\t\t\t\t\t\t\t\t\t\t\t\t\t\t\t\t\t\t\t\t\t\t\t\t\t\t\t\t\t\t\t\n\t\t\t\t\t\t\t\t\t\n\t\t\t\t\t\t\t\t\t\t\t\t\t\t\t\t\t\t\t4 Convidados\t\t\t\t\t\t\t\t\t\t\t\t\t\t\t\t\t<\/li>\n\t\t\t\t\t\t\t<\/ul>\n\t\t\t\t\t\t<\/div>\n\t\t\t\t\n\t\t\t\t\t\t\t\t\t<div class=\"inner-booking-list\">\n\t\t\t\t\t\t<h5>Pre\u00e7o:<\/h5>\n\t\t\t\t\t\t<ul class=\"booking-list\">\n\t\t\t\t\t\t\t<li class=\"highlighted\" id=\"price\">\n\t\t\t\t\t\t\t\t\t\t\t\t\t\t\t\t140,00 \u20ac\t\t\t\t\t\t\t<\/li>\n\t\t\t\t\t\t<\/ul>\n\t\t\t\t\t<\/div>\n\t\t\t\t\t\t\t\t\t\t\t\t\t\t\t\t\t\n\t\t\t\t\t<div class=\"inner-booking-list\">\n\n\t\t\t\t\t\t<h5>Client:<\/h5>\n\t\t\t\t\t\t<ul class=\"booking-list\" id=\"client\">\n\t\t\t\t\t\t\t\t\t\t\t\t\t\t\t\t\t\t\t\t\t\t\t\t\t\t\t<\/ul>\n\t\t\t\t\t<\/div>\n\t\t\t\t\t\n\t\t\t\t\t\t\t\t\t\t\t\t\t\t\t\t\t\t\t\t\t\t\t\t\t\t\t\t\n\t\t\t\t\t\t\t\t\t\t<div class=\"inner-booking-list\">\n\t\t\t\t\t\t\t<h5>Order ID:<\/h5>\n\t\t\t\t\t\t\t<ul class=\"booking-list\">\n\t\t\t\t\t\t\t\t<li class=\"highlighted\" id=\"order\">\n\t\t\t\t\t\t\t\t\t#33982\t\t\t\t\t\t\t\t\t\t\t\t\t\t\t\t\t<\/li>\n\t\t\t\t\t\t\t<\/ul>\n\t\t\t\t\t\t<\/div>\n\t\t\t\t\t\n\t\t\t\t\n\t\t\t\t<div class=\"inner-booking-list\">\n\t\t\t\t\t\t\t\t\t\t\t<h5>Booking requested on:<\/h5>\n\t\t\t\t\t\t\t\t\t\t<ul class=\"booking-list\">\n\t\t\t\t\t\t<li class=\"highlighted\" id=\"price\">\n\t\t\t\t\t\t\t13\/04\/2026\t\t\t\t\t\t\t\t\t\t\t\t\t\t\tat\n\t\t\t\t\t\t\t21:18\t\t\t\t\t\t<\/li>\n\t\t\t\t\t<\/ul>\n\t\t\t\t<\/div>\n\n\t\t\t\t\t\t\t\t\t<div class=\"inner-booking-list\">\n\t\t\t\t\t\t<h5>Payment due:<\/h5>\n\t\t\t\t\t\t<ul class=\"booking-list\">\n\t\t\t\t\t\t\t<li class=\"highlighted\" id=\"price\">\n\t\t\t\t\t\t\t\t13\/04\/2026\t\t\t\t\t\t\t\t\t\t\t\t\t\t\t\t\tat\n\t\t\t\t\t\t\t\t20:48\t\t\t\t\t\t\t<\/li>\n\t\t\t\t\t\t<\/ul>\n\t\t\t\t\t<\/div>\n\t\t\t\t\n\t\t\t\t\n\t\t\t\t<!-- Cusotm fields -->\n\t\t\t\t\t\t\t\t<div class=\"listeo-user-booking-action-buttons\">\n\t\t\t\t\t\t\t\t\t\t\t\t\t\t\t\t\t\t<a href=\"#small-dialog\" data-recipient=\"132\" data-booking_id=\"booking_100928\" class=\"booking-message rate-review popup-with-zoom-anim\"><i class=\"sl sl-icon-envelope-open\"><\/i> Enviar mensagem<\/a>\n\t\t\t\t\t\t\t\t\t\t\t\t\t\t\t\t<\/div>\n\n\t\t\t<\/div>\n\t\t<\/div>\n\t<\/div>\n\t<div class=\"buttons-to-right booking-buttons-actions\">\n\t\t\t\t\t\t\t<a href=\"#\" class=\"button gray delete\" data-booking_id=\"100928\"><i class=\"sl sl-icon-trash\"><\/i> Delete<\/a>\n\t\t\t\t\n\t<\/div>\n<\/li>\t\t\t\t<\/ul>\n\t\t\t\n\t\t<\/div>\n\t\t\t\t<div id=\"small-dialog\" class=\"zoom-anim-dialog mfp-hide\">\n\t\t\t<div class=\"small-dialog-header\">\n\t\t\t\t<h3>Enviar mensagem<\/h3>\n\t\t\t<\/div>\n\t\t\t<div class=\"message-reply margin-top-0\">\n\t\t\t\t<form action=\"\" id=\"send-message-from-widget\" data-booking_id=\"\" data-trp-original-action=\"\">\n\t\t\t\t\t<textarea data-recipient=\"\" data-referral=\"\" required cols=\"40\" id=\"contact-message\" name=\"message\" rows=\"3\" placeholder=\"A tua mensagem\"><\/textarea>\n\t\t\t\t\t<button class=\"button\">\n\t\t\t\t\t\t<i class=\"fa fa-circle-o-notch fa-spin\" aria-hidden=\"true\"><\/i>Enviar mensagem<\/button>\n\t\t\t\t\t<div class=\"notification closeable success margin-top-20\"><\/div>\n\n\t\t\t\t<input type=\"hidden\" name=\"trp-form-language\" value=\"pt\"\/><\/form>\n\n\t\t\t<\/div>\n\t\t<\/div>\n\t\t<a style=\"display:none;\" href=\"#small-dialog\" class=\"send-message-to-owner button popup-with-zoom-anim\"><i class=\"sl sl-icon-envelope-open\"><\/i> Enviar mensagem<\/a>\n\t<\/div>\n<\/div>","protected":false},"excerpt":{"rendered":"","protected":false},"author":1,"featured_media":0,"parent":0,"menu_order":0,"comment_status":"closed","ping_status":"closed","template":"template-dashboard.php","meta":{"footnotes":""},"class_list":["post-4388","page","type-page","status-publish","hentry"],"_links":{"self":[{"href":"https:\/\/handson.pt\/pt\/wp-json\/wp\/v2\/pages\/4388","targetHints":{"allow":["GET"]}}],"collection":[{"href":"https:\/\/handson.pt\/pt\/wp-json\/wp\/v2\/pages"}],"about":[{"href":"https:\/\/handson.pt\/pt\/wp-json\/wp\/v2\/types\/page"}],"author":[{"embeddable":true,"href":"https:\/\/handson.pt\/pt\/wp-json\/wp\/v2\/users\/1"}],"replies":[{"embeddable":true,"href":"https:\/\/handson.pt\/pt\/wp-json\/wp\/v2\/comments?post=4388"}],"version-history":[{"count":0,"href":"https:\/\/handson.pt\/pt\/wp-json\/wp\/v2\/pages\/4388\/revisions"}],"wp:attachment":[{"href":"https:\/\/handson.pt\/pt\/wp-json\/wp\/v2\/media?parent=4388"}],"curies":[{"name":"wp","href":"https:\/\/api.w.org\/{rel}","templated":true}]}}