{"id":4645,"date":"2024-03-26T00:38:19","date_gmt":"2024-03-26T00:38:19","guid":{"rendered":"https:\/\/handson.pt\/?page_id=4645"},"modified":"2025-06-12T12:09:38","modified_gmt":"2025-06-12T11:09:38","slug":"sobre-nos-oficinas-praticas","status":"publish","type":"page","link":"https:\/\/handson.pt\/pt\/about-us-hands-on-workshops\/","title":{"rendered":"Sobre n\u00f3s"},"content":{"rendered":"<div data-elementor-type=\"wp-page\" data-elementor-id=\"4645\" class=\"elementor elementor-4645\" data-elementor-post-type=\"page\">\n\t\t\t\t<div class=\"elementor-element elementor-element-C4bvtOo e-flex e-con-boxed e-con e-parent\" data-id=\"C4bvtOo\" data-element_type=\"container\" data-settings=\"{&quot;background_background&quot;:&quot;classic&quot;}\">\n\t\t\t\t\t<div class=\"e-con-inner\">\n\t\t<div class=\"elementor-element elementor-element-QWfkyyT e-con-full e-flex e-con e-child\" data-id=\"QWfkyyT\" data-element_type=\"container\">\n\t\t\t\t<div class=\"elementor-element elementor-element-sC7DtVB elementor-widget elementor-widget-heading\" data-id=\"sC7DtVB\" data-element_type=\"widget\" data-widget_type=\"heading.default\">\n\t\t\t\t<div class=\"elementor-widget-container\">\n\t\t\t\t\t<h5 class=\"elementor-heading-title elementor-size-default\">APRENDE ALGO NOVO COM AS TUAS M\u00c3OS<\/h5>\t\t\t\t<\/div>\n\t\t\t\t<\/div>\n\t\t\t\t<div class=\"elementor-element elementor-element-ecw9kLL elementor-widget elementor-widget-heading\" data-id=\"ecw9kLL\" data-element_type=\"widget\" data-widget_type=\"heading.default\">\n\t\t\t\t<div class=\"elementor-widget-container\">\n\t\t\t\t\t<h2 class=\"elementor-heading-title elementor-size-default\">SOMOS UMA COMUNIDADE DE CORAJOSOS!<\/h2>\t\t\t\t<\/div>\n\t\t\t\t<\/div>\n\t\t\t\t<\/div>\n\t\t<div class=\"elementor-element elementor-element-TxYU4Ki e-con-full e-flex e-con e-child\" data-id=\"TxYU4Ki\" data-element_type=\"container\">\n\t\t<div class=\"elementor-element elementor-element-TKNUWeI e-con-full e-flex e-con e-child\" data-id=\"TKNUWeI\" data-element_type=\"container\">\n\t\t\t\t<\/div>\n\t\t\t\t<\/div>\n\t\t\t\t\t<\/div>\n\t\t\t\t<\/div>\n\t\t\t\t<section class=\"elementor-section elementor-top-section elementor-element elementor-element-19cd9264 elementor-section-content-middle elementor-section-boxed elementor-section-height-default elementor-section-height-default\" data-id=\"19cd9264\" data-element_type=\"section\" data-settings=\"{&quot;background_background&quot;:&quot;classic&quot;}\">\n\t\t\t\t\t\t\t<div class=\"elementor-background-overlay\"><\/div>\n\t\t\t\t\t\t\t<div class=\"elementor-container elementor-column-gap-default\">\n\t\t\t\t\t<div class=\"elementor-column elementor-col-100 elementor-top-column elementor-element elementor-element-bfca99d\" data-id=\"bfca99d\" data-element_type=\"column\" data-settings=\"{&quot;background_background&quot;:&quot;classic&quot;}\">\n\t\t\t<div class=\"elementor-widget-wrap elementor-element-populated\">\n\t\t\t\t\t\t<div class=\"elementor-element elementor-element-18e01c2 elementor-headline--style-highlight elementor-widget elementor-widget-animated-headline\" data-id=\"18e01c2\" data-element_type=\"widget\" data-settings=\"{&quot;marker&quot;:&quot;underline&quot;,&quot;highlighted_text&quot;:&quot;learn something new&quot;,&quot;headline_style&quot;:&quot;highlight&quot;,&quot;loop&quot;:&quot;yes&quot;,&quot;highlight_animation_duration&quot;:1200,&quot;highlight_iteration_delay&quot;:8000}\" data-widget_type=\"animated-headline.default\">\n\t\t\t\t<div class=\"elementor-widget-container\">\n\t\t\t\t\t\t\t<h3 class=\"elementor-headline\">\n\t\t\t\t\t<span class=\"elementor-headline-plain-text elementor-headline-text-wrapper\">Alguma vez quiseste <\/span>\n\t\t\t\t<span class=\"elementor-headline-dynamic-wrapper elementor-headline-text-wrapper\">\n\t\t\t\t\t<span class=\"elementor-headline-dynamic-text elementor-headline-text-active\">aprender algo novo<\/span>\n\t\t\t\t<\/span>\n\t\t\t\t\t<span class=\"elementor-headline-plain-text elementor-headline-text-wrapper\"> e n\u00e3o sabias onde procurar?<\/span>\n\t\t\t\t\t<\/h3>\n\t\t\t\t\t\t<\/div>\n\t\t\t\t<\/div>\n\t\t\t\t<div class=\"elementor-element elementor-element-13ed174c elementor-widget-laptop__width-inherit elementor-widget-tablet__width-inherit elementor-widget-mobile__width-inherit elementor-widget elementor-widget-text-editor\" data-id=\"13ed174c\" data-element_type=\"widget\" data-widget_type=\"text-editor.default\">\n\t\t\t\t<div class=\"elementor-widget-container\">\n\t\t\t\t\t\t\t\t\t<p style=\"font-size: 19px;\"><span style=\"background-color: var( --e-global-color-6e5343c );\">O Diogo e o Tom tiveram a mesma dificuldade e foi por isso que come\u00e7aram o <strong>Hands On<\/strong>. Eles acreditam<\/span><span style=\"font-size: inherit; color: var( --e-global-color-text ); background-color: var( --e-global-color-6e5343c );\">\u00a0no poder da comunidade e que chegou o momento de todos n\u00f3s encontrarmos quem ensina e onde aprender!<\/span><\/p><p style=\"font-size: 19px;\"><span style=\"color: var( --e-global-color-text ); font-size: inherit;\">Junta-te a n\u00f3s nesta aventura, onde <strong>Hands On<\/strong> \u00e9 a forma de aprender!<\/span><\/p>\t\t\t\t\t\t\t\t<\/div>\n\t\t\t\t<\/div>\n\t\t\t\t\t<\/div>\n\t\t<\/div>\n\t\t\t\t\t<\/div>\n\t\t<\/section>\n\t\t<div class=\"elementor-element elementor-element-fc2f762 e-flex e-con-boxed e-con e-parent\" data-id=\"fc2f762\" data-element_type=\"container\">\n\t\t\t\t\t<div class=\"e-con-inner\">\n\t\t<div class=\"elementor-element elementor-element-0554ebf e-con-full e-flex e-con e-child\" data-id=\"0554ebf\" data-element_type=\"container\">\n\t\t<div class=\"elementor-element elementor-element-8db9ff6 e-con-full e-grid e-con e-child\" data-id=\"8db9ff6\" data-element_type=\"container\">\n\t\t\t\t<div class=\"elementor-element elementor-element-3249cd7 elementor-widget-laptop__width-inherit elementor-view-default elementor-position-top elementor-mobile-position-top elementor-widget elementor-widget-icon-box\" data-id=\"3249cd7\" data-element_type=\"widget\" data-widget_type=\"icon-box.default\">\n\t\t\t\t<div class=\"elementor-widget-container\">\n\t\t\t\t\t\t\t<div class=\"elementor-icon-box-wrapper\">\n\n\t\t\t\t\t\t<div class=\"elementor-icon-box-icon\">\n\t\t\t\t<span  class=\"elementor-icon\">\n\t\t\t\t<i aria-hidden=\"true\" class=\"fas fa-bullseye\"><\/i>\t\t\t\t<\/span>\n\t\t\t<\/div>\n\t\t\t\n\t\t\t\t\t\t<div class=\"elementor-icon-box-content\">\n\n\t\t\t\t\t\t\t\t\t<h3 class=\"elementor-icon-box-title\">\n\t\t\t\t\t\t<span  >\n\t\t\t\t\t\t\tA NOSSA MISS\u00c3O\t\t\t\t\t\t<\/span>\n\t\t\t\t\t<\/h3>\n\t\t\t\t\n\t\t\t\t\t\t\t\t\t<p class=\"elementor-icon-box-description\">\n\t\t\t\t\t\tCriar uma comunidade<br>que se ajuda mutuamente para<br>aprender coisas novas ao estilo <b>Hands On<\/b>.\t\t\t\t\t<\/p>\n\t\t\t\t\n\t\t\t<\/div>\n\t\t\t\n\t\t<\/div>\n\t\t\t\t\t\t<\/div>\n\t\t\t\t<\/div>\n\t\t\t\t<div class=\"elementor-element elementor-element-83ab167 elementor-widget-laptop__width-inherit elementor-view-default elementor-position-top elementor-mobile-position-top elementor-widget elementor-widget-icon-box\" data-id=\"83ab167\" data-element_type=\"widget\" data-widget_type=\"icon-box.default\">\n\t\t\t\t<div class=\"elementor-widget-container\">\n\t\t\t\t\t\t\t<div class=\"elementor-icon-box-wrapper\">\n\n\t\t\t\t\t\t<div class=\"elementor-icon-box-icon\">\n\t\t\t\t<span  class=\"elementor-icon\">\n\t\t\t\t<i aria-hidden=\"true\" class=\"far fa-eye\"><\/i>\t\t\t\t<\/span>\n\t\t\t<\/div>\n\t\t\t\n\t\t\t\t\t\t<div class=\"elementor-icon-box-content\">\n\n\t\t\t\t\t\t\t\t\t<h3 class=\"elementor-icon-box-title\">\n\t\t\t\t\t\t<span  >\n\t\t\t\t\t\t\tA NOSSA VIS\u00c3O\t\t\t\t\t\t<\/span>\n\t\t\t\t\t<\/h3>\n\t\t\t\t\n\t\t\t\t\t\t\t\t\t<p class=\"elementor-icon-box-description\">\n\t\t\t\t\t\tCapacitar as comunidades locais de todo o mundo atrav\u00e9s do m\u00e9todo <b>Hands On<\/b> de aprendizagem.\t\t\t\t\t<\/p>\n\t\t\t\t\n\t\t\t<\/div>\n\t\t\t\n\t\t<\/div>\n\t\t\t\t\t\t<\/div>\n\t\t\t\t<\/div>\n\t\t\t\t<div class=\"elementor-element elementor-element-82fde67 elementor-widget-laptop__width-inherit elementor-view-default elementor-position-top elementor-mobile-position-top elementor-widget elementor-widget-icon-box\" data-id=\"82fde67\" data-element_type=\"widget\" data-widget_type=\"icon-box.default\">\n\t\t\t\t<div class=\"elementor-widget-container\">\n\t\t\t\t\t\t\t<div class=\"elementor-icon-box-wrapper\">\n\n\t\t\t\t\t\t<div class=\"elementor-icon-box-icon\">\n\t\t\t\t<span  class=\"elementor-icon\">\n\t\t\t\t<i aria-hidden=\"true\" class=\"far fa-gem\"><\/i>\t\t\t\t<\/span>\n\t\t\t<\/div>\n\t\t\t\n\t\t\t\t\t\t<div class=\"elementor-icon-box-content\">\n\n\t\t\t\t\t\t\t\t\t<h3 class=\"elementor-icon-box-title\">\n\t\t\t\t\t\t<span  >\n\t\t\t\t\t\t\tOS NOSSOS VALORES\t\t\t\t\t\t<\/span>\n\t\t\t\t\t<\/h3>\n\t\t\t\t\n\t\t\t\t\t\t\t\t\t<p class=\"elementor-icon-box-description\">\n\t\t\t\t\t\t<b>Criatividade<\/b>, <b>Alegria<\/b>, <b>Honestidade<\/b> e <b>Coragem<\/b>.\n<br>A combina\u00e7\u00e3o deste valores d\u00e1-nos a receita para aprender e ensinar qualquer coisa, tornando o mundo um lugar melhor.\t\t\t\t\t<\/p>\n\t\t\t\t\n\t\t\t<\/div>\n\t\t\t\n\t\t<\/div>\n\t\t\t\t\t\t<\/div>\n\t\t\t\t<\/div>\n\t\t\t\t<\/div>\n\t\t\t\t<\/div>\n\t\t\t\t\t<\/div>\n\t\t\t\t<\/div>\n\t\t<div class=\"elementor-element elementor-element-0eee716 e-flex e-con-boxed e-con e-parent\" data-id=\"0eee716\" data-element_type=\"container\">\n\t\t\t\t\t<div class=\"e-con-inner\">\n\t\t\t\t<div class=\"elementor-element elementor-element-5a2ea3d elementor-widget__width-inherit elementor-widget elementor-widget-image\" data-id=\"5a2ea3d\" data-element_type=\"widget\" data-widget_type=\"image.default\">\n\t\t\t\t<div class=\"elementor-widget-container\">\n\t\t\t\t\t\t\t\t\t\t\t\t\t\t\t<img fetchpriority=\"high\" decoding=\"async\" width=\"2560\" height=\"1709\" src=\"https:\/\/handson.pt\/wp-content\/uploads\/2024\/04\/ceramic-workshop-gift-idea-scaled.jpg\" class=\"attachment-full size-full wp-image-5710\" alt=\"cer\u00e2mica workshop presentes m\u00e3os \u00e0 obra\" srcset=\"https:\/\/handson.pt\/wp-content\/uploads\/2024\/04\/ceramic-workshop-gift-idea-scaled.jpg 2560w, https:\/\/handson.pt\/wp-content\/uploads\/2024\/04\/ceramic-workshop-gift-idea-300x200.jpg 300w, https:\/\/handson.pt\/wp-content\/uploads\/2024\/04\/ceramic-workshop-gift-idea-1024x684.jpg 1024w, https:\/\/handson.pt\/wp-content\/uploads\/2024\/04\/ceramic-workshop-gift-idea-768x513.jpg 768w, https:\/\/handson.pt\/wp-content\/uploads\/2024\/04\/ceramic-workshop-gift-idea-1536x1025.jpg 1536w, https:\/\/handson.pt\/wp-content\/uploads\/2024\/04\/ceramic-workshop-gift-idea-2048x1367.jpg 2048w, https:\/\/handson.pt\/wp-content\/uploads\/2024\/04\/ceramic-workshop-gift-idea-590x394.jpg 590w, https:\/\/handson.pt\/wp-content\/uploads\/2024\/04\/ceramic-workshop-gift-idea-1004x670.jpg 1004w, https:\/\/handson.pt\/wp-content\/uploads\/2024\/04\/ceramic-workshop-gift-idea-577x385.jpg 577w, https:\/\/handson.pt\/wp-content\/uploads\/2024\/04\/ceramic-workshop-gift-idea-1200x801.jpg 1200w, https:\/\/handson.pt\/wp-content\/uploads\/2024\/04\/ceramic-workshop-gift-idea-600x401.jpg 600w\" sizes=\"(max-width: 2560px) 100vw, 2560px\" \/>\t\t\t\t\t\t\t\t\t\t\t\t\t\t\t<\/div>\n\t\t\t\t<\/div>\n\t\t\t\t\t<\/div>\n\t\t\t\t<\/div>\n\t\t<div class=\"elementor-element elementor-element-daa7fb1 e-flex e-con-boxed e-con e-parent\" data-id=\"daa7fb1\" data-element_type=\"container\">\n\t\t\t\t\t<div class=\"e-con-inner\">\n\t\t<div class=\"elementor-element elementor-element-8af0cb0 e-con-full e-flex e-con e-child\" data-id=\"8af0cb0\" data-element_type=\"container\">\n\t\t\t\t<div class=\"elementor-element elementor-element-7588952 elementor-headline--style-highlight elementor-widget elementor-widget-animated-headline\" data-id=\"7588952\" data-element_type=\"widget\" data-settings=\"{&quot;highlighted_text&quot;:&quot;WE ALL TEACH&quot;,&quot;highlight_iteration_delay&quot;:4500,&quot;marker&quot;:&quot;underline&quot;,&quot;headline_style&quot;:&quot;highlight&quot;,&quot;loop&quot;:&quot;yes&quot;,&quot;highlight_animation_duration&quot;:1200}\" data-widget_type=\"animated-headline.default\">\n\t\t\t\t<div class=\"elementor-widget-container\">\n\t\t\t\t\t\t\t<h3 class=\"elementor-headline\">\n\t\t\t\t<span class=\"elementor-headline-dynamic-wrapper elementor-headline-text-wrapper\">\n\t\t\t\t\t<span class=\"elementor-headline-dynamic-text elementor-headline-text-active\">TODOS ENSINAMOS<\/span>\n\t\t\t\t<\/span>\n\t\t\t\t<\/h3>\n\t\t\t\t\t\t<\/div>\n\t\t\t\t<\/div>\n\t\t\t\t<div class=\"elementor-element elementor-element-9640991 elementor-widget-laptop__width-initial elementor-widget-tablet__width-inherit elementor-widget-mobile__width-inherit elementor-widget elementor-widget-text-editor\" data-id=\"9640991\" data-element_type=\"widget\" data-widget_type=\"text-editor.default\">\n\t\t\t\t<div class=\"elementor-widget-container\">\n\t\t\t\t\t\t\t\t\t<p>\u00c9s um artes\u00e3o ou um professor com paix\u00e3o pela partilha de conhecimentos? Queres transmitir as tuas novas skills?\u00a0<\/p><p>Junta-te a n\u00f3s na miss\u00e3o de nos tornarmos a comunidade de refer\u00eancia para o m\u00e9todo <strong>Hands On<\/strong> de aprendizagem.<\/p>\t\t\t\t\t\t\t\t<\/div>\n\t\t\t\t<\/div>\n\t\t\t\t<div class=\"elementor-element elementor-element-c1df3c0 elementor-align-center elementor-widget elementor-widget-button\" data-id=\"c1df3c0\" data-element_type=\"widget\" data-widget_type=\"button.default\">\n\t\t\t\t<div class=\"elementor-widget-container\">\n\t\t\t\t\t\t\t\t\t<div class=\"elementor-button-wrapper\">\n\t\t\t\t\t<a class=\"elementor-button elementor-button-link elementor-size-sm\" href=\"https:\/\/handson.pt\/pt\/teach\/\">\n\t\t\t\t\t\t<span class=\"elementor-button-content-wrapper\">\n\t\t\t\t\t\t\t\t\t<span class=\"elementor-button-text\">ENSINA<\/span>\n\t\t\t\t\t<\/span>\n\t\t\t\t\t<\/a>\n\t\t\t\t<\/div>\n\t\t\t\t\t\t\t\t<\/div>\n\t\t\t\t<\/div>\n\t\t\t\t<\/div>\n\t\t<div class=\"elementor-element elementor-element-13cc1a8 e-con-full e-flex e-con e-child\" data-id=\"13cc1a8\" data-element_type=\"container\">\n\t\t\t\t<div class=\"elementor-element elementor-element-49d06ee elementor-headline--style-highlight elementor-widget elementor-widget-animated-headline\" data-id=\"49d06ee\" data-element_type=\"widget\" data-settings=\"{&quot;highlighted_text&quot;:&quot;WE ALL LEARN&quot;,&quot;marker&quot;:&quot;double&quot;,&quot;highlight_iteration_delay&quot;:4500,&quot;headline_style&quot;:&quot;highlight&quot;,&quot;loop&quot;:&quot;yes&quot;,&quot;highlight_animation_duration&quot;:1200}\" data-widget_type=\"animated-headline.default\">\n\t\t\t\t<div class=\"elementor-widget-container\">\n\t\t\t\t\t\t\t<h3 class=\"elementor-headline\">\n\t\t\t\t<span class=\"elementor-headline-dynamic-wrapper elementor-headline-text-wrapper\">\n\t\t\t\t\t<span class=\"elementor-headline-dynamic-text elementor-headline-text-active\">TODOS APRENDEMOS<\/span>\n\t\t\t\t<\/span>\n\t\t\t\t<\/h3>\n\t\t\t\t\t\t<\/div>\n\t\t\t\t<\/div>\n\t\t\t\t<div class=\"elementor-element elementor-element-5add457 elementor-widget-laptop__width-initial elementor-widget-tablet__width-inherit elementor-widget-mobile__width-inherit elementor-widget elementor-widget-text-editor\" data-id=\"5add457\" data-element_type=\"widget\" data-widget_type=\"text-editor.default\">\n\t\t\t\t<div class=\"elementor-widget-container\">\n\t\t\t\t\t\t\t\t\t<p>Inspira-te nos nossos v\u00e1rios workshops e professores qualificados.\u00a0<\/p><p>Atrav\u00e9s do <b>Hands On<\/b> aprende algo novo que te apaixone ou que tenhas curiosidade em experimentar. Ensina novas skills \u00e0s tuas m\u00e3os!<\/p>\t\t\t\t\t\t\t\t<\/div>\n\t\t\t\t<\/div>\n\t\t\t\t<div class=\"elementor-element elementor-element-d189579 elementor-align-center elementor-widget elementor-widget-button\" data-id=\"d189579\" data-element_type=\"widget\" data-widget_type=\"button.default\">\n\t\t\t\t<div class=\"elementor-widget-container\">\n\t\t\t\t\t\t\t\t\t<div class=\"elementor-button-wrapper\">\n\t\t\t\t\t<a class=\"elementor-button elementor-button-link elementor-size-sm\" href=\"https:\/\/handson.pt\/pt\/workshops\/\">\n\t\t\t\t\t\t<span class=\"elementor-button-content-wrapper\">\n\t\t\t\t\t\t\t\t\t<span class=\"elementor-button-text\">EXPLORA<\/span>\n\t\t\t\t\t<\/span>\n\t\t\t\t\t<\/a>\n\t\t\t\t<\/div>\n\t\t\t\t\t\t\t\t<\/div>\n\t\t\t\t<\/div>\n\t\t\t\t<\/div>\n\t\t\t\t\t<\/div>\n\t\t\t\t<\/div>\n\t\t\t\t<section class=\"elementor-section elementor-top-section elementor-element elementor-element-8356e91 elementor-section-content-middle elementor-section-boxed elementor-section-height-default elementor-section-height-default\" data-id=\"8356e91\" data-element_type=\"section\" data-settings=\"{&quot;background_background&quot;:&quot;classic&quot;}\">\n\t\t\t\t\t\t\t<div class=\"elementor-background-overlay\"><\/div>\n\t\t\t\t\t\t\t<div class=\"elementor-container elementor-column-gap-default\">\n\t\t\t\t\t<div class=\"elementor-column elementor-col-50 elementor-top-column elementor-element elementor-element-455f5ae\" data-id=\"455f5ae\" data-element_type=\"column\" data-settings=\"{&quot;background_background&quot;:&quot;classic&quot;}\">\n\t\t\t<div class=\"elementor-widget-wrap elementor-element-populated\">\n\t\t\t\t\t\t<div class=\"elementor-element elementor-element-6cb08d5 elementor-widget elementor-widget-heading\" data-id=\"6cb08d5\" data-element_type=\"widget\" data-widget_type=\"heading.default\">\n\t\t\t\t<div class=\"elementor-widget-container\">\n\t\t\t\t\t<h6 class=\"elementor-heading-title elementor-size-default\">Manifesto Hands on<\/h6>\t\t\t\t<\/div>\n\t\t\t\t<\/div>\n\t\t\t\t<div class=\"elementor-element elementor-element-a852990 elementor-widget-laptop__width-inherit elementor-widget-tablet__width-inherit elementor-widget-mobile__width-inherit elementor-widget elementor-widget-text-editor\" data-id=\"a852990\" data-element_type=\"widget\" data-widget_type=\"text-editor.default\">\n\t\t\t\t<div class=\"elementor-widget-container\">\n\t\t\t\t\t\t\t\t\t<p>N\u00f3s somos como tu!\u00a0<\/p><p>Foi por isso que cri\u00e1mos esta comunidade.<\/p><p>Nunca fizemos nada como isto antes e por isso precisamos da tua ajuda.<\/p><p>No final do dia, seguimos os nossos cora\u00e7\u00f5es e acreditamos que o mundo ser\u00e1 um lugar melhor se simplesmente tentares. Est\u00e1 na altura de todos vencermos os nossos medos.<\/p><p><span style=\"font-size: inherit; background-color: var( --e-global-color-6e5343c );\">Este \u00e9 o momento\u00a0<\/span><span style=\"font-size: inherit; background-color: var( --e-global-color-6e5343c );\">para confiar em n\u00f3s mesmos e nas nossas comunidades.<\/span><\/p><p>Este \u00e9 o momento para aprendermos algo novo.<br \/>E qual \u00e9 a melhor forma de aprenderes algo novo?<br \/>...<b>hands on.<\/b><\/p>\t\t\t\t\t\t\t\t<\/div>\n\t\t\t\t<\/div>\n\t\t\t\t\t<\/div>\n\t\t<\/div>\n\t\t\t\t<div class=\"elementor-column elementor-col-50 elementor-top-column elementor-element elementor-element-0389218\" data-id=\"0389218\" data-element_type=\"column\" data-settings=\"{&quot;background_background&quot;:&quot;classic&quot;}\">\n\t\t\t<div class=\"elementor-widget-wrap elementor-element-populated\">\n\t\t\t\t\t\t<div class=\"elementor-element elementor-element-fdfbdca elementor-widget elementor-widget-image\" data-id=\"fdfbdca\" data-element_type=\"widget\" data-widget_type=\"image.default\">\n\t\t\t\t<div class=\"elementor-widget-container\">\n\t\t\t\t\t\t\t\t\t\t\t\t<figure class=\"wp-caption\">\n\t\t\t\t\t\t\t\t\t\t<img decoding=\"async\" width=\"760\" height=\"511\" src=\"https:\/\/handson.pt\/wp-content\/uploads\/2024\/05\/DSC03742-scaled-e1717436269682-1024x688.jpg\" class=\"attachment-large size-large wp-image-7174\" alt=\"\" srcset=\"https:\/\/handson.pt\/wp-content\/uploads\/2024\/05\/DSC03742-scaled-e1717436269682-1024x688.jpg 1024w, https:\/\/handson.pt\/wp-content\/uploads\/2024\/05\/DSC03742-scaled-e1717436269682-300x202.jpg 300w, https:\/\/handson.pt\/wp-content\/uploads\/2024\/05\/DSC03742-scaled-e1717436269682-768x516.jpg 768w, https:\/\/handson.pt\/wp-content\/uploads\/2024\/05\/DSC03742-scaled-e1717436269682-1536x1032.jpg 1536w, https:\/\/handson.pt\/wp-content\/uploads\/2024\/05\/DSC03742-scaled-e1717436269682-590x397.jpg 590w, https:\/\/handson.pt\/wp-content\/uploads\/2024\/05\/DSC03742-scaled-e1717436269682-997x670.jpg 997w, https:\/\/handson.pt\/wp-content\/uploads\/2024\/05\/DSC03742-scaled-e1717436269682-577x388.jpg 577w, https:\/\/handson.pt\/wp-content\/uploads\/2024\/05\/DSC03742-scaled-e1717436269682-1200x807.jpg 1200w, https:\/\/handson.pt\/wp-content\/uploads\/2024\/05\/DSC03742-scaled-e1717436269682-600x403.jpg 600w, https:\/\/handson.pt\/wp-content\/uploads\/2024\/05\/DSC03742-scaled-e1717436269682.jpg 1992w\" sizes=\"(max-width: 760px) 100vw, 760px\" \/>\t\t\t\t\t\t\t\t\t\t\t<figcaption class=\"widget-image-caption wp-caption-text\">A equipa no primeiro workshop de cozinha cantonesa. Cr\u00e9ditos de fotografia: Nairam<\/figcaption>\n\t\t\t\t\t\t\t\t\t\t<\/figure>\n\t\t\t\t\t\t\t\t\t<\/div>\n\t\t\t\t<\/div>\n\t\t\t\t\t<\/div>\n\t\t<\/div>\n\t\t\t\t\t<\/div>\n\t\t<\/section>\n\t\t<div class=\"elementor-element elementor-element-2f628dc0 e-flex e-con-boxed e-con e-parent\" data-id=\"2f628dc0\" data-element_type=\"container\" data-settings=\"{&quot;background_background&quot;:&quot;classic&quot;}\">\n\t\t\t\t\t<div class=\"e-con-inner\">\n\t\t\t\t<div class=\"elementor-element elementor-element-299a3fb1 elementor-widget__width-initial elementor-widget-tablet__width-initial elementor-widget-mobile__width-inherit elementor-invisible elementor-widget elementor-widget-icon-box\" data-id=\"299a3fb1\" data-element_type=\"widget\" data-settings=\"{&quot;_animation&quot;:&quot;fadeInUp&quot;,&quot;_animation_delay&quot;:100}\" data-widget_type=\"icon-box.default\">\n\t\t\t\t<div class=\"elementor-widget-container\">\n\t\t\t\t\t\t\t<div class=\"elementor-icon-box-wrapper\">\n\n\t\t\t\n\t\t\t\t\t\t<div class=\"elementor-icon-box-content\">\n\n\t\t\t\t\t\t\t\t\t<h2 class=\"elementor-icon-box-title\">\n\t\t\t\t\t\t<a href=\"https:\/\/handson.pt\/pt\/contacta-nos\/\" target=\"_blank\" >\n\t\t\t\t\t\t\tAinda tens d\u00favidas? <p>Estamos aqui para te ajudar. Entra em contacto connosco por e-mail ou atrav\u00e9s do chat.<\/p>\t\t\t\t\t\t<\/a>\n\t\t\t\t\t<\/h2>\n\t\t\t\t\n\t\t\t\t\n\t\t\t<\/div>\n\t\t\t\n\t\t<\/div>\n\t\t\t\t\t\t<\/div>\n\t\t\t\t<\/div>\n\t\t\t\t\t<\/div>\n\t\t\t\t<\/div>\n\t\t\t\t<\/div>","protected":false},"excerpt":{"rendered":"<p>LEARN SOMETHING NEW HANDS ON WE ARE THE COMMUNITY FOR THE BRAVE! Have you ever wanted to learn something new and didn&#8217;t know where to look? Diogo and Tom had the same struggle and that&#8217;s why they started hands on. They believe\u00a0in the power of community and that it is time that we can all [&hellip;]<\/p>\n","protected":false},"author":1,"featured_media":9220,"parent":0,"menu_order":0,"comment_status":"closed","ping_status":"closed","template":"","meta":{"footnotes":""},"class_list":["post-4645","page","type-page","status-publish","has-post-thumbnail","hentry"],"_links":{"self":[{"href":"https:\/\/handson.pt\/pt\/wp-json\/wp\/v2\/pages\/4645","targetHints":{"allow":["GET"]}}],"collection":[{"href":"https:\/\/handson.pt\/pt\/wp-json\/wp\/v2\/pages"}],"about":[{"href":"https:\/\/handson.pt\/pt\/wp-json\/wp\/v2\/types\/page"}],"author":[{"embeddable":true,"href":"https:\/\/handson.pt\/pt\/wp-json\/wp\/v2\/users\/1"}],"replies":[{"embeddable":true,"href":"https:\/\/handson.pt\/pt\/wp-json\/wp\/v2\/comments?post=4645"}],"version-history":[{"count":240,"href":"https:\/\/handson.pt\/pt\/wp-json\/wp\/v2\/pages\/4645\/revisions"}],"predecessor-version":[{"id":18927,"href":"https:\/\/handson.pt\/pt\/wp-json\/wp\/v2\/pages\/4645\/revisions\/18927"}],"wp:featuredmedia":[{"embeddable":true,"href":"https:\/\/handson.pt\/pt\/wp-json\/wp\/v2\/media\/9220"}],"wp:attachment":[{"href":"https:\/\/handson.pt\/pt\/wp-json\/wp\/v2\/media?parent=4645"}],"curies":[{"name":"wp","href":"https:\/\/api.w.org\/{rel}","templated":true}]}}