{"id":4893,"date":"2024-03-26T03:48:58","date_gmt":"2024-03-26T03:48:58","guid":{"rendered":"https:\/\/handson.pt\/reviews\/"},"modified":"2024-03-26T03:48:58","modified_gmt":"2024-03-26T03:48:58","slug":"criticas","status":"publish","type":"page","link":"https:\/\/handson.pt\/pt\/reviews\/","title":{"rendered":"Coment\u00e1rios"},"content":{"rendered":"Tens de iniciar sess\u00e3o para gerir os teus coment\u00e1rios.","protected":false},"excerpt":{"rendered":"","protected":false},"author":1,"featured_media":0,"parent":0,"menu_order":0,"comment_status":"close","ping_status":"close","template":"template-dashboard.php","meta":{"footnotes":""},"class_list":["post-4893","page","type-page","status-publish","hentry"],"_links":{"self":[{"href":"https:\/\/handson.pt\/pt\/wp-json\/wp\/v2\/pages\/4893","targetHints":{"allow":["GET"]}}],"collection":[{"href":"https:\/\/handson.pt\/pt\/wp-json\/wp\/v2\/pages"}],"about":[{"href":"https:\/\/handson.pt\/pt\/wp-json\/wp\/v2\/types\/page"}],"author":[{"embeddable":true,"href":"https:\/\/handson.pt\/pt\/wp-json\/wp\/v2\/users\/1"}],"replies":[{"embeddable":true,"href":"https:\/\/handson.pt\/pt\/wp-json\/wp\/v2\/comments?post=4893"}],"version-history":[{"count":0,"href":"https:\/\/handson.pt\/pt\/wp-json\/wp\/v2\/pages\/4893\/revisions"}],"wp:attachment":[{"href":"https:\/\/handson.pt\/pt\/wp-json\/wp\/v2\/media?parent=4893"}],"curies":[{"name":"wp","href":"https:\/\/api.w.org\/{rel}","templated":true}]}}