{"id":4895,"date":"2024-03-26T03:49:08","date_gmt":"2024-03-26T03:49:08","guid":{"rendered":"https:\/\/handson.pt\/add-listing\/"},"modified":"2024-05-13T21:09:46","modified_gmt":"2024-05-13T20:09:46","slug":"adiciona-listing","status":"publish","type":"page","link":"https:\/\/handson.pt\/pt\/add-listing\/","title":{"rendered":"Adicionar workshop"},"content":{"rendered":"<!-- <div class=\"notification notice large margin-bottom-55\">\r\n\t<h4>Don&#039;t Have an Account?<\/h4>\r\n\t<p>If you don&#039;t have an account please register using form below. A password will be automatically emailed to you.<\/p>\r\n<\/div> --><ul class=\"tabs-nav\">\n\t<li id=\"listeo-logintab-btn\" class=\"\"><a href=\"#tab1\">Iniciar sess\u00e3o<\/a><\/li>\n\t<li id=\"listeo-registration-btn\"><a href=\"#tab2\">Registar<\/a><\/li>\n<\/ul>\n\n<div class=\"tabs-container alt\">\n\n\t<!-- Login -->\n\t<div class=\"tab-content\" id=\"tab1\" style=\"display: none;\">\n\t\t\t\t\t\t<form method=\"post\" id=\"login\" class=\"login\" action=\"https:\/\/handson.pt\/wp-login.php\">\n\t\t\t\t\n\t\t\t\t\t\t\t\t<p class=\"form-row form-row-wide\">\n\t\t\t\t\t<label for=\"user_login\">\n\t\t\t\t\t\t<i class=\"sl sl-icon-user\"><\/i>\n\t\t\t\t\t\t<input placeholder=\"Nome de utilizador\/E-mail\" type=\"text\" class=\"input-text\" name=\"log\" id=\"user_login\" value=\"\" \/>\n\t\t\t\t\t<\/label>\n\t\t\t\t<\/p>\n\n\n\t\t\t\t<p class=\"form-row form-row-wide\">\n\t\t\t\t\t<label for=\"user_pass\">\n\t\t\t\t\t\t<i class=\"sl sl-icon-lock\"><\/i>\n\t\t\t\t\t\t<input placeholder=\"Palavra-passe\" class=\"input-text\" type=\"password\" name=\"pwd\" id=\"user_pass\" \/>\n\n\t\t\t\t\t<\/label>\n\t\t\t\t\t<span class=\"lost_password\">\n\t\t\t\t\t\t<a href=\"https:\/\/handson.pt\/wp-login.php?action=lostpassword\">Perdeste a tua palavra-passe?<\/a>\n\t\t\t\t\t<\/span>\n\t\t\t\t<\/p>\n\n\t\t\t\t<div class=\"form-row\">\n\t\t\t\t\t<input type=\"hidden\" id=\"login_security\" name=\"login_security\" value=\"0993153d41\" \/><input type=\"hidden\" name=\"_wp_http_referer\" value=\"\/pt\/wp-json\/wp\/v2\/pages\/4895\" \/>\t\t\t\t\t<input type=\"submit\" class=\"button border margin-top-5\" name=\"login\" value=\"Acede\" \/>\n\t\t\t\t\t<div class=\"checkboxes margin-top-10\">\n\t\t\t\t\t\t<input name=\"rememberme\" type=\"checkbox\" id=\"remember-me\" value=\"forever\" \/>\n\t\t\t\t\t\t<label for=\"remember-me\">Lembra-te de mim<\/label>\n\n\t\t\t\t\t<\/div>\n\t\t\t\t<\/div>\n\t\t\t\t<div class=\"notification error closeable\" style=\"display: none; margin-top: 20px; margin-bottom: 0px;\">\n\t\t\t\t\t<p><\/p>\n\t\t\t\t<\/div>\n\t\t\t\t<\/form>\n\t<\/div>\n\n\t<!-- Register -->\n\t<div class=\"tab-content\" id=\"tab2\" style=\"display: none;\">\n\t\t\t\t\t\t\t<form enctype=\"multipart\/form-data\" class=\"register listeo-registration-form\" id=\"register\" action=\"https:\/\/handson.pt\/wp-login.php?action=register\" method=\"post\">\n\t\t\t\t\t\t\t\t\t\t<div class=\"listeo-register-form-fields-container\">\n\t\t\t\t\t\t\t\t\t\t\t\t\t<div class=\"account-type\">\n\t\t\t\t\t\t\t\t<div>\n\t\t\t\t\t\t\t\t\t<input type=\"radio\" name=\"user_role\" id=\"freelancer-radio\" value=\"guest\" class=\"account-type-radio\"  \/>\n\t\t\t\t\t\t\t\t\t<label for=\"freelancer-radio\"><i class=\"sl sl-icon-user\"><\/i> Convidado<\/label>\n\t\t\t\t\t\t\t\t<\/div>\n\t\t\t\t\t\t\t\t\t\t\t\t\t\t\t\t\t<div>\n\t\t\t\t\t\t\t\t\t\t<input type=\"radio\" name=\"user_role\" id=\"employer-radio\" value=\"owner\" class=\"account-type-radio\"  checked \/>\n\t\t\t\t\t\t\t\t\t\t<label for=\"employer-radio\"><i class=\"sl sl-icon-briefcase\"><\/i> Propriet\u00e1rio<\/label>\n\t\t\t\t\t\t\t\t\t<\/div>\n\t\t\t\t\t\t\t\t\t\t\t\t\t\t\t<\/div>\n\t\t\t\t\t\t\t<div class=\"clearfix\"><\/div>\n\t\t\t\t\t\t\t\t\t\t\t\t\n\t\t\t\t\t\t<p class=\"form-row form-row-wide\">\n\t\t\t\t\t\t\t<label for=\"email\">\n\t\t\t\t\t\t\t\t<i class=\"sl sl-icon-envelope-open\"><\/i>\n\t\t\t\t\t\t\t\t<input required type=\"email\" placeholder=\"Endere\u00e7o de e-mail\" class=\"input-text\" name=\"email\" id=\"email\" value=\"\" \/>\n\t\t\t\t\t\t\t<\/label>\n\t\t\t\t\t\t<\/p>\n\n\t\t\t\t\t\t\n\t\t\t\t\t\t\t\t\t\t\t\t\t<p class=\"form-row form-row-wide\">\n\t\t\t\t\t\t\t\t<label for=\"first-name\">\n\t\t\t\t\t\t\t\t\t<i class=\"sl sl-icon-pencil\"><\/i>\n\t\t\t\t\t\t\t\t\t<input required placeholder=\"Nome pr\u00f3prio\" type=\"text\" name=\"first_name\" id=\"first-name\"><\/label>\n\t\t\t\t\t\t\t<\/p>\n\n\t\t\t\t\t\t\t<p class=\"form-row form-row-wide\">\n\t\t\t\t\t\t\t\t<label for=\"last-name\">\n\t\t\t\t\t\t\t\t\t<i class=\"sl sl-icon-pencil\"><\/i>\n\t\t\t\t\t\t\t\t\t<input required placeholder=\"\u00daltimo nome\" type=\"text\" name=\"last_name\" id=\"last-name\">\n\t\t\t\t\t\t\t\t<\/label>\n\t\t\t\t\t\t\t<\/p>\n\t\t\t\t\t\t\n\n\t\t\t\t\t\t\n\n\t\t\t\t\t\t<!-- \/\/extra fields -->\n\t\t\t\t\t\t<div id=\"listeo-core-registration-fields\">\n\t\t\t\t\t\t\t\t\t\t<div id=\"listeo-core-registration-owner-fields\">\r\n\t\t\t\t\t\t\t\t\t<label class=\"listeo-registration-custom-text\" id=\"listeo-registration-custom-phone\" for=\"phone\">\r\n\r\n\t\t\t\t\t\t\r\n\t\t\t\t\t\t\t<i class=\"fa fa-fas fa-mobile\"><\/i>\r\n\r\n<input type=\"text\" \r\n\tclass=\"input-text phone\" \r\n\r\n\tname=\"phone\"\r\n\t \r\n\tid=\"phone\" \r\n\tplaceholder=\"Telefone (+351)\" \r\n\tvalue=\"\" \r\n\t\r\n\t\tmaxlength=\"\" \r\n\trequired\t\t\/>\r\n\r\n\r\n\t\t\t\t\t<\/label>\r\n\t\t\t\t\t\t\t<\/div>\r\n\t\t\t\t\t\t\t\t<\/div>\n\n\n\t\t\t\t\t\t<!-- eof custom fields -->\n\n\t\t\t\t\t\t\t\t\t\t\t\t\t<p class=\"form-row form-row-wide margin-top-30 margin-bottom-30\">Nota: A tua palavra-passe ser\u00e1 gerada automaticamente e enviada para o teu endere\u00e7o de correio eletr\u00f3nico.\t\t\t\t\t\t\t<\/p>\n\t\t\t\t\t\t\n\t\t\t\t\t\t\n\t\t\t\t\t\t\t<p class=\"form-row captcha_wrapper\">\n\t\t\t\t\t\t\t<div class=\"g-recaptcha\" data-sitekey=\"6LejpRQrAAAAAKZ86O1mbk7AjhAAnIslvnHoCOyb\"><\/div>\n\t\t\t\t\t\t\t<\/p>\n\t\t\t\t\t\t\n\t\t\t\t\t\t\n\t\t\t\t\t\t\t\t\t\t\t\t\t<p class=\"form-row margin-top-10 checkboxes margin-bottom-10\">\n\t\t\t\t\t\t\t\t<input type=\"checkbox\" id=\"privacy_policy\" name=\"privacy_policy\">\n\t\t\t\t\t\t\t\t<label for=\"privacy_policy\">Aceito as <a target=\"_blank\" href=\"https:\/\/handson.pt\/pt\/privacy-policy\/\">Pol\u00edtica de Privacidade<\/a> <\/label>\n\n\t\t\t\t\t\t\t<\/p>\n\n\t\t\t\t\t\t\n\t\t\t\t\t\t\t\t\t\t\t\t\t<p class=\"form-row margin-top-10 checkboxes margin-bottom-10\">\n\t\t\t\t\t\t\t\t<input type=\"checkbox\" id=\"terms_and_conditions\" name=\"terms_and_conditions\">\n\t\t\t\t\t\t\t\t<label for=\"terms_and_conditions\">Aceito as <a target=\"_blank\" href=\"https:\/\/handson.pt\/pt\/terms-conditions\/\">Termos e condi\u00e7\u00f5es<\/a> <\/label>\n\n\t\t\t\t\t\t\t<\/p>\n\t\t\t\t\t\t\t\t\t\t\t<\/div>\n\t\t\t\t\t\n\t\t\t\t\t<input type=\"hidden\" id=\"register_security\" name=\"register_security\" value=\"0993153d41\" \/><input type=\"hidden\" name=\"_wp_http_referer\" value=\"\/pt\/wp-json\/wp\/v2\/pages\/4895\" \/>\n\t\t\t\t\t\t\t\t\t\t\t<input type=\"submit\" class=\"button border fw margin-top-10\" name=\"register\" value=\"Registar\" \/>\n\t\t\t\t\t\t\t\t\t\t<div class=\"notification error closeable\" style=\"display: none;margin-top: 20px; margin-bottom: 0px;\">\n\t\t\t\t\t\t<p><\/p>\n\t\t\t\t\t<\/div>\n\n\t\t\t\t\t<\/form>\n\n\t\t\t\t\t<div class=\"listeo-custom-fields-wrapper\">\n\t\t\t\t\t\t\t\t\t<div id=\"listeo-core-registration-owner-fields\">\r\n\t\t\t\t\t\t\t\t\t<label class=\"listeo-registration-custom-text\" id=\"listeo-registration-custom-phone\" for=\"phone\">\r\n\r\n\t\t\t\t\t\t\r\n\t\t\t\t\t\t\t<i class=\"fa fa-fas fa-mobile\"><\/i>\r\n\r\n<input type=\"text\" \r\n\tclass=\"input-text phone\" \r\n\r\n\tname=\"phone\"\r\n\t \r\n\tid=\"phone\" \r\n\tplaceholder=\"Telefone (+351)\" \r\n\tvalue=\"\" \r\n\t\r\n\t\tmaxlength=\"\" \r\n\trequired\t\t\/>\r\n\r\n\r\n\t\t\t\t\t<\/label>\r\n\t\t\t\t\t\t\t<\/div>\r\n\t\t\t\t\t\t\t\t\t\t\t<div id=\"listeo-core-registration-guest-fields\">\r\n\t\t\t\t\t\t\t\t\t<label class=\"listeo-registration-custom-text\" id=\"listeo-registration-custom-phone\" for=\"phone\">\r\n\r\n\t\t\t\t\t\t\r\n\t\t\t\t\t\t\t<i class=\"fa fa-fas fa-mobile\"><\/i>\r\n\r\n<input type=\"text\" \r\n\tclass=\"input-text phone\" \r\n\r\n\tname=\"phone\"\r\n\t \r\n\tid=\"phone\" \r\n\tplaceholder=\"Telefone (+351)\" \r\n\tvalue=\"\" \r\n\t\r\n\t\tmaxlength=\"\" \r\n\trequired\t\t\/>\r\n\r\n\r\n\t\t\t\t\t<\/label>\r\n\t\t\t\t\t\t\t<\/div>\r\n\t\t\t\t\t\t\t<\/div>\n\t\t\t\t\t<\/div>\n\n<\/div>\n\n\n<div class=\"nsl-container nsl-container-block\" data-align=\"left\"><div class=\"nsl-container-buttons\"><a href=\"https:\/\/handson.pt\/wp-login.php?loginSocial=facebook&#038;redirect=https%3A%2F%2Fhandson.pt%2Fpt%2Fwp-json%2Fwp%2Fv2%2Fpages%2F4895\" rel=\"nofollow\" aria-label=\"Continua com &lt;b&gt;Facebook&lt;\/b&gt;\" data-plugin=\"nsl\" data-action=\"connect\" data-provider=\"facebook\" data-popupwidth=\"600\" data-popupheight=\"679\" data-e-disable-page-transition=\"1\"><div class=\"nsl-button nsl-button-default nsl-button-facebook\" data-skin=\"dark\" style=\"background-color:#1877F2;\"><div class=\"nsl-button-svg-container\"><svg xmlns=\"http:\/\/www.w3.org\/2000\/svg\" viewbox=\"0 0 1365.3 1365.3\" height=\"24\" width=\"24\"><path d=\"M1365.3 682.7A682.7 682.7 0 10576 1357V880H402.7V682.7H576V532.3c0-171.1 102-265.6 257.9-265.6 74.6 0 152.8 13.3 152.8 13.3v168h-86.1c-84.8 0-111.3 52.6-111.3 106.6v128h189.4L948.4 880h-159v477a682.8 682.8 0 00576-674.3\" fill=\"#fff\"\/><\/svg><\/div><div class=\"nsl-button-label-container\">Continua com <b>Facebook<\/b><\/div><\/div><\/a><a href=\"https:\/\/handson.pt\/wp-login.php?loginSocial=google&#038;redirect=https%3A%2F%2Fhandson.pt%2Fpt%2Fwp-json%2Fwp%2Fv2%2Fpages%2F4895\" rel=\"nofollow\" aria-label=\"Continua com &lt;b&gt;Google&lt;\/b&gt;\" data-plugin=\"nsl\" data-action=\"connect\" data-provider=\"google\" data-popupwidth=\"600\" data-popupheight=\"600\" data-e-disable-page-transition=\"1\"><div class=\"nsl-button nsl-button-default nsl-button-google\" data-skin=\"light\" style=\"background-color:#fff;\"><div class=\"nsl-button-svg-container\"><svg xmlns=\"http:\/\/www.w3.org\/2000\/svg\" width=\"24\" height=\"24\" viewbox=\"0 0 24 24\"><path fill=\"#4285F4\" d=\"M20.64 12.2045c0-.6381-.0573-1.2518-.1636-1.8409H12v3.4814h4.8436c-.2086 1.125-.8427 2.0782-1.7959 2.7164v2.2581h2.9087c1.7018-1.5668 2.6836-3.874 2.6836-6.615z\"><\/path><path fill=\"#34A853\" d=\"M12 21c2.43 0 4.4673-.806 5.9564-2.1805l-2.9087-2.2581c-.8059.54-1.8368.859-3.0477.859-2.344 0-4.3282-1.5831-5.036-3.7104H3.9574v2.3318C5.4382 18.9832 8.4818 21 12 21z\"><\/path><path fill=\"#FBBC05\" d=\"M6.964 13.71c-.18-.54-.2822-1.1168-.2822-1.71s.1023-1.17.2823-1.71V7.9582H3.9573A8.9965 8.9965 0 0 0 3 12c0 1.4523.3477 2.8268.9573 4.0418L6.964 13.71z\"><\/path><path fill=\"#EA4335\" d=\"M12 6.5795c1.3214 0 2.5077.4541 3.4405 1.346l2.5813-2.5814C16.4632 3.8918 14.426 3 12 3 8.4818 3 5.4382 5.0168 3.9573 7.9582L6.964 10.29C7.6718 8.1627 9.6559 6.5795 12 6.5795z\"><\/path><\/svg><\/div><div class=\"nsl-button-label-container\">Continua com <b>Google<\/b><\/div><\/div><\/a><\/div><\/div>","protected":false},"excerpt":{"rendered":"","protected":false},"author":1,"featured_media":0,"parent":0,"menu_order":0,"comment_status":"closed","ping_status":"closed","template":"template-dashboard.php","meta":{"footnotes":""},"class_list":["post-4895","page","type-page","status-publish","hentry"],"_links":{"self":[{"href":"https:\/\/handson.pt\/pt\/wp-json\/wp\/v2\/pages\/4895","targetHints":{"allow":["GET"]}}],"collection":[{"href":"https:\/\/handson.pt\/pt\/wp-json\/wp\/v2\/pages"}],"about":[{"href":"https:\/\/handson.pt\/pt\/wp-json\/wp\/v2\/types\/page"}],"author":[{"embeddable":true,"href":"https:\/\/handson.pt\/pt\/wp-json\/wp\/v2\/users\/1"}],"replies":[{"embeddable":true,"href":"https:\/\/handson.pt\/pt\/wp-json\/wp\/v2\/comments?post=4895"}],"version-history":[{"count":1,"href":"https:\/\/handson.pt\/pt\/wp-json\/wp\/v2\/pages\/4895\/revisions"}],"predecessor-version":[{"id":6890,"href":"https:\/\/handson.pt\/pt\/wp-json\/wp\/v2\/pages\/4895\/revisions\/6890"}],"wp:attachment":[{"href":"https:\/\/handson.pt\/pt\/wp-json\/wp\/v2\/media?parent=4895"}],"curies":[{"name":"wp","href":"https:\/\/api.w.org\/{rel}","templated":true}]}}