{"id":5060,"date":"2024-03-27T19:22:01","date_gmt":"2024-03-27T19:22:01","guid":{"rendered":"https:\/\/handson.pt\/?page_id=5060"},"modified":"2024-03-27T19:30:43","modified_gmt":"2024-03-27T19:30:43","slug":"mapa-do-site","status":"publish","type":"page","link":"https:\/\/handson.pt\/pt\/sitemap\/","title":{"rendered":"Mapa do site"},"content":{"rendered":"<div data-elementor-type=\"wp-page\" data-elementor-id=\"5060\" class=\"elementor elementor-5060\" data-elementor-post-type=\"page\">\n\t\t\t\t<div class=\"elementor-element elementor-element-19bf0f6 e-flex e-con-boxed e-con e-parent\" data-id=\"19bf0f6\" data-element_type=\"container\">\n\t\t\t\t\t<div class=\"e-con-inner\">\n\t\t\t\t<div class=\"elementor-element elementor-element-18d2b4a elementor-widget elementor-widget-sitemap\" data-id=\"18d2b4a\" data-element_type=\"widget\" data-widget_type=\"sitemap.default\">\n\t\t\t\t<div class=\"elementor-widget-container\">\n\t\t\t\t\t<div class=\"elementor-sitemap-wrap\"><div class=\"elementor-sitemap-section\"><h2 class=\"elementor-sitemap-title elementor-sitemap-page-title\">Todas as p\u00e1ginas<\/h2><ul class=\"elementor-sitemap-list elementor-sitemap-page-list\"><li class=\"elementor-sitemap-item elementor-sitemap-item-page page_item page-item-32576\"><a href=\"https:\/\/handson.pt\/pt\/fjcshdofi\/\">fjcshdofi<\/a><\/li><li class=\"elementor-sitemap-item elementor-sitemap-item-page page_item page-item-30658\"><a href=\"https:\/\/handson.pt\/pt\/mailes-page\/\">p\u00e1gina de correio<\/a><\/li><li class=\"elementor-sitemap-item elementor-sitemap-item-page page_item page-item-28362\"><a href=\"https:\/\/handson.pt\/pt\/faqteachers\/\">FAQs sobre professores<\/a><\/li><li class=\"elementor-sitemap-item elementor-sitemap-item-page page_item page-item-27333\"><a href=\"https:\/\/handson.pt\/pt\/testing-page-here\/\">p\u00e1gina de testes aqui<\/a><\/li><li class=\"elementor-sitemap-item elementor-sitemap-item-page page_item page-item-27187\"><a href=\"https:\/\/handson.pt\/pt\/dashboard-user\/\">Painel de controlo<\/a><\/li><li class=\"elementor-sitemap-item elementor-sitemap-item-page page_item page-item-26686\"><a href=\"https:\/\/handson.pt\/pt\/ambassador-program\/\">Programa de Embaixadores<\/a><\/li><li class=\"elementor-sitemap-item elementor-sitemap-item-page page_item page-item-24910\"><a href=\"https:\/\/handson.pt\/pt\/clients-3\/\">Portal do cliente<\/a><\/li><li class=\"elementor-sitemap-item elementor-sitemap-item-page page_item page-item-24909\"><a href=\"https:\/\/handson.pt\/pt\/clients-2\/\">Portal do cliente<\/a><\/li><li class=\"elementor-sitemap-item elementor-sitemap-item-page page_item page-item-24908\"><a href=\"https:\/\/handson.pt\/pt\/clients\/\">Portal do cliente<\/a><\/li><li class=\"elementor-sitemap-item elementor-sitemap-item-page page_item page-item-22639\"><a href=\"https:\/\/handson.pt\/pt\/bf25-instagram-early-access\/\">#22639 (sem t\u00edtulo)<\/a><\/li><li class=\"elementor-sitemap-item elementor-sitemap-item-page page_item page-item-22258\"><a href=\"https:\/\/handson.pt\/pt\/aliete-giveaway\/\">#22258 (sem t\u00edtulo)<\/a><\/li><li class=\"elementor-sitemap-item elementor-sitemap-item-page page_item page-item-22198\"><a href=\"https:\/\/handson.pt\/pt\/bfcm25-teacher-giveaway\/\">#22198 (sem t\u00edtulo)<\/a><\/li><li class=\"elementor-sitemap-item elementor-sitemap-item-page page_item page-item-11688\"><a href=\"https:\/\/handson.pt\/pt\/elementor-11688\/\">Elementor #11688<\/a><\/li><li class=\"elementor-sitemap-item elementor-sitemap-item-page page_item page-item-20430\"><a href=\"https:\/\/handson.pt\/pt\/win-a-gift-card-nov-25-madalena\/\">Oferta do P\u00f3lo Madalena Black Friday 25<\/a><\/li><li class=\"elementor-sitemap-item elementor-sitemap-item-page page_item page-item-20346\"><a href=\"https:\/\/handson.pt\/pt\/perfect-experience-to-gift-in-2025\/\">Experi\u00eancia perfeita para oferecer em 2025<\/a><\/li><li class=\"elementor-sitemap-item elementor-sitemap-item-page page_item page-item-17971\"><a href=\"https:\/\/handson.pt\/pt\/team-building\/\">Team Building<\/a><\/li><li class=\"elementor-sitemap-item elementor-sitemap-item-page page_item page-item-15769\"><a href=\"https:\/\/handson.pt\/pt\/gift-card\/\">Cart\u00e3o de oferta<\/a><\/li><li class=\"elementor-sitemap-item elementor-sitemap-item-page page_item page-item-14568\"><a href=\"https:\/\/handson.pt\/pt\/hands-on-gift-card-terms-and-conditions\/\">Cart\u00e3o de oferta Hands On - Termos e condi\u00e7\u00f5es<\/a><\/li><li class=\"elementor-sitemap-item elementor-sitemap-item-page page_item page-item-14363\"><a href=\"https:\/\/handson.pt\/pt\/gift-card-confirmation\/\">Confirma\u00e7\u00e3o do cart\u00e3o de oferta<\/a><\/li><li class=\"elementor-sitemap-item elementor-sitemap-item-page page_item page-item-14343\"><a href=\"https:\/\/handson.pt\/pt\/gift-card-purchase\/\">Compra de um cart\u00e3o de oferta<\/a><\/li><li class=\"elementor-sitemap-item elementor-sitemap-item-page page_item page-item-14085\"><a href=\"https:\/\/handson.pt\/pt\/add-review\/\">\"Adicionar Coment\u00e1rio\"<\/a><\/li><li class=\"elementor-sitemap-item elementor-sitemap-item-page page_item page-item-13644\"><a href=\"https:\/\/handson.pt\/pt\/thank-you\/\">Obrigado<\/a><\/li><li class=\"elementor-sitemap-item elementor-sitemap-item-page page_item page-item-12653\"><a href=\"https:\/\/handson.pt\/pt\/payment-request-0-vat-regime\/\">Pedido de pagamento - 0% Regime do IVA<\/a><\/li><li class=\"elementor-sitemap-item elementor-sitemap-item-page page_item page-item-12647\"><a href=\"https:\/\/handson.pt\/pt\/payment-request-23-vat-regime\/\">Pedido de pagamento - 23% Regime de IVA<\/a><\/li><li class=\"elementor-sitemap-item elementor-sitemap-item-page page_item page-item-12407\"><a href=\"https:\/\/handson.pt\/pt\/teacher-workshops-payout-guide\/\">Guia de pagamento do professor workshops<\/a><\/li><li class=\"elementor-sitemap-item elementor-sitemap-item-page page_item page-item-11831\"><a href=\"https:\/\/handson.pt\/pt\/hands-on-cancelation-policy\/\">Pol\u00edtica de cancelamento da Hands On<\/a><\/li><li class=\"elementor-sitemap-item elementor-sitemap-item-page page_item page-item-11795\"><a href=\"https:\/\/handson.pt\/pt\/workshops\/upcoming-workshop\/\">Pr\u00f3xima oficina<\/a><\/li><li class=\"elementor-sitemap-item elementor-sitemap-item-page page_item page-item-11742\"><a href=\"https:\/\/handson.pt\/pt\/workshop-price-calculator\/\">Calculadora de pre\u00e7os dos Workshops<\/a><\/li><li class=\"elementor-sitemap-item elementor-sitemap-item-page page_item page-item-8675\"><a href=\"https:\/\/handson.pt\/pt\/%f0%9f%8c%90\/\">\ud83c\udf10<\/a><\/li><li class=\"elementor-sitemap-item elementor-sitemap-item-page page_item page-item-6957\"><a href=\"https:\/\/handson.pt\/pt\/bookings\/\">Acompanhar as reservas<\/a><\/li><li class=\"elementor-sitemap-item elementor-sitemap-item-page page_item page-item-5722\"><a href=\"https:\/\/handson.pt\/pt\/messages\/\">Mensagens<\/a><\/li><li class=\"elementor-sitemap-item elementor-sitemap-item-page page_item page-item-5577\"><a href=\"https:\/\/handson.pt\/pt\/store-listing-2\/\">Lista de lojas<\/a><\/li><li class=\"elementor-sitemap-item elementor-sitemap-item-page page_item page-item-4645\"><a href=\"https:\/\/handson.pt\/pt\/about-us-hands-on-workshops\/\">Sobre n\u00f3s<\/a><\/li><li class=\"elementor-sitemap-item elementor-sitemap-item-page page_item page-item-4367\"><a href=\"https:\/\/handson.pt\/pt\/\">In\u00edcio<\/a><\/li><li class=\"elementor-sitemap-item elementor-sitemap-item-page page_item page-item-4238\"><a href=\"https:\/\/handson.pt\/pt\/testimonials\/\">Testemunhos<\/a><\/li><li class=\"elementor-sitemap-item elementor-sitemap-item-page page_item page-item-4165\"><a href=\"https:\/\/handson.pt\/pt\/collections\/\">Colec\u00e7\u00f5es<\/a><\/li><li class=\"elementor-sitemap-item elementor-sitemap-item-page page_item page-item-4109\"><a href=\"https:\/\/handson.pt\/pt\/teach-community-hands-on\/\">Torna-te um Professor<\/a><\/li><li class=\"elementor-sitemap-item elementor-sitemap-item-page page_item page-item-4090\"><a href=\"https:\/\/handson.pt\/pt\/cookies\/\">Cookies<\/a><\/li><li class=\"elementor-sitemap-item elementor-sitemap-item-page page_item page-item-4002\"><a href=\"https:\/\/handson.pt\/pt\/terms-conditions\/\">Termos e condi\u00e7\u00f5es<\/a><\/li><li class=\"elementor-sitemap-item elementor-sitemap-item-page page_item page-item-3990\"><a href=\"https:\/\/handson.pt\/pt\/privacy-policy\/\">Pol\u00edtica de Privacidade<\/a><\/li><li class=\"elementor-sitemap-item elementor-sitemap-item-page page_item page-item-82\"><a href=\"https:\/\/handson.pt\/pt\/contact-us-hands-on\/\">Contactar-nos<\/a><\/li><li class=\"elementor-sitemap-item elementor-sitemap-item-page page_item page-item-3519 current_page_parent\"><a href=\"https:\/\/handson.pt\/pt\/blog\/\">Blog<\/a><\/li><li class=\"elementor-sitemap-item elementor-sitemap-item-page page_item page-item-1163\"><a href=\"https:\/\/handson.pt\/pt\/workshops\/\">Workshops em Lisboa<\/a><\/li><li class=\"elementor-sitemap-item elementor-sitemap-item-page page_item page-item-84\"><a href=\"https:\/\/handson.pt\/pt\/faqs\/\">FAQ'S<\/a><\/li><li class=\"elementor-sitemap-item elementor-sitemap-item-page page_item page-item-4373\"><a href=\"https:\/\/handson.pt\/pt\/my-orders\/\">As minhas encomendas<\/a><\/li><li class=\"elementor-sitemap-item elementor-sitemap-item-page page_item page-item-4384\"><a href=\"https:\/\/handson.pt\/pt\/lost-password\/\">Palavra-passe perdida<\/a><\/li><li class=\"elementor-sitemap-item elementor-sitemap-item-page page_item page-item-4385\"><a href=\"https:\/\/handson.pt\/pt\/reset-password\/\">Repor a palavra-passe<\/a><\/li><li class=\"elementor-sitemap-item elementor-sitemap-item-page page_item page-item-10412\"><a href=\"https:\/\/handson.pt\/pt\/affiliate-registration\/\">Registo de afiliados<\/a><\/li><li class=\"elementor-sitemap-item elementor-sitemap-item-page page_item page-item-10411\"><a href=\"https:\/\/handson.pt\/pt\/affiliates\/\">Painel de controlo de afiliados<\/a><\/li><\/ul><\/div><\/div>\t\t\t\t<\/div>\n\t\t\t\t<\/div>\n\t\t\t\t\t<\/div>\n\t\t\t\t<\/div>\n\t\t\t\t<\/div>","protected":false},"excerpt":{"rendered":"","protected":false},"author":1,"featured_media":0,"parent":0,"menu_order":0,"comment_status":"closed","ping_status":"closed","template":"","meta":{"footnotes":""},"class_list":["post-5060","page","type-page","status-publish","hentry"],"_links":{"self":[{"href":"https:\/\/handson.pt\/pt\/wp-json\/wp\/v2\/pages\/5060","targetHints":{"allow":["GET"]}}],"collection":[{"href":"https:\/\/handson.pt\/pt\/wp-json\/wp\/v2\/pages"}],"about":[{"href":"https:\/\/handson.pt\/pt\/wp-json\/wp\/v2\/types\/page"}],"author":[{"embeddable":true,"href":"https:\/\/handson.pt\/pt\/wp-json\/wp\/v2\/users\/1"}],"replies":[{"embeddable":true,"href":"https:\/\/handson.pt\/pt\/wp-json\/wp\/v2\/comments?post=5060"}],"version-history":[{"count":0,"href":"https:\/\/handson.pt\/pt\/wp-json\/wp\/v2\/pages\/5060\/revisions"}],"wp:attachment":[{"href":"https:\/\/handson.pt\/pt\/wp-json\/wp\/v2\/media?parent=5060"}],"curies":[{"name":"wp","href":"https:\/\/api.w.org\/{rel}","templated":true}]}}