{"id":10005,"date":"2024-10-29T22:42:05","date_gmt":"2024-10-29T22:42:05","guid":{"rendered":"https:\/\/handson.pt\/product\/introduction-to-water-surf-photography\/"},"modified":"2026-01-23T17:58:22","modified_gmt":"2026-01-23T17:58:22","slug":"introduction-to-water-surf-photography","status":"publish","type":"product","link":"https:\/\/handson.pt\/pt\/product\/introduction-to-water-surf-photography\/","title":{"rendered":"Introdu\u00e7\u00e3o \u00e0 fotografia de \u00e1gua e de surf"},"content":{"rendered":"<h4>Mergulha no excitante mundo da fotografia de \u00e1gua e de surf neste workshop pr\u00e1tico concebido para fot\u00f3grafos com conhecimentos b\u00e1sicos que est\u00e3o ansiosos por explorar as paisagens din\u00e2micas do oceano \ud83e\udd3f<\/h4>\n<p>Esta sess\u00e3o introdut\u00f3ria ir\u00e1 guiar-te atrav\u00e9s de t\u00e9cnicas essenciais, equipamento e dicas de seguran\u00e7a para captares imagens deslumbrantes dentro e fora de \u00e1gua.<\/p>\n<p><span style=\"color: #000000\"><strong>O que vais aprender:<\/strong><\/span><\/p>\n<p>Equipamento essencial: Explora c\u00e2maras, objectivas e caixas \u00e0 prova de \u00e1gua que aguentam o surf e protegem o teu equipamento em condi\u00e7\u00f5es dif\u00edceis.<\/p>\n<p>T\u00e9cnicas b\u00e1sicas de fotografia aqu\u00e1tica: Aprende a enquadrar as fotografias em condi\u00e7\u00f5es imprevis\u00edveis, a utilizar a ilumina\u00e7\u00e3o natural e a ajustar as defini\u00e7\u00f5es da c\u00e2mara para obter imagens claras e n\u00edtidas de motivos em movimento r\u00e1pido.<\/p>\n<p>Composi\u00e7\u00e3o e tempo: Compreende como captar a ess\u00eancia das ondas, a cultura do surf e as paisagens oce\u00e2nicas, aprendendo quando e onde fotografar, com dicas sobre como ler os padr\u00f5es das ondas e trabalhar com a mudan\u00e7a das mar\u00e9s.<\/p>\n<p>Seguran\u00e7a e consciencializa\u00e7\u00e3o: Descobre as melhores pr\u00e1ticas para te manteres seguro na \u00e1gua, compreender as correntes oce\u00e2nicas e manter a consci\u00eancia espacial para te protegeres a ti e ao teu equipamento.<\/p>\n<p>Atrav\u00e9s de sess\u00f5es pr\u00e1ticas guiadas, aplicar\u00e1s estas t\u00e9cnicas na costa e em \u00e1guas pouco profundas, ganhando confian\u00e7a para captar os momentos mais cativantes do oceano. Quer pretendas fotografar ondas, surfistas ou cenas costeiras, este workshop ir\u00e1 preparar-te para dares os primeiros passos na fotografia de \u00e1gua e de surf com per\u00edcia e confian\u00e7a.<\/p>\n<h4>Porqu\u00ea juntares-te a n\u00f3s?<\/h4>\n<p>Este workshop \u00e9 perfeito para fot\u00f3grafos com um conhecimento b\u00e1sico das defini\u00e7\u00f5es da c\u00e2mara que est\u00e3o ansiosos por aprender as no\u00e7\u00f5es b\u00e1sicas de fotografia dentro e \u00e0 volta da \u00e1gua.<\/p>\n<h4>O que inclui:<\/h4>\n<p>M\u00e1quinas fotogr\u00e1ficas e estojos de \u00e1gua, se n\u00e3o tiveres<br \/>\n2 impress\u00f5es das tuas fotografias<\/p>\n<p><span style=\"color: #000000\"><strong>O que \u00e9 necess\u00e1rio?<\/strong><\/span><br \/>\n- Fato de mergulho e barbatanas<\/p>\n<p>- Conhecimentos b\u00e1sicos de fotografia<\/p>\n<p>&nbsp;<\/p>\n<p>Nota: As datas do workshop poder\u00e3o sofrer altera\u00e7\u00f5es devido \u00e0s condi\u00e7\u00f5es do mar \ud83d\ude42<\/p>","protected":false},"excerpt":{"rendered":"<p>Dive into the exciting world of water and surf photography in this hands-on workshop designed for photographers with basic knowledge who are eager to explore the ocean\u2019s dynamic landscapes \ud83e\udd3f This introductory session will guide you through essential techniques, equipment, and safety tips to capture stunning images both in and around the water. What You\u2019ll [&hellip;]<\/p>\n","protected":false},"featured_media":20788,"comment_status":"open","ping_status":"closed","template":"","meta":[],"product_brand":[],"product_cat":[62],"product_tag":[201],"class_list":{"0":"post-10005","1":"product","2":"type-product","3":"status-publish","4":"has-post-thumbnail","6":"product_cat-listeo-booking","7":"product_tag-novat","9":"first","10":"instock","11":"virtual","12":"sold-individually","13":"taxable","14":"purchasable","15":"product-type-listing_booking"},"_links":{"self":[{"href":"https:\/\/handson.pt\/pt\/wp-json\/wp\/v2\/product\/10005","targetHints":{"allow":["GET"]}}],"collection":[{"href":"https:\/\/handson.pt\/pt\/wp-json\/wp\/v2\/product"}],"about":[{"href":"https:\/\/handson.pt\/pt\/wp-json\/wp\/v2\/types\/product"}],"replies":[{"embeddable":true,"href":"https:\/\/handson.pt\/pt\/wp-json\/wp\/v2\/comments?post=10005"}],"wp:featuredmedia":[{"embeddable":true,"href":"https:\/\/handson.pt\/pt\/wp-json\/wp\/v2\/media\/20788"}],"wp:attachment":[{"href":"https:\/\/handson.pt\/pt\/wp-json\/wp\/v2\/media?parent=10005"}],"wp:term":[{"taxonomy":"product_brand","embeddable":true,"href":"https:\/\/handson.pt\/pt\/wp-json\/wp\/v2\/product_brand?post=10005"},{"taxonomy":"product_cat","embeddable":true,"href":"https:\/\/handson.pt\/pt\/wp-json\/wp\/v2\/product_cat?post=10005"},{"taxonomy":"product_tag","embeddable":true,"href":"https:\/\/handson.pt\/pt\/wp-json\/wp\/v2\/product_tag?post=10005"}],"curies":[{"name":"wp","href":"https:\/\/api.w.org\/{rel}","templated":true}]}}