{"id":10027,"date":"2024-10-30T17:07:42","date_gmt":"2024-10-30T17:07:42","guid":{"rendered":"https:\/\/handson.pt\/product\/seeds-nursery-mastery\/"},"modified":"2025-09-25T15:39:29","modified_gmt":"2025-09-25T14:39:29","slug":"seeds-nursery-mastery","status":"publish","type":"product","link":"https:\/\/handson.pt\/pt\/product\/seeds-nursery-mastery\/","title":{"rendered":"Sementes e dom\u00ednio do viveiro"},"content":{"rendered":"<h3>Um workshop pr\u00e1tico que explora o cultivo de sementes e a gest\u00e3o de viveiros.<\/h3>\n<p>Aprende t\u00e9cnicas essenciais para a produ\u00e7\u00e3o de sementes, armazenamento e propaga\u00e7\u00e3o de plantas, enquanto compreendes o seu papel crucial na seguran\u00e7a alimentar e na conserva\u00e7\u00e3o da biodiversidade.<\/p>\n<p>&nbsp;<\/p>\n<h4>Porqu\u00ea juntares-te a n\u00f3s?<\/h4>\n<p>Domina compet\u00eancias pr\u00e1ticas na produ\u00e7\u00e3o sustent\u00e1vel de sementes e na gest\u00e3o de viveiros. Perfeito para jardineiros, agricultores e entusiastas que procuram desenvolver conhecimentos em propaga\u00e7\u00e3o de plantas e preserva\u00e7\u00e3o da diversidade gen\u00e9tica.<\/p>\n<p>&nbsp;<\/p>\n<h4>O que inclui:<\/h4>\n<p>\ud83c\udf31 Forma\u00e7\u00e3o te\u00f3rica e pr\u00e1tica abrangente<br \/>\nExperi\u00eancia pr\u00e1tica com v\u00e1rias t\u00e9cnicas de propaga\u00e7\u00e3o<br \/>\nCertificado de conclus\u00e3o e materiais para levar para casa<\/p>\n<p>&nbsp;<\/p>","protected":false},"excerpt":{"rendered":"<p>A hands-on workshop exploring seed cultivation and nursery management. Learn essential techniques for seed production, storage, and plant propagation while understanding their crucial role in food security and biodiversity conservation. &nbsp; Why join? Master practical skills in sustainable seed production and nursery management. Perfect for gardeners, farmers, and enthusiasts looking to develop expertise in plant [&hellip;]<\/p>\n","protected":false},"featured_media":0,"comment_status":"open","ping_status":"closed","template":"","meta":[],"product_brand":[],"product_cat":[62],"product_tag":[201],"class_list":{"0":"post-10027","1":"product","2":"type-product","3":"status-publish","5":"product_cat-listeo-booking","6":"product_tag-novat","8":"first","9":"instock","10":"virtual","11":"sold-individually","12":"taxable","13":"purchasable","14":"product-type-listing_booking"},"_links":{"self":[{"href":"https:\/\/handson.pt\/pt\/wp-json\/wp\/v2\/product\/10027","targetHints":{"allow":["GET"]}}],"collection":[{"href":"https:\/\/handson.pt\/pt\/wp-json\/wp\/v2\/product"}],"about":[{"href":"https:\/\/handson.pt\/pt\/wp-json\/wp\/v2\/types\/product"}],"replies":[{"embeddable":true,"href":"https:\/\/handson.pt\/pt\/wp-json\/wp\/v2\/comments?post=10027"}],"wp:attachment":[{"href":"https:\/\/handson.pt\/pt\/wp-json\/wp\/v2\/media?parent=10027"}],"wp:term":[{"taxonomy":"product_brand","embeddable":true,"href":"https:\/\/handson.pt\/pt\/wp-json\/wp\/v2\/product_brand?post=10027"},{"taxonomy":"product_cat","embeddable":true,"href":"https:\/\/handson.pt\/pt\/wp-json\/wp\/v2\/product_cat?post=10027"},{"taxonomy":"product_tag","embeddable":true,"href":"https:\/\/handson.pt\/pt\/wp-json\/wp\/v2\/product_tag?post=10027"}],"curies":[{"name":"wp","href":"https:\/\/api.w.org\/{rel}","templated":true}]}}