{"id":10087,"date":"2024-10-31T18:05:17","date_gmt":"2024-10-31T18:05:17","guid":{"rendered":"https:\/\/handson.pt\/product\/sourdough-pizza-making\/"},"modified":"2026-03-13T13:17:06","modified_gmt":"2026-03-13T13:17:06","slug":"sourdough-pizza-making","status":"publish","type":"product","link":"https:\/\/handson.pt\/pt\/product\/sourdough-pizza-making\/","title":{"rendered":"Masterclass de pizza artesanal de massa fermentada"},"content":{"rendered":"<h4>Mergulha na aut\u00eantica arte de fazer pizza de massa fermentada ao estilo napolitano, desde o cultivo da massa inicial at\u00e9 \u00e0s t\u00e9cnicas de cozedura perfeitas. Um workshop pr\u00e1tico e imersivo onde aprender\u00e1s a arte de criar deliciosas pizzas caseiras a partir do zero \ud83c\udf55<\/h4>\n<p>Aprende m\u00e9todos profissionais para a fermenta\u00e7\u00e3o da massa, sele\u00e7\u00e3o de ingredientes e dom\u00ednio dos fornos dom\u00e9sticos e profissionais enquanto crias as tuas pr\u00f3prias pizzas.<\/p>\n<p>&nbsp;<\/p>\n<h4>Porqu\u00ea juntares-te a n\u00f3s?<\/h4>\n<p>Perfeito tanto para iniciantes como para padeiros caseiros experientes que queiram dominar as t\u00e9cnicas tradicionais de pizza de massa fermentada. Conecta-te com outros entusiastas da comida enquanto aprendes compet\u00eancias valiosas com especialistas num ambiente pr\u00e1tico.<\/p>\n<p>&nbsp;<\/p>\n<h4>O que inclui:<\/h4>\n<p>\ud83c\udf55 Todos os materiais e ingredientes org\u00e2nicos<br \/>\n\ud83c\udf55 Orienta\u00e7\u00e3o para a cria\u00e7\u00e3o de um fermento de massa fermentada<br \/>\nT\u00e9cnicas e dicas profissionais de cozedura<br \/>\nTraz apenas o teu entusiasmo e apetite!<\/p>","protected":false},"excerpt":{"rendered":"<p>Immerse yourself in the authentic art of Neapolitan-style sourdough pizza making, from starter cultivation to perfect baking techniques. An immersive hands-on workshop where you&#8217;ll learn the art of crafting delicious, homemade pizzas from scratch \ud83c\udf55 Learn professional methods for dough fermentation, ingredient selection, and mastering both home and professional ovens while creating your own pizzas. [&hellip;]<\/p>\n","protected":false},"featured_media":0,"comment_status":"open","ping_status":"closed","template":"","meta":[],"product_brand":[],"product_cat":[62],"product_tag":[201],"class_list":{"0":"post-10087","1":"product","2":"type-product","3":"status-publish","5":"product_cat-listeo-booking","6":"product_tag-novat","8":"first","9":"instock","10":"virtual","11":"sold-individually","12":"taxable","13":"purchasable","14":"product-type-listing_booking"},"_links":{"self":[{"href":"https:\/\/handson.pt\/pt\/wp-json\/wp\/v2\/product\/10087","targetHints":{"allow":["GET"]}}],"collection":[{"href":"https:\/\/handson.pt\/pt\/wp-json\/wp\/v2\/product"}],"about":[{"href":"https:\/\/handson.pt\/pt\/wp-json\/wp\/v2\/types\/product"}],"replies":[{"embeddable":true,"href":"https:\/\/handson.pt\/pt\/wp-json\/wp\/v2\/comments?post=10087"}],"wp:attachment":[{"href":"https:\/\/handson.pt\/pt\/wp-json\/wp\/v2\/media?parent=10087"}],"wp:term":[{"taxonomy":"product_brand","embeddable":true,"href":"https:\/\/handson.pt\/pt\/wp-json\/wp\/v2\/product_brand?post=10087"},{"taxonomy":"product_cat","embeddable":true,"href":"https:\/\/handson.pt\/pt\/wp-json\/wp\/v2\/product_cat?post=10087"},{"taxonomy":"product_tag","embeddable":true,"href":"https:\/\/handson.pt\/pt\/wp-json\/wp\/v2\/product_tag?post=10087"}],"curies":[{"name":"wp","href":"https:\/\/api.w.org\/{rel}","templated":true}]}}