{"id":10951,"date":"2025-01-13T23:27:15","date_gmt":"2025-01-13T23:27:15","guid":{"rendered":"https:\/\/handson.pt\/product\/a-day-in-vertical-farming\/"},"modified":"2025-07-23T15:29:58","modified_gmt":"2025-07-23T14:29:58","slug":"a-day-in-vertical-farming","status":"publish","type":"product","link":"https:\/\/handson.pt\/pt\/product\/a-day-in-vertical-farming\/","title":{"rendered":"Um dia de Agricultura Vertical"},"content":{"rendered":"<h4>Aprende t\u00e9cnicas de agricultura vertical, conhece a equipa e suja as tuas m\u00e3os connosco! \ud83c\udf3f<\/h4>\n<p>Quem \u00e9 a Raiz?<br \/>\nA Raiz \u00e9 uma startup orientada para o impacto e que pretende mudar o sistema alimentar global para servir as pessoas e o planeta, integrando quintas verticais em \u00e1reas urbanas.<\/p>\n<p>E sque tal se fizeres parte disto, experimentando algo novo e divertido?<br \/>\nUma experi\u00eancia onde a agricultura de vanguarda, as deliciosas verduras e a divers\u00e3o se juntam no cora\u00e7\u00e3o da nossa Concept Farm, na Universidade de Ci\u00eancias.<\/p>\n<p>&nbsp;<\/p>\n<h4>Porqu\u00ea juntares-te a n\u00f3s?<\/h4>\n<p>Explora t\u00e9cnicas inovadoras de agricultura vertical, interage com a equipa apaixonada da Raiz e experimenta em primeira m\u00e3o como a agricultura sustent\u00e1vel est\u00e1 a remodelar os sistemas alimentares urbanos - tudo isto enquanto desfrutas de uma experi\u00eancia divertida e pr\u00e1tica na inovadora Concept Farm!<\/p>\n<p>&nbsp;<\/p>\n<h4>O que inclui:<\/h4>\n<p>Visita a Quinta Vertical: Visita a nossa quinta e conhece o produtor.<br \/>\n\ud83c\udf3f Workshop de Cultivo: Participa nas etapas fundamentais do processo de cultivo e lan\u00e7a as sementes!<\/p>","protected":false},"excerpt":{"rendered":"<p>Learn vertical farming techniques, meet the team and get your hands dirty with us! \ud83c\udf3f Who is Raiz? Raiz is an impact-driven startup pushing to change the global food system to serve people and planet\u00a0by integrating vertical farms in urban areas. What if you are part of this, experiencing something new and fun? An experience [&hellip;]<\/p>\n","protected":false},"featured_media":0,"comment_status":"open","ping_status":"closed","template":"","meta":[],"product_brand":[],"product_cat":[62],"product_tag":[],"class_list":{"0":"post-10951","1":"product","2":"type-product","3":"status-publish","5":"product_cat-listeo-booking","7":"first","8":"instock","9":"virtual","10":"sold-individually","11":"taxable","12":"purchasable","13":"product-type-listing_booking"},"_links":{"self":[{"href":"https:\/\/handson.pt\/pt\/wp-json\/wp\/v2\/product\/10951","targetHints":{"allow":["GET"]}}],"collection":[{"href":"https:\/\/handson.pt\/pt\/wp-json\/wp\/v2\/product"}],"about":[{"href":"https:\/\/handson.pt\/pt\/wp-json\/wp\/v2\/types\/product"}],"replies":[{"embeddable":true,"href":"https:\/\/handson.pt\/pt\/wp-json\/wp\/v2\/comments?post=10951"}],"wp:attachment":[{"href":"https:\/\/handson.pt\/pt\/wp-json\/wp\/v2\/media?parent=10951"}],"wp:term":[{"taxonomy":"product_brand","embeddable":true,"href":"https:\/\/handson.pt\/pt\/wp-json\/wp\/v2\/product_brand?post=10951"},{"taxonomy":"product_cat","embeddable":true,"href":"https:\/\/handson.pt\/pt\/wp-json\/wp\/v2\/product_cat?post=10951"},{"taxonomy":"product_tag","embeddable":true,"href":"https:\/\/handson.pt\/pt\/wp-json\/wp\/v2\/product_tag?post=10951"}],"curies":[{"name":"wp","href":"https:\/\/api.w.org\/{rel}","templated":true}]}}