{"id":11304,"date":"2025-01-28T21:02:07","date_gmt":"2025-01-28T21:02:07","guid":{"rendered":"https:\/\/handson.pt\/product\/sourdough-bread-making-workshop\/"},"modified":"2026-04-10T11:14:30","modified_gmt":"2026-04-10T10:14:30","slug":"workshop-pao-massa-mae","status":"publish","type":"product","link":"https:\/\/handson.pt\/pt\/product\/sourdough-bread-making-workshop\/","title":{"rendered":"Masterclass de P\u00e3o de Fermento: O Segredo da Fermenta\u00e7\u00e3o Natural \ud83c\udf5e"},"content":{"rendered":"<p>Nesta masterclass pr\u00e1tica, vamos ensinar-te a <strong>criar e manter um fermento de massa fermentada<\/strong> e <strong>faz o p\u00e3o de trigo cl\u00e1ssico<\/strong> utiliza este fermento natural, demonstrando todos os processos essenciais:<\/p>\n<ul>\n<li>Pesa os ingredientes<\/li>\n<li>T\u00e9cnicas de desenvolvimento do gl\u00faten<\/li>\n<li>T\u00e9cnicas de modela\u00e7\u00e3o<\/li>\n<li>Fase de fermenta\u00e7\u00e3o<\/li>\n<li>Cozinhar<\/li>\n<\/ul>\n<p>Para os entusiastas do p\u00e3o e para os curiosos <strong>fermenta\u00e7\u00e3o natural<\/strong>Esta sess\u00e3o ser\u00e1 cheia de li\u00e7\u00f5es valiosas e, claro, uma oportunidade para pores as m\u00e3os na massa!<\/p>\n<p><strong>Prepara-te para dominar os segredos do p\u00e3o caseiro e leva para casa conhecimentos que poder\u00e1s usar para recriar esta receita sempre que quiseres.<\/strong><\/p>\n<p>&nbsp;<\/p>","protected":false},"excerpt":{"rendered":"<p>In this hands-on masterclass, we will teach you how to create and maintain a sourdough starter and make classic wheat bread using this natural leavening, demonstrating all the essential processes: Weighing the ingredients Gluten development techniques Shaping techniques Fermentation stage Baking For bread enthusiasts and those curious about natural fermentation, this session will be full [&hellip;]<\/p>\n","protected":false},"featured_media":11301,"comment_status":"open","ping_status":"closed","template":"","meta":[],"product_brand":[],"product_cat":[62],"product_tag":[],"class_list":{"0":"post-11304","1":"product","2":"type-product","3":"status-publish","4":"has-post-thumbnail","6":"product_cat-listeo-booking","8":"first","9":"instock","10":"virtual","11":"sold-individually","12":"taxable","13":"purchasable","14":"product-type-listing_booking"},"_links":{"self":[{"href":"https:\/\/handson.pt\/pt\/wp-json\/wp\/v2\/product\/11304","targetHints":{"allow":["GET"]}}],"collection":[{"href":"https:\/\/handson.pt\/pt\/wp-json\/wp\/v2\/product"}],"about":[{"href":"https:\/\/handson.pt\/pt\/wp-json\/wp\/v2\/types\/product"}],"replies":[{"embeddable":true,"href":"https:\/\/handson.pt\/pt\/wp-json\/wp\/v2\/comments?post=11304"}],"wp:featuredmedia":[{"embeddable":true,"href":"https:\/\/handson.pt\/pt\/wp-json\/wp\/v2\/media\/11301"}],"wp:attachment":[{"href":"https:\/\/handson.pt\/pt\/wp-json\/wp\/v2\/media?parent=11304"}],"wp:term":[{"taxonomy":"product_brand","embeddable":true,"href":"https:\/\/handson.pt\/pt\/wp-json\/wp\/v2\/product_brand?post=11304"},{"taxonomy":"product_cat","embeddable":true,"href":"https:\/\/handson.pt\/pt\/wp-json\/wp\/v2\/product_cat?post=11304"},{"taxonomy":"product_tag","embeddable":true,"href":"https:\/\/handson.pt\/pt\/wp-json\/wp\/v2\/product_tag?post=11304"}],"curies":[{"name":"wp","href":"https:\/\/api.w.org\/{rel}","templated":true}]}}