{"id":11414,"date":"2025-01-30T21:57:26","date_gmt":"2025-01-30T21:57:26","guid":{"rendered":"https:\/\/handson.pt\/product\/soap-sculpting-workshop\/"},"modified":"2025-07-23T15:34:18","modified_gmt":"2025-07-23T14:34:18","slug":"workshop-escultura-sabao","status":"publish","type":"product","link":"https:\/\/handson.pt\/pt\/product\/soap-sculpting-workshop\/","title":{"rendered":"Workshop de Escultura em Sab\u00e3o"},"content":{"rendered":"<h4>Mergulha na arte de esculpir em sab\u00e3o neste workshop pr\u00e1tico, perfeito para grupos e para quem procura uma experi\u00eancia criativa \u00fanica \ud83e\uddfc<\/h4>\n<p>Descobre a rica hist\u00f3ria e as t\u00e9cnicas de escultura em sab\u00e3o enquanto crias a tua pr\u00f3pria obra-prima inspirada em desenhos portugueses ic\u00f3nicos como andorinhas, sardinhas e os cora\u00e7\u00f5es de Viana.<\/p>\n<p><span style=\"color: #000000;\"><strong>Destaques:<\/strong><\/span><\/p>\n<ul>\n<li>Aprende com instrutores especializados num ambiente divertido e descontra\u00eddo.<\/li>\n<li>Perfeito para grupos, despedidas de solteiro(a) e eventos de team-building<\/li>\n<li>Aceita animais de estima\u00e7\u00e3o e \u00e9 acess\u00edvel com carrinhos de beb\u00e9.<\/li>\n<\/ul>\n<p>&nbsp;<\/p>\n<h4>Porqu\u00ea juntares-te a n\u00f3s?<\/h4>\n<p>Mergulha na arte criativa da escultura em sab\u00e3o, onde aprender\u00e1s t\u00e9cnicas \u00fanicas de escultura e criar\u00e1s obras-primas bonitas e personalizadas. Este workshop \u00e9 uma experi\u00eancia divertida e pr\u00e1tica, perfeita para grupos, team-building ou apenas para um dia criativo, e sair\u00e1s com uma pe\u00e7a \u00fanica para levar para casa!<\/p>\n<p>&nbsp;<\/p>\n<h4>O que inclui:<\/h4>\n<p>\ud83e\uddfc Todos os materiais e ferramentas.<br \/>\n\ud83e\uddfc Vinho do Porto, caf\u00e9, \u00e1gua ou sumo.<br \/>\n\ud83e\uddfc Uma escultura de sab\u00e3o trabalhada para levares para casa numa caixa protetora.<\/p>\n<p>Reserva j\u00e1 para uma aventura art\u00edstica memor\u00e1vel no cora\u00e7\u00e3o do Porto! \ud83c\udfa8\u2728<\/p>","protected":false},"excerpt":{"rendered":"<p>Dive into the art of soap sculpting in this hands-on workshop, perfect for groups and anyone seeking a unique creative experience \ud83e\uddfc Discover the rich history and techniques of soap carving while crafting your own masterpiece inspired by iconic Portuguese designs like swallows, sardines, and Viana hearts. Highlights: Learn from expert instructors in a fun, [&hellip;]<\/p>\n","protected":false},"featured_media":0,"comment_status":"open","ping_status":"closed","template":"","meta":[],"product_brand":[],"product_cat":[62],"product_tag":[],"class_list":{"0":"post-11414","1":"product","2":"type-product","3":"status-publish","5":"product_cat-listeo-booking","7":"first","8":"instock","9":"virtual","10":"sold-individually","11":"taxable","12":"purchasable","13":"product-type-listing_booking"},"_links":{"self":[{"href":"https:\/\/handson.pt\/pt\/wp-json\/wp\/v2\/product\/11414","targetHints":{"allow":["GET"]}}],"collection":[{"href":"https:\/\/handson.pt\/pt\/wp-json\/wp\/v2\/product"}],"about":[{"href":"https:\/\/handson.pt\/pt\/wp-json\/wp\/v2\/types\/product"}],"replies":[{"embeddable":true,"href":"https:\/\/handson.pt\/pt\/wp-json\/wp\/v2\/comments?post=11414"}],"wp:attachment":[{"href":"https:\/\/handson.pt\/pt\/wp-json\/wp\/v2\/media?parent=11414"}],"wp:term":[{"taxonomy":"product_brand","embeddable":true,"href":"https:\/\/handson.pt\/pt\/wp-json\/wp\/v2\/product_brand?post=11414"},{"taxonomy":"product_cat","embeddable":true,"href":"https:\/\/handson.pt\/pt\/wp-json\/wp\/v2\/product_cat?post=11414"},{"taxonomy":"product_tag","embeddable":true,"href":"https:\/\/handson.pt\/pt\/wp-json\/wp\/v2\/product_tag?post=11414"}],"curies":[{"name":"wp","href":"https:\/\/api.w.org\/{rel}","templated":true}]}}