{"id":11421,"date":"2025-01-30T22:09:34","date_gmt":"2025-01-30T22:09:34","guid":{"rendered":"https:\/\/handson.pt\/product\/acrylic-painting-workshop\/"},"modified":"2026-01-07T17:56:23","modified_gmt":"2026-01-07T17:56:23","slug":"worskhop-de-pintura-em-acrilico","status":"publish","type":"product","link":"https:\/\/handson.pt\/pt\/product\/acrylic-painting-workshop\/","title":{"rendered":"Porto: Workshop de Pintura Acr\u00edlica para Grupos ou Individuais"},"content":{"rendered":"<h4>D\u00e1 vida \u00e0s tuas ideias neste curso pr\u00e1tico de pintura acr\u00edlica workshop! Reproduz um desenho de base ou cria o teu pr\u00f3prio desenho, experimentando cores, camadas e t\u00e9cnicas de pincel.<\/h4>\n<p><strong>Destaques<\/strong><\/p>\n<ul>\n<li>S\u00ea guiado por um artista profissional e professor com anos de experi\u00eancia<\/li>\n<li>Desfruta de bebidas (vinho do Porto, sumo, \u00e1gua, caf\u00e9) e de uma sele\u00e7\u00e3o de snacks<\/li>\n<li>Orienta\u00e7\u00e3o personalizada para aperfei\u00e7oar a tua t\u00e9cnica<\/li>\n<li>Todos os materiais inclu\u00eddos<\/li>\n<\/ul>\n<p>&nbsp;<\/p>\n<p><strong>Acerca do workshop<\/strong><\/p>\n<p>Perfeito para visitantes individuais, amigos, despedidas de solteiro ou de solteira, grupos e eventos de teambuilding, o workshop combina compet\u00eancias pr\u00e1ticas de pintura, express\u00e3o pessoal e um ambiente social descontra\u00eddo.<\/p>\n<p>A sess\u00e3o come\u00e7a com uma introdu\u00e7\u00e3o pr\u00e1tica \u00e0 teoria da cor, abrangendo a luz e a sombra, a mistura e os tons complementares. Utilizando uma tela acr\u00edlica de 21\u00d730 cm, explorar\u00e1s as camadas, as tonalidades e a cria\u00e7\u00e3o de efeitos visuais que d\u00e3o vida \u00e0s tuas ideias.<\/p>\n<p>Em seguida, aprender\u00e1s as principais propriedades dos acr\u00edlicos, desde t\u00e9cnicas de pincel, press\u00e3o e \u00e2ngulos at\u00e9 \u00e0 dilui\u00e7\u00e3o com \u00e1gua e ao trabalho com camadas de secagem. Praticar\u00e1s tamb\u00e9m a pintura de fundo, o velamento da cor e outras t\u00e9cnicas que ajudam cada pincelada a transmitir a tua vis\u00e3o.<\/p>\n<p>Os participantes podem optar por replicar os desenhos de base fornecidos ou criar uma composi\u00e7\u00e3o original a partir do zero, enquanto os nossos instrutores fornecem orienta\u00e7\u00e3o e feedback para aperfei\u00e7oar a t\u00e9cnica e concluir cada obra de arte.<\/p>\n<p>O workshop inclui uma sele\u00e7\u00e3o de snacks doces e salgados, bem como \u00e1gua, sumo, vinho do Porto e caf\u00e9.<\/p>\n<p>A experi\u00eancia tem lugar na Domus Arte, uma concept store dedicada ao workshops, a exposi\u00e7\u00f5es de arte e ao artesanato portugu\u00eas.<\/p>\n<p><strong>Inclui<\/strong><\/p>\n<ul>\n<li>Arte final e saco para transporte<\/li>\n<li>Desfruta de bebidas (vinho do Porto, sumo, \u00e1gua, caf\u00e9) e de uma sele\u00e7\u00e3o de snacks<\/li>\n<li>Experi\u00eancia personalizada para grupos<\/li>\n<li>Animais de servi\u00e7o permitidos<\/li>\n<li>Perto de transportes p\u00fablicos<\/li>\n<li>Acess\u00edvel a cadeiras de rodas<\/li>\n<\/ul>","protected":false},"excerpt":{"rendered":"<p>Bring your ideas to life in this hands-on acrylic painting workshop! Replicate a base design or create your own, experimenting with colors, layering, and brush techniques. Highlights Be guided by a professional artist and teacher with years of experience Enjoy drinks (Port wine, juice, water, coffee) and a selection of snacks Personalized guidance to refine [&hellip;]<\/p>\n","protected":false},"featured_media":25370,"comment_status":"open","ping_status":"closed","template":"","meta":[],"product_brand":[],"product_cat":[62],"product_tag":[],"class_list":{"0":"post-11421","1":"product","2":"type-product","3":"status-publish","4":"has-post-thumbnail","6":"product_cat-listeo-booking","8":"first","9":"instock","10":"virtual","11":"sold-individually","12":"taxable","13":"purchasable","14":"product-type-listing_booking"},"_links":{"self":[{"href":"https:\/\/handson.pt\/pt\/wp-json\/wp\/v2\/product\/11421","targetHints":{"allow":["GET"]}}],"collection":[{"href":"https:\/\/handson.pt\/pt\/wp-json\/wp\/v2\/product"}],"about":[{"href":"https:\/\/handson.pt\/pt\/wp-json\/wp\/v2\/types\/product"}],"replies":[{"embeddable":true,"href":"https:\/\/handson.pt\/pt\/wp-json\/wp\/v2\/comments?post=11421"}],"wp:featuredmedia":[{"embeddable":true,"href":"https:\/\/handson.pt\/pt\/wp-json\/wp\/v2\/media\/25370"}],"wp:attachment":[{"href":"https:\/\/handson.pt\/pt\/wp-json\/wp\/v2\/media?parent=11421"}],"wp:term":[{"taxonomy":"product_brand","embeddable":true,"href":"https:\/\/handson.pt\/pt\/wp-json\/wp\/v2\/product_brand?post=11421"},{"taxonomy":"product_cat","embeddable":true,"href":"https:\/\/handson.pt\/pt\/wp-json\/wp\/v2\/product_cat?post=11421"},{"taxonomy":"product_tag","embeddable":true,"href":"https:\/\/handson.pt\/pt\/wp-json\/wp\/v2\/product_tag?post=11421"}],"curies":[{"name":"wp","href":"https:\/\/api.w.org\/{rel}","templated":true}]}}