{"id":11641,"date":"2025-02-04T18:22:56","date_gmt":"2025-02-04T18:22:56","guid":{"rendered":"https:\/\/handson.pt\/product\/celebrate-love-friendship-with-macrame-brunch\/"},"modified":"2026-03-18T11:26:06","modified_gmt":"2026-03-18T11:26:06","slug":"celebrate-love-friendship-with-macrame-brunch","status":"publish","type":"product","link":"https:\/\/handson.pt\/pt\/product\/celebrate-love-friendship-with-macrame-brunch\/","title":{"rendered":"Workshop de Macram\u00e9 e Brunch - Celebrar o Amor e a Amizade"},"content":{"rendered":"<h4>Junta-te ao nosso Workshop de Macram\u00e9 para celebrar o amor, a amizade, a criatividade e as rela\u00e7\u00f5es! \ud83e\udea2<\/h4>\n<p>Tira um momento para te reconectares atrav\u00e9s da criatividade.<\/p>\n<p>Quer venhas com uma amiga, com a tua m\u00e3e, filha, av\u00f3 - ou simplesmente para te mimares - este workshop em macram\u00e9 oferece uma experi\u00eancia especial para partilhar ou desfrutar a solo. \u2764\ufe0f<\/p>\n<p>Junta-te a n\u00f3s num caf\u00e9 acolhedor em Cascais e aprende a criar um bonito cora\u00e7\u00e3o em macram\u00e9 - perfeito para decorar canecas, casacos, camisolas, sacos e muito mais.<\/p>\n<p>Vais aprender os n\u00f3s b\u00e1sicos do macram\u00e9, explorar a tua criatividade e desfrutar de uma manh\u00e3 relaxante completa com um delicioso brunch inclu\u00eddo. \u2615\ud83e\udd50<\/p>\n<h4>Porqu\u00ea juntares-te a n\u00f3s?<\/h4>\n<p>Este workshop \u00e9 uma mistura perfeita de criatividade, conectividade e relaxamento. Aprende as no\u00e7\u00f5es b\u00e1sicas de macram\u00e9, cria um bonito cora\u00e7\u00e3o artesanal e desfruta do ambiente acolhedor do caf\u00e9. Quer seja com um ente querido ou sozinho, celebra o amor e a amizade enquanto saboreias um delicioso brunch. Sai com uma lembran\u00e7a \u00fanica e um cora\u00e7\u00e3o cheio de recorda\u00e7\u00f5es!<\/p>\n<p>&nbsp;<\/p>\n<h4>O que inclui:<\/h4>\n<p>\ud83e\udea2 Todos os materiais de macram\u00e9 e orienta\u00e7\u00e3o passo a passo<br \/>\nCora\u00e7\u00f5es de macram\u00e9 feitos \u00e0 m\u00e3o para levares para casa<br \/>\n\ud83e\udea2 Um brunch delicioso num caf\u00e9 acolhedor<\/p>\n<p>Um presente perfeito para ti ou para partilhar. Reserva o teu lugar e vem celebrar o amor e a amizade connosco! \u2728<\/p>","protected":false},"excerpt":{"rendered":"<p>Join our Macram\u00e9 Workshop to celebrate love, friendship, creativity and connection! \ud83e\udea2 Take a moment to reconnect through creativity. Whether you come with a friend, your mother, daughter, grandmother\u2014or simply treat yourself\u2014this macram\u00e9 workshop offers a special experience to share or enjoy solo. \u2764\ufe0f Join us in a cozy caf\u00e9 in Cascais and learn how [&hellip;]<\/p>\n","protected":false},"featured_media":11637,"comment_status":"open","ping_status":"closed","template":"","meta":[],"product_brand":[],"product_cat":[62],"product_tag":[201],"class_list":{"0":"post-11641","1":"product","2":"type-product","3":"status-publish","4":"has-post-thumbnail","6":"product_cat-listeo-booking","7":"product_tag-novat","9":"first","10":"instock","11":"virtual","12":"sold-individually","13":"purchasable","14":"product-type-listing_booking"},"_links":{"self":[{"href":"https:\/\/handson.pt\/pt\/wp-json\/wp\/v2\/product\/11641","targetHints":{"allow":["GET"]}}],"collection":[{"href":"https:\/\/handson.pt\/pt\/wp-json\/wp\/v2\/product"}],"about":[{"href":"https:\/\/handson.pt\/pt\/wp-json\/wp\/v2\/types\/product"}],"replies":[{"embeddable":true,"href":"https:\/\/handson.pt\/pt\/wp-json\/wp\/v2\/comments?post=11641"}],"wp:featuredmedia":[{"embeddable":true,"href":"https:\/\/handson.pt\/pt\/wp-json\/wp\/v2\/media\/11637"}],"wp:attachment":[{"href":"https:\/\/handson.pt\/pt\/wp-json\/wp\/v2\/media?parent=11641"}],"wp:term":[{"taxonomy":"product_brand","embeddable":true,"href":"https:\/\/handson.pt\/pt\/wp-json\/wp\/v2\/product_brand?post=11641"},{"taxonomy":"product_cat","embeddable":true,"href":"https:\/\/handson.pt\/pt\/wp-json\/wp\/v2\/product_cat?post=11641"},{"taxonomy":"product_tag","embeddable":true,"href":"https:\/\/handson.pt\/pt\/wp-json\/wp\/v2\/product_tag?post=11641"}],"curies":[{"name":"wp","href":"https:\/\/api.w.org\/{rel}","templated":true}]}}