{"id":11884,"date":"2025-02-12T20:51:28","date_gmt":"2025-02-12T20:51:28","guid":{"rendered":"https:\/\/handson.pt\/product\/fire-drawing-workshop\/"},"modified":"2025-07-01T21:02:04","modified_gmt":"2025-07-01T20:02:04","slug":"fire-drawing-workshop","status":"publish","type":"product","link":"https:\/\/handson.pt\/pt\/product\/fire-drawing-workshop\/","title":{"rendered":"Oficina de desenho a fogo"},"content":{"rendered":"<h4>O fogo \u00e9 um elemento de transforma\u00e7\u00e3o. A Arta vai apresentar-te este elemento l\u00fadico e sedutor que \u00e9 um princ\u00edpio fundamental na sua pr\u00e1tica art\u00edstica \ud83d\udd25<\/h4>\n<p>Estes workshops foram concebidos para todos, desde o principiante at\u00e9 ao artista profissional que procura uma forma diferente de processar ideias e aprender novas t\u00e9cnicas.<\/p>\n<p>Os participantes s\u00e3o convidados a aprender uma t\u00e9cnica de queima de madeira desenvolvida experimentalmente que cria um efeito visual nebuloso e matizado utilizando a simbiose da chama e da superf\u00edcie org\u00e2nica com a ajuda de velas e f\u00f3sforos. A contradi\u00e7\u00e3o po\u00e9tica entre o fogo e a madeira sugere uma mem\u00f3ria da paisagem, e ser\u00e1s convidado a explorar uma express\u00e3o natural e aut\u00f3noma.<\/p>\n<p>Para al\u00e9m das t\u00e9cnicas, aprender\u00e1s tamb\u00e9m a utilizar um pir\u00f3grafo - uma ferramenta de queima de madeira que permite \"desenhar\" em superf\u00edcies de madeira. Podes criar v\u00e1rias texturas e padr\u00f5es - todas as possibilidades ser\u00e3o mostradas pelo artista.<\/p>\n<p>&nbsp;<\/p>\n<h4><strong>Porqu\u00ea juntares-te a n\u00f3s?<\/strong><\/h4>\n<p>O fogo \u00e9 o elemento que impulsiona a tua criatividade, as t\u00e9cnicas mostradas pelo artista s\u00e3o \u00fanicas, mas simples e eficazes. O artista ir\u00e1 ajudar-te com a composi\u00e7\u00e3o e todas as ideias criativas para que possas fazer uma bela obra de arte acabada.<\/p>\n<p>&nbsp;<\/p>\n<h4><strong>O que inclui:<\/strong><\/h4>\n<p>Todos os materiais necess\u00e1rios (pain\u00e9is de contraplacado, velas, f\u00f3sforos, etc.)<br \/>\nOrienta\u00e7\u00e3o durante todo o processo<br \/>\nExperi\u00eancia especial com um elemento natural<\/p>\n<p>Endere\u00e7o da regi\u00e3o workshop: Lisboa, a localiza\u00e7\u00e3o exacta tem de ser combinada mediante pedido, uma vez que n\u00e3o tenho um espa\u00e7o de est\u00fadio permanente. Al\u00e9m disso, se houver um pedido espec\u00edfico, pode ser uma regi\u00e3o diferente, estamos abertos para nos adaptarmos a todos os teus desejos.<\/p>","protected":false},"excerpt":{"rendered":"<p>Fire is an element of transformation. Arta will introduce you to this playful and seductive element that is a core principle in her artistic practice \ud83d\udd25 These workshops are designed for everybody, from the beginner to the professional artist looking for a different way to process ideas and learn new techniques. Participants are invited to [&hellip;]<\/p>\n","protected":false},"featured_media":0,"comment_status":"open","ping_status":"closed","template":"","meta":[],"product_brand":[],"product_cat":[62],"product_tag":[201],"class_list":{"0":"post-11884","1":"product","2":"type-product","3":"status-publish","5":"product_cat-listeo-booking","6":"product_tag-novat","8":"first","9":"instock","10":"virtual","11":"sold-individually","12":"taxable","13":"purchasable","14":"product-type-listing_booking"},"_links":{"self":[{"href":"https:\/\/handson.pt\/pt\/wp-json\/wp\/v2\/product\/11884","targetHints":{"allow":["GET"]}}],"collection":[{"href":"https:\/\/handson.pt\/pt\/wp-json\/wp\/v2\/product"}],"about":[{"href":"https:\/\/handson.pt\/pt\/wp-json\/wp\/v2\/types\/product"}],"replies":[{"embeddable":true,"href":"https:\/\/handson.pt\/pt\/wp-json\/wp\/v2\/comments?post=11884"}],"wp:attachment":[{"href":"https:\/\/handson.pt\/pt\/wp-json\/wp\/v2\/media?parent=11884"}],"wp:term":[{"taxonomy":"product_brand","embeddable":true,"href":"https:\/\/handson.pt\/pt\/wp-json\/wp\/v2\/product_brand?post=11884"},{"taxonomy":"product_cat","embeddable":true,"href":"https:\/\/handson.pt\/pt\/wp-json\/wp\/v2\/product_cat?post=11884"},{"taxonomy":"product_tag","embeddable":true,"href":"https:\/\/handson.pt\/pt\/wp-json\/wp\/v2\/product_tag?post=11884"}],"curies":[{"name":"wp","href":"https:\/\/api.w.org\/{rel}","templated":true}]}}