{"id":11894,"date":"2025-02-12T22:24:55","date_gmt":"2025-02-12T22:24:55","guid":{"rendered":"https:\/\/handson.pt\/product\/studio-oil-painting-drawing-workshop\/"},"modified":"2025-07-01T21:02:14","modified_gmt":"2025-07-01T20:02:14","slug":"studio-oil-painting-drawing-workshop","status":"publish","type":"product","link":"https:\/\/handson.pt\/pt\/product\/studio-oil-painting-drawing-workshop\/","title":{"rendered":"Workshop de desenho de est\u00fadio e pintura a \u00f3leo"},"content":{"rendered":"<h4>Descobre o mundo da pintura a \u00f3leo e do desenho num ambiente acolhedor e criativo na MUSO Art Gallery &amp; Studio, apresentado pela artista e professora Zuzanna Olowska Hope \ud83d\uddbc\ufe0f<\/h4>\n<p>Quer sejas um principiante ansioso por explorar os fundamentos ou um artista experiente \u00e0 procura de aperfei\u00e7oar a tua t\u00e9cnica, as nossas aulas de pintura a \u00f3leo s\u00e3o concebidas para alimentar o teu percurso art\u00edstico.<\/p>\n<p>Dirigidas por um professor apaixonado e experiente, as nossas aulas abrangem uma s\u00e9rie de compet\u00eancias - desde as bases da pintura a \u00f3leo at\u00e9 m\u00e9todos avan\u00e7ados - oferecendo orienta\u00e7\u00e3o personalizada para te ajudar a crescer como artista. Aprender\u00e1s sobre mistura de cores, pinceladas, camadas e como observar e dar profundidade e textura \u00e0 tua obra de arte. Com \u00eanfase na express\u00e3o individual, cada aula \u00e9 adaptada para te ajudar a atingir os teus objectivos art\u00edsticos \u00fanicos.<\/p>\n<p>&nbsp;<\/p>\n<h4>Porqu\u00ea juntares-te a n\u00f3s?<\/h4>\n<p>Junta-te a n\u00f3s para explorares ou aprofundares as tuas capacidades art\u00edsticas num ambiente de apoio e inspira\u00e7\u00e3o, com orienta\u00e7\u00e3o especializada, pr\u00e1tica pr\u00e1tica e todos os materiais fornecidos - perfeito para libertares a tua criatividade e cresceres como artista, independentemente do teu n\u00edvel de experi\u00eancia.<\/p>\n<p>&nbsp;<\/p>\n<h4>O que inclui:<\/h4>\n<p>\ud83d\uddbc\ufe0f Orienta\u00e7\u00e3o pr\u00e1tica: Turmas pequenas garantem aten\u00e7\u00e3o e apoio personalizados.<br \/>\n\ud83d\uddbc\ufe0f Curr\u00edculo abrangente: Aprende os fundamentos da pintura a \u00f3leo e do desenho, incluindo a teoria da cor, composi\u00e7\u00e3o e t\u00e9cnicas avan\u00e7adas.<br \/>\n\ud83d\uddbc\ufe0f Espa\u00e7o de est\u00fadio inspirador: Pinta e desenha numa atmosfera criativa na MUSO Art Gallery, onde a arte e a inspira\u00e7\u00e3o se juntam.<br \/>\n\ud83d\uddbc\ufe0f Programa\u00e7\u00e3o flex\u00edvel: Escolhe entre uma variedade de hor\u00e1rios de aulas que se adaptam \u00e0 tua agenda, com op\u00e7\u00f5es para workshops mensais e \u00fanicos.<br \/>\n\ud83d\uddbc\ufe0f Dura\u00e7\u00e3o do workshop: Cada sess\u00e3o tem a dura\u00e7\u00e3o de 2 horas.<br \/>\n\ud83d\uddbc\ufe0f Materiais fornecidos: Todos os materiais est\u00e3o inclu\u00eddos nas tuas primeiras quatro aulas e sair\u00e1s com a tua pr\u00f3pria pintura a \u00f3leo sobre tela ou desenho.<br \/>\n\u200b<br \/>\nQuer estejas interessado em naturezas mortas, retratos, paisagens ou arte abstrata, as nossas aulas ir\u00e3o equipar-te com as ferramentas para dar vida \u00e0 tua vis\u00e3o art\u00edstica. Junta-te a n\u00f3s na MUSO Art Gallery &amp; Studio e explora os meios intemporais da pintura a \u00f3leo e do desenho num espa\u00e7o que celebra a criatividade e o crescimento art\u00edstico.<\/p>","protected":false},"excerpt":{"rendered":"<p>Discover the world of oil painting and drawing in a warm and creative environment at MUSO Art Gallery &amp; Studio, hosted by artist and teacher Zuzanna Olowska Hope \ud83d\uddbc\ufe0f Whether you&#8217;re a beginner eager to explore the fundamentals or an experienced artist looking to refine your technique, our oil painting classes are designed to nurture [&hellip;]<\/p>\n","protected":false},"featured_media":0,"comment_status":"open","ping_status":"closed","template":"","meta":[],"product_brand":[],"product_cat":[62],"product_tag":[201],"class_list":{"0":"post-11894","1":"product","2":"type-product","3":"status-publish","5":"product_cat-listeo-booking","6":"product_tag-novat","8":"first","9":"instock","10":"virtual","11":"sold-individually","12":"taxable","13":"purchasable","14":"product-type-listing_booking"},"_links":{"self":[{"href":"https:\/\/handson.pt\/pt\/wp-json\/wp\/v2\/product\/11894","targetHints":{"allow":["GET"]}}],"collection":[{"href":"https:\/\/handson.pt\/pt\/wp-json\/wp\/v2\/product"}],"about":[{"href":"https:\/\/handson.pt\/pt\/wp-json\/wp\/v2\/types\/product"}],"replies":[{"embeddable":true,"href":"https:\/\/handson.pt\/pt\/wp-json\/wp\/v2\/comments?post=11894"}],"wp:attachment":[{"href":"https:\/\/handson.pt\/pt\/wp-json\/wp\/v2\/media?parent=11894"}],"wp:term":[{"taxonomy":"product_brand","embeddable":true,"href":"https:\/\/handson.pt\/pt\/wp-json\/wp\/v2\/product_brand?post=11894"},{"taxonomy":"product_cat","embeddable":true,"href":"https:\/\/handson.pt\/pt\/wp-json\/wp\/v2\/product_cat?post=11894"},{"taxonomy":"product_tag","embeddable":true,"href":"https:\/\/handson.pt\/pt\/wp-json\/wp\/v2\/product_tag?post=11894"}],"curies":[{"name":"wp","href":"https:\/\/api.w.org\/{rel}","templated":true}]}}