{"id":11925,"date":"2025-02-13T11:36:34","date_gmt":"2025-02-13T11:36:34","guid":{"rendered":"https:\/\/handson.pt\/product\/colar-de-prata-e-pendente-personalizado\/"},"modified":"2026-02-25T19:18:37","modified_gmt":"2026-02-25T19:18:37","slug":"colar-de-prata-e-pendente-personalizado","status":"publish","type":"product","link":"https:\/\/handson.pt\/pt\/product\/colar-de-prata-e-pendente-personalizado\/","title":{"rendered":"Workshop de Colar de Prata com Medalha Personalizada"},"content":{"rendered":"<h4 data-start=\"0\" data-end=\"98\">Neste workshop, vais criar um colar com um pendente personalizado com a tua inicial. Experimenta o ambiente fant\u00e1stico de um workshop de joalharia, cria uma pe\u00e7a em prata 925 e sai com a tua cria\u00e7\u00e3o \u00fanica! \ud83d\udc8e<\/h4>\n<p data-start=\"142\" data-end=\"431\">Guiado por um joalheiro experiente, vais experimentar a arte de fazer j\u00f3ias tradicionais, desde a modelagem e grava\u00e7\u00e3o at\u00e9 ao polimento da tua pe\u00e7a final. Quer sejas um principiante ou estejas simplesmente \u00e0 procura de uma experi\u00eancia \u00fanica, este workshop foi concebido para ser acess\u00edvel para todos.<\/p>\n<p data-start=\"433\" data-end=\"564\">No final da sess\u00e3o, sair\u00e1s com o teu colar de prata artesanal, uma pe\u00e7a \u00fanica feita inteiramente por ti!<\/p>\n<p data-start=\"231\" data-end=\"280\">\u00c9 tamb\u00e9m o presente perfeito para algu\u00e9m especial.<\/p>\n<h4 data-start=\"231\" data-end=\"280\">Porqu\u00ea juntares-te a n\u00f3s?<\/h4>\n<p data-start=\"231\" data-end=\"280\">Desenha e cria o teu pr\u00f3prio colar em prata 925, mergulha no mundo da joalharia e sai com uma pe\u00e7a \u00fanica para guardar!<\/p>\n<h4 data-start=\"231\" data-end=\"280\">O que inclui:<\/h4>\n<p>\ud83d\udee0\ufe0f Experi\u00eancia pr\u00e1tica de fabrico de j\u00f3ias num workshop profissional<br \/>\n\u2728 Colar de prata 925 com um pendente personalizado para levares para casa<br \/>\n\ud83d\udc69\u200d\ud83c\udfed Orienta\u00e7\u00e3o de um joalheiro especialista durante todo o processo<\/p>","protected":false},"excerpt":{"rendered":"<p>In this workshop, you will create a necklace with a personalized pendant featuring your initial. Experience the fantastic atmosphere of a jewelry workshop, craft a piece in 925 silver, and leave wearing your unique creation! \ud83d\udc8e Guided by an expert jeweler, you\u2019ll experience the artistry of traditional jewelry-making, from shaping and engraving to polishing your [&hellip;]<\/p>\n","protected":false},"featured_media":11921,"comment_status":"open","ping_status":"closed","template":"","meta":[],"product_brand":[],"product_cat":[62],"product_tag":[201],"class_list":{"0":"post-11925","1":"product","2":"type-product","3":"status-publish","4":"has-post-thumbnail","6":"product_cat-listeo-booking","7":"product_tag-novat","9":"first","10":"instock","11":"virtual","12":"sold-individually","13":"taxable","14":"purchasable","15":"product-type-listing_booking"},"_links":{"self":[{"href":"https:\/\/handson.pt\/pt\/wp-json\/wp\/v2\/product\/11925","targetHints":{"allow":["GET"]}}],"collection":[{"href":"https:\/\/handson.pt\/pt\/wp-json\/wp\/v2\/product"}],"about":[{"href":"https:\/\/handson.pt\/pt\/wp-json\/wp\/v2\/types\/product"}],"replies":[{"embeddable":true,"href":"https:\/\/handson.pt\/pt\/wp-json\/wp\/v2\/comments?post=11925"}],"wp:featuredmedia":[{"embeddable":true,"href":"https:\/\/handson.pt\/pt\/wp-json\/wp\/v2\/media\/11921"}],"wp:attachment":[{"href":"https:\/\/handson.pt\/pt\/wp-json\/wp\/v2\/media?parent=11925"}],"wp:term":[{"taxonomy":"product_brand","embeddable":true,"href":"https:\/\/handson.pt\/pt\/wp-json\/wp\/v2\/product_brand?post=11925"},{"taxonomy":"product_cat","embeddable":true,"href":"https:\/\/handson.pt\/pt\/wp-json\/wp\/v2\/product_cat?post=11925"},{"taxonomy":"product_tag","embeddable":true,"href":"https:\/\/handson.pt\/pt\/wp-json\/wp\/v2\/product_tag?post=11925"}],"curies":[{"name":"wp","href":"https:\/\/api.w.org\/{rel}","templated":true}]}}