{"id":12112,"date":"2025-02-22T14:13:12","date_gmt":"2025-02-22T14:13:12","guid":{"rendered":"https:\/\/handson.pt\/product\/mastering-steak-from-raw-to-perfectly-cooked\/"},"modified":"2025-02-22T14:13:12","modified_gmt":"2025-02-22T14:13:12","slug":"mastering-steak-from-raw-to-perfectly-cooked","status":"publish","type":"product","link":"https:\/\/handson.pt\/pt\/product\/mastering-steak-from-raw-to-perfectly-cooked\/","title":{"rendered":"Domina o bife: De cru a perfeitamente cozinhado"},"content":{"rendered":"<p>O Chef Valter e a AZCOOK apresentam-te um exclusivo <strong>bife workshop<\/strong>dedica-se a aperfei\u00e7oar a arte de cozinhar carne de vaca.<\/p>\n<p>Aprende a atingir a cozedura ideal para um bife de corte grosso, desde cru e tenro a suculento e perfeitamente cozinhado. Ao longo do processo, vamos explorar os principais tipos de cortes de carne e as suas carater\u00edsticas \u00fanicas.<\/p>\n<p>E o que \u00e9 um bom bife sem o molho perfeito? Vais dominar o ic\u00f3nico molho Marrare, uma lenda da culin\u00e1ria lisboeta, e o arrojado Chimichurri, um favorito das churrascarias sul-americanas.<\/p>\n<p><strong>Menu do Workshop:<\/strong><br \/>\n\ud83e\udd69 Corte 1: T\u00e1rtaro Cl\u00e1ssico de Novilho<br \/>\n\ud83e\udd69 Corte 2: Bife da alcatra (Vazia)<br \/>\n\ud83e\udd69 Corte 3: Entrec\u00f4te<br \/>\n\ud83e\udd63 Molhos: Marrare (\u00e0 base de caf\u00e9) e Chimichurri<br \/>\n\ud83c\udf6b Sobremesa: Brownie de Chocolate<\/p>\n<p>Perfeito para os amantes de carne e entusiastas da cozinha - n\u00e3o percas esta oportunidade de elevar o teu jogo de bifes! \ud83d\udd25\ud83e\udd69<\/p>","protected":false},"excerpt":{"rendered":"<p>Chef Valter and AZCOOK present an exclusive steak workshop, dedicated to perfecting the art of cooking beef. Learn how to achieve the ideal doneness for a thick-cut steak, from raw and tender to juicy and perfectly cooked. Along the way, we\u2019ll explore the main types of beef cuts and their unique characteristics. And what\u2019s a [&hellip;]<\/p>\n","protected":false},"featured_media":0,"comment_status":"open","ping_status":"closed","template":"","meta":[],"product_brand":[],"product_cat":[62],"product_tag":[],"class_list":{"0":"post-12112","1":"product","2":"type-product","3":"status-publish","5":"product_cat-listeo-booking","7":"first","8":"instock","9":"virtual","10":"sold-individually","11":"taxable","12":"purchasable","13":"product-type-listing_booking"},"_links":{"self":[{"href":"https:\/\/handson.pt\/pt\/wp-json\/wp\/v2\/product\/12112","targetHints":{"allow":["GET"]}}],"collection":[{"href":"https:\/\/handson.pt\/pt\/wp-json\/wp\/v2\/product"}],"about":[{"href":"https:\/\/handson.pt\/pt\/wp-json\/wp\/v2\/types\/product"}],"replies":[{"embeddable":true,"href":"https:\/\/handson.pt\/pt\/wp-json\/wp\/v2\/comments?post=12112"}],"wp:attachment":[{"href":"https:\/\/handson.pt\/pt\/wp-json\/wp\/v2\/media?parent=12112"}],"wp:term":[{"taxonomy":"product_brand","embeddable":true,"href":"https:\/\/handson.pt\/pt\/wp-json\/wp\/v2\/product_brand?post=12112"},{"taxonomy":"product_cat","embeddable":true,"href":"https:\/\/handson.pt\/pt\/wp-json\/wp\/v2\/product_cat?post=12112"},{"taxonomy":"product_tag","embeddable":true,"href":"https:\/\/handson.pt\/pt\/wp-json\/wp\/v2\/product_tag?post=12112"}],"curies":[{"name":"wp","href":"https:\/\/api.w.org\/{rel}","templated":true}]}}