{"id":12339,"date":"2025-03-07T15:36:10","date_gmt":"2025-03-07T15:36:10","guid":{"rendered":"https:\/\/handson.pt\/product\/introduction-to-ceramics-workshop\/"},"modified":"2026-04-13T12:19:20","modified_gmt":"2026-04-13T11:19:20","slug":"introduction-to-ceramics-workshop","status":"publish","type":"product","link":"https:\/\/handson.pt\/pt\/product\/introduction-to-ceramics-workshop\/","title":{"rendered":"Oficina de Introdu\u00e7\u00e3o \u00e0 Cer\u00e2mica"},"content":{"rendered":"<h4>Descobre a magia de transformar o barro em arte com m\u00e3os autom\u00e1ticas! Esta cer\u00e2mica workshop \u00e9 ideal para iniciantes e apaixonados pela criatividade, oferecendo uma experi\u00eancia enriquecedora e personalizada \ud83c\udffa<\/h4>\n<p>Durante a sess\u00e3o, aprender\u00e1s v\u00e1rias t\u00e9cnicas manuais de cer\u00e2mica, como a modelagem, a pintura e a decora\u00e7\u00e3o. Orientamos cada participante positivo a desenvolver uma ou mais pe\u00e7as \u00e0 sua escolha, utilizando as t\u00e9cnicas e estilos que preferir. No final, as tuas cria\u00e7\u00f5es ser\u00e3o \u00fanicas, reflectindo a tua imagina\u00e7\u00e3o e estilo pessoal.<\/p>\n<p>Ap\u00f3s o workshop, as pe\u00e7as ficar\u00e3o no atelier para serem cozidas. Entraremos em contacto contigo para marcar o dia da tua recolha, garantindo que as tuas pe\u00e7as est\u00e3o prontas para serem usadas ou decoradas.<\/p>\n<p>&nbsp;<\/p>\n<h4>Porqu\u00ea juntares-te a n\u00f3s?<\/h4>\n<p>D\u00e1 asas \u00e0 tua criatividade, aprende t\u00e9cnicas essenciais de cer\u00e2mica e leva para casa uma pe\u00e7a \u00fanica feita \u00e0 m\u00e3o, tudo num ambiente divertido e relaxante!<\/p>\n<p>&nbsp;<\/p>\n<h4>O que inclui:<\/h4>\n<p>Todos os materiais, ferramentas e argila<br \/>\nOrienta\u00e7\u00e3o pr\u00e1tica em modela\u00e7\u00e3o, pintura e decora\u00e7\u00e3o de cer\u00e2mica<br \/>\nQueima das tuas pe\u00e7as, prontas para serem recolhidas ap\u00f3s a conclus\u00e3o<br \/>\nUma cria\u00e7\u00e3o artesanal \u00fanica para levares para casa<\/p>\n<p>N\u00e3o percas a oportunidade de participar nesta experi\u00eancia criativa e levar para casa pe\u00e7as exclusivas feitas por ti. Reserva j\u00e1 o teu lugar!<\/p>","protected":false},"excerpt":{"rendered":"<p>Discover the magic of turning clay into art with automatic hands! This ceramic workshop is ideal for beginners and those passionate about creativity, offering an enriching and personalized experience \ud83c\udffa During the session, you will learn various manual ceramic techniques, such as modeling, painting and decorating. We guide each positive participant to develop one or [&hellip;]<\/p>\n","protected":false},"featured_media":12337,"comment_status":"open","ping_status":"closed","template":"","meta":[],"product_brand":[],"product_cat":[62],"product_tag":[],"class_list":{"0":"post-12339","1":"product","2":"type-product","3":"status-publish","4":"has-post-thumbnail","6":"product_cat-listeo-booking","8":"first","9":"instock","10":"virtual","11":"sold-individually","12":"taxable","13":"purchasable","14":"product-type-listing_booking"},"_links":{"self":[{"href":"https:\/\/handson.pt\/pt\/wp-json\/wp\/v2\/product\/12339","targetHints":{"allow":["GET"]}}],"collection":[{"href":"https:\/\/handson.pt\/pt\/wp-json\/wp\/v2\/product"}],"about":[{"href":"https:\/\/handson.pt\/pt\/wp-json\/wp\/v2\/types\/product"}],"replies":[{"embeddable":true,"href":"https:\/\/handson.pt\/pt\/wp-json\/wp\/v2\/comments?post=12339"}],"wp:featuredmedia":[{"embeddable":true,"href":"https:\/\/handson.pt\/pt\/wp-json\/wp\/v2\/media\/12337"}],"wp:attachment":[{"href":"https:\/\/handson.pt\/pt\/wp-json\/wp\/v2\/media?parent=12339"}],"wp:term":[{"taxonomy":"product_brand","embeddable":true,"href":"https:\/\/handson.pt\/pt\/wp-json\/wp\/v2\/product_brand?post=12339"},{"taxonomy":"product_cat","embeddable":true,"href":"https:\/\/handson.pt\/pt\/wp-json\/wp\/v2\/product_cat?post=12339"},{"taxonomy":"product_tag","embeddable":true,"href":"https:\/\/handson.pt\/pt\/wp-json\/wp\/v2\/product_tag?post=12339"}],"curies":[{"name":"wp","href":"https:\/\/api.w.org\/{rel}","templated":true}]}}