{"id":12494,"date":"2025-03-21T11:26:50","date_gmt":"2025-03-21T11:26:50","guid":{"rendered":"https:\/\/handson.pt\/product\/coffee-film-process-workshop-to-validate-dates\/"},"modified":"2026-03-14T19:42:58","modified_gmt":"2026-03-14T19:42:58","slug":"coffee-film-process-workshop-to-validate-dates","status":"publish","type":"product","link":"https:\/\/handson.pt\/pt\/product\/coffee-film-process-workshop-to-validate-dates\/","title":{"rendered":"Workshop sobre o processo da pel\u00edcula de caf\u00e9"},"content":{"rendered":"<p>Faz tu mesmo a c\u00e2mara escura: Oficina de revela\u00e7\u00e3o do teu pr\u00f3prio filme a preto e branco<br \/>\nTransforma os teus aspectos negativos enquanto bebes caf\u00e9 em boa companhia!<\/p>\n<p>Alguma vez te perguntaste o que acontece entre o clique do obturador e a visualiza\u00e7\u00e3o das imagens finais? Demystifica a magia da revela\u00e7\u00e3o de pel\u00edcula neste workshop pr\u00e1tico onde vais processar o teu pr\u00f3prio rolo a P&amp;B enquanto desfrutas de uma pausa para caf\u00e9 descontra\u00edda. N\u00e3o precisas de ter experi\u00eancia - basta trazeres um rolo de fotografias e sa\u00edres com a satisfa\u00e7\u00e3o de teres revelado a tua pr\u00f3pria pel\u00edcula!<\/p>\n<p>Porqu\u00ea juntares-te a n\u00f3s?<\/p>\n<p>\ud83c\udf9e\ufe0f Experimenta a satisfa\u00e7\u00e3o de transformar a pel\u00edcula exposta em negativos<\/p>\n<p>Desfruta de um bom caf\u00e9 e conversa enquanto a tua qu\u00edmica faz a sua magia<\/p>\n<p>Aprende uma compet\u00eancia pr\u00e1tica que te vai poupar dinheiro e aumentar o teu conjunto de ferramentas criativas<\/p>\n<p>Assume o controlo do teu processo de fotografia anal\u00f3gica do in\u00edcio ao fim<\/p>\n<p>O que inclui:<br \/>\n- Todos os produtos qu\u00edmicos e equipamentos necess\u00e1rios para desenvolver o teu rolo<br \/>\n- Orienta\u00e7\u00e3o especializada em cada etapa do processo de desenvolvimento<br \/>\n- Um caf\u00e9 quente para desfrutares durante o tempo de desenvolvimento<br \/>\n- Digitaliza\u00e7\u00f5es digitais dos teus negativos entregues posteriormente na tua caixa de correio<\/p>\n<p>Nota: Este workshop \u00e9 perfeito para entusiastas da fotografia com pel\u00edcula de todos os n\u00edveis que queiram dar um passo em frente na sua viagem anal\u00f3gica. Traz um rolo de filme a P&amp;B (qualquer ISO, qualquer c\u00e2mara) e descobre a sensa\u00e7\u00e3o de poder desenvolver o teu pr\u00f3prio trabalho!<\/p>\n<p>Vagas limitadas! Reserva j\u00e1 em handson.pt e d\u00e1 o pr\u00f3ximo passo na tua aventura fotogr\u00e1fica com filme!<\/p>","protected":false},"excerpt":{"rendered":"<p>DIY Darkroom: Develop Your Own B&amp;W Film Workshop Transform your negatives while sipping coffee in good company! Ever wondered what happens between clicking your shutter and seeing your final images? Demystify the magic of film development in this hands-on workshop where you&#8217;ll process your own B&amp;W roll while enjoying a relaxed coffee break. No experience [&hellip;]<\/p>\n","protected":false},"featured_media":0,"comment_status":"open","ping_status":"closed","template":"","meta":[],"product_brand":[],"product_cat":[62],"product_tag":[],"class_list":{"0":"post-12494","1":"product","2":"type-product","3":"status-publish","5":"product_cat-listeo-booking","7":"first","8":"instock","9":"virtual","10":"sold-individually","11":"taxable","12":"purchasable","13":"product-type-listing_booking"},"_links":{"self":[{"href":"https:\/\/handson.pt\/pt\/wp-json\/wp\/v2\/product\/12494","targetHints":{"allow":["GET"]}}],"collection":[{"href":"https:\/\/handson.pt\/pt\/wp-json\/wp\/v2\/product"}],"about":[{"href":"https:\/\/handson.pt\/pt\/wp-json\/wp\/v2\/types\/product"}],"replies":[{"embeddable":true,"href":"https:\/\/handson.pt\/pt\/wp-json\/wp\/v2\/comments?post=12494"}],"wp:attachment":[{"href":"https:\/\/handson.pt\/pt\/wp-json\/wp\/v2\/media?parent=12494"}],"wp:term":[{"taxonomy":"product_brand","embeddable":true,"href":"https:\/\/handson.pt\/pt\/wp-json\/wp\/v2\/product_brand?post=12494"},{"taxonomy":"product_cat","embeddable":true,"href":"https:\/\/handson.pt\/pt\/wp-json\/wp\/v2\/product_cat?post=12494"},{"taxonomy":"product_tag","embeddable":true,"href":"https:\/\/handson.pt\/pt\/wp-json\/wp\/v2\/product_tag?post=12494"}],"curies":[{"name":"wp","href":"https:\/\/api.w.org\/{rel}","templated":true}]}}