{"id":12500,"date":"2025-03-21T11:35:44","date_gmt":"2025-03-21T11:35:44","guid":{"rendered":"https:\/\/handson.pt\/product\/photo-theory-for-dummies\/"},"modified":"2025-10-02T17:17:50","modified_gmt":"2025-10-02T16:17:50","slug":"photo-theory-for-dummies","status":"publish","type":"product","link":"https:\/\/handson.pt\/pt\/product\/photo-theory-for-dummies\/","title":{"rendered":"Workshop de Teoria da Fotografia para Tot\u00f3s"},"content":{"rendered":"<h4>Compreende finalmente o que fazem todos aqueles mostradores e n\u00fameros!  Resgata essa bela c\u00e2mara de filmar da confus\u00e3o e desbloqueia todo o seu potencial! \ud83d\udcf7<\/h4>\n<p>Neste workshop pr\u00e1tico, vamos demystificar a exposi\u00e7\u00e3o, os f-stops, as velocidades do obturador e todos os conceitos de fotografia intimidantes que t\u00eam mantido a tua c\u00e2mara a ganhar p\u00f3. Entra confuso e sai confiante!<\/p>\n<p>&nbsp;<\/p>\n<h4>Porqu\u00ea juntares-te a n\u00f3s?<\/h4>\n<p>Transforma-te de \"clicar aleatoriamente\" em \"criar intencionalmente\"<\/p>\n<p>Descodifica o tri\u00e2ngulo de exposi\u00e7\u00e3o de uma vez por todas<\/p>\n<p>\u2699\ufe0f Conhece as carater\u00edsticas \u00fanicas e as peculiaridades da TUA c\u00e2mara<\/p>\n<p>Constr\u00f3i uma base s\u00f3lida de teoria da fotografia que funciona em todas as c\u00e2maras<\/p>\n<p>&nbsp;<\/p>\n<h4>O que inclui:<\/h4>\n<p>3 horas de aulas de fotografia pr\u00e1ticas e sem sentido<br \/>\nExplora\u00e7\u00e3o pr\u00e1tica da mec\u00e2nica da tua c\u00e2mara espec\u00edfica<br \/>\nExplica\u00e7\u00e3o clara dos tipos de pel\u00edcula e da forma como afectam as tuas imagens<br \/>\n\ud83d\udcf7 O conhecimento para acertares sempre na tua exposi\u00e7\u00e3o (adeus filme desperdi\u00e7ado!)<\/p>\n<p>&nbsp;<\/p>\n<p>Nota: Traz a tua pr\u00f3pria c\u00e2mara de filmar para uma orienta\u00e7\u00e3o personalizada, ou usa uma das nossas se ainda estiveres a comprar. Este workshop \u00e9 perfeito para principiantes, para os mais intimidados ou para quem tem estado a fotografar em autom\u00e1tico e quer assumir o controlo criativo!<\/p>\n<p>Vagas limitadas! Reserva agora e deixa de pensar porque \u00e9 que as tuas fotografias n\u00e3o correspondem \u00e0 tua vis\u00e3o!<\/p>","protected":false},"excerpt":{"rendered":"<p>Finally understand what all those dials and numbers actually do!\u00a0 Rescue that beautiful film camera from confusion and unlock its full potential! \ud83d\udcf7 In this hands-on workshop, we&#8217;ll demystify exposure, f-stops, shutter speeds, and all those intimidating photography concepts that have kept your camera gathering dust. Walk in confused, walk out confident! &nbsp; Why join? [&hellip;]<\/p>\n","protected":false},"featured_media":0,"comment_status":"open","ping_status":"closed","template":"","meta":[],"product_brand":[],"product_cat":[62],"product_tag":[],"class_list":{"0":"post-12500","1":"product","2":"type-product","3":"status-publish","5":"product_cat-listeo-booking","7":"first","8":"instock","9":"virtual","10":"sold-individually","11":"taxable","12":"purchasable","13":"product-type-listing_booking"},"_links":{"self":[{"href":"https:\/\/handson.pt\/pt\/wp-json\/wp\/v2\/product\/12500","targetHints":{"allow":["GET"]}}],"collection":[{"href":"https:\/\/handson.pt\/pt\/wp-json\/wp\/v2\/product"}],"about":[{"href":"https:\/\/handson.pt\/pt\/wp-json\/wp\/v2\/types\/product"}],"replies":[{"embeddable":true,"href":"https:\/\/handson.pt\/pt\/wp-json\/wp\/v2\/comments?post=12500"}],"wp:attachment":[{"href":"https:\/\/handson.pt\/pt\/wp-json\/wp\/v2\/media?parent=12500"}],"wp:term":[{"taxonomy":"product_brand","embeddable":true,"href":"https:\/\/handson.pt\/pt\/wp-json\/wp\/v2\/product_brand?post=12500"},{"taxonomy":"product_cat","embeddable":true,"href":"https:\/\/handson.pt\/pt\/wp-json\/wp\/v2\/product_cat?post=12500"},{"taxonomy":"product_tag","embeddable":true,"href":"https:\/\/handson.pt\/pt\/wp-json\/wp\/v2\/product_tag?post=12500"}],"curies":[{"name":"wp","href":"https:\/\/api.w.org\/{rel}","templated":true}]}}