{"id":12638,"date":"2025-03-27T12:09:01","date_gmt":"2025-03-27T12:09:01","guid":{"rendered":"https:\/\/handson.pt\/product\/from-seed-to-seen-%f0%9f%8c%b1%e2%9c%89creative-expression-through-painting-aconchego%f0%9f%8c%88\/"},"modified":"2025-07-02T20:12:42","modified_gmt":"2025-07-02T19:12:42","slug":"from-seed-to-seen-%f0%9f%8c%b1%e2%9c%89creative-expression-through-painting-aconchego%f0%9f%8c%88","status":"publish","type":"product","link":"https:\/\/handson.pt\/pt\/product\/from-seed-to-seen-%f0%9f%8c%b1%e2%9c%89creative-expression-through-painting-aconchego%f0%9f%8c%88\/","title":{"rendered":"Oficina \"Da semente ao visto\": Express\u00e3o criativa atrav\u00e9s da pintura"},"content":{"rendered":"<h4><strong>Que cores t\u00eam o peso do teu sil\u00eancio? <\/strong>Junta-te a n\u00f3s para uma noite criativa e expressiva de pintura, reflex\u00e3o e liga\u00e7\u00e3o na Casa Aconchego \ud83c\udf08<\/h4>\n<p>Este n\u00e3o \u00e9 apenas um workshop, \u00e9 um ritual primaveril de emerg\u00eancia, um espa\u00e7o seguro para revelares a tua verdade e uma celebra\u00e7\u00e3o do devir.<br \/>\nUsando envelopes como recipientes simb\u00f3licos e tinta como linguagem, vamos explorar as mensagens que nunca envi\u00e1mos, os sentimentos que n\u00e3o conseguimos nomear e as partes de n\u00f3s pr\u00f3prios prontas a florescer. Esta sess\u00e3o \u00e9 inspirada na esta\u00e7\u00e3o do crescimento, no peso das verdades n\u00e3o ditas e na suave coragem de nos tornarmos.<\/p>\n<p><strong>Hor\u00e1rio:<\/strong> A partir das 18 horas em ponto at\u00e9 \u00e0s 20 horas<br \/>\n<strong>Taxa:<\/strong> \u20ac20\/sess\u00e3o (todos os materiais inclu\u00eddos)<\/p>\n<p>&nbsp;<\/p>\n<h4><strong>Porqu\u00ea juntares-te a n\u00f3s?<\/strong><\/h4>\n<p>Usa a pintura intuitiva para explorar a tua paisagem interior<br \/>\nLiga-te a uma comunidade de criativos com ideias semelhantes<br \/>\nExpressa o que as palavras n\u00e3o conseguem conter<br \/>\nTransforma os envelopes em obras de arte florescentes da tua verdade pessoal<\/p>\n<p>&nbsp;<\/p>\n<h4>O que inclui:<\/h4>\n<p class=\"\" data-start=\"20\" data-end=\"55\">Todos os materiais de pintura e consum\u00edveis<br \/>\nProcesso criativo e reflex\u00e3o guiados<br \/>\nUm ambiente seguro e de apoio \u00e0 auto-express\u00e3o<br \/>\nUm espa\u00e7o para criares as tuas pr\u00f3prias obras de arte e mensagens pessoais<\/p>\n<p><span style=\"color: #000000;\"><strong>A quem se destina este workshop:<\/strong><\/span><br \/>\nEste workshop est\u00e1 aberto a todos os membros da comunidade LGBTQIA+, amigos e qualquer pessoa que queira explorar a sua identidade, expressar-se criativamente e promover um sentido mais profundo de auto-consci\u00eancia e orgulho. N\u00e3o \u00e9 necess\u00e1ria qualquer experi\u00eancia art\u00edstica pr\u00e9via - apenas um cora\u00e7\u00e3o aberto e vontade de explorar.<\/p>\n<p>Os lugares s\u00e3o limitados, por isso certifica-te de que garantes o teu lugar.<\/p>\n<p>Vamos pintar, refletir e passar do Semeado ao Visto, juntos. \ud83d\udc96<strong><br \/>\n<\/strong>Deixa que a tua mola interior se desenvolva.   \ud83c\udfa8<br \/>\n.<br \/>\n.<\/p>\n<p>PS: O workshop come\u00e7a \u00e0s 18 horas em ponto.<br \/>\nCertifica-te de que chegas a tempo.<\/p>","protected":false},"excerpt":{"rendered":"<p>What colors hold the weight of your silence? Join us for a creative, expressive evening of painting, reflection, and connection at Aconchego House \ud83c\udf08 This is not just a workshop, it&#8217;s a spring ritual of emergence, a safe space to unfold your truth, and a celebration of becoming. Using\u00a0envelopes as symbolic containers\u00a0and\u00a0paint as our language, [&hellip;]<\/p>\n","protected":false},"featured_media":0,"comment_status":"open","ping_status":"closed","template":"","meta":[],"product_brand":[],"product_cat":[62],"product_tag":[],"class_list":{"0":"post-12638","1":"product","2":"type-product","3":"status-publish","5":"product_cat-listeo-booking","7":"first","8":"instock","9":"virtual","10":"sold-individually","11":"taxable","12":"purchasable","13":"product-type-listing_booking"},"_links":{"self":[{"href":"https:\/\/handson.pt\/pt\/wp-json\/wp\/v2\/product\/12638","targetHints":{"allow":["GET"]}}],"collection":[{"href":"https:\/\/handson.pt\/pt\/wp-json\/wp\/v2\/product"}],"about":[{"href":"https:\/\/handson.pt\/pt\/wp-json\/wp\/v2\/types\/product"}],"replies":[{"embeddable":true,"href":"https:\/\/handson.pt\/pt\/wp-json\/wp\/v2\/comments?post=12638"}],"wp:attachment":[{"href":"https:\/\/handson.pt\/pt\/wp-json\/wp\/v2\/media?parent=12638"}],"wp:term":[{"taxonomy":"product_brand","embeddable":true,"href":"https:\/\/handson.pt\/pt\/wp-json\/wp\/v2\/product_brand?post=12638"},{"taxonomy":"product_cat","embeddable":true,"href":"https:\/\/handson.pt\/pt\/wp-json\/wp\/v2\/product_cat?post=12638"},{"taxonomy":"product_tag","embeddable":true,"href":"https:\/\/handson.pt\/pt\/wp-json\/wp\/v2\/product_tag?post=12638"}],"curies":[{"name":"wp","href":"https:\/\/api.w.org\/{rel}","templated":true}]}}