{"id":13459,"date":"2025-05-02T17:36:47","date_gmt":"2025-05-02T16:36:47","guid":{"rendered":"https:\/\/handson.pt\/product\/italian-creative-flavours-workshop\/"},"modified":"2025-06-07T20:59:35","modified_gmt":"2025-06-07T19:59:35","slug":"italian-creative-flavours-workshop","status":"publish","type":"product","link":"https:\/\/handson.pt\/pt\/product\/italian-creative-flavours-workshop\/","title":{"rendered":"Workshop de sabores criativos italianos"},"content":{"rendered":"<h4>Workshop de cozinha italiana criativa com a Chef Luisiana Zappa. Reimagina os cl\u00e1ssicos italianos com um toque moderno e orientado para o chef! \ud83e\uddc0<\/h4>\n<p>Experimenta a magia da cozinha italiana contempor\u00e2nea com a apaixonada Chef Luisiana Zappa! Neste workshop pr\u00e1tico, vais descobrir como as t\u00e9cnicas e os sabores tradicionais podem ser transformados em pratos inovadores que surpreendem e encantam. Aprende segredos profissionais, reviravoltas criativas e habilidades para levar para casa que ir\u00e3o elevar a tua cozinha caseira \u00e0 qualidade de um restaurante.<\/p>\n<p>Menu<\/p>\n<p>Esferas de parmes\u00e3o fritas com molho de tomate e folha de manjeric\u00e3o cristalizado<br \/>\nFatias de pesco\u00e7o de porco recheadas com mortadela, queijo pecorino e guanciale<br \/>\nCrumble de p\u00eassego com texturas e sabores perfeitamente equilibrados<\/p>\n<p>&nbsp;<\/p>\n<h4>Porqu\u00ea juntares-te a n\u00f3s?<\/h4>\n<p>Domina a t\u00e9cnica de criar iguarias fritas centradas em fus\u00e3o e com uma croc\u00e2ncia perfeita<\/p>\n<p>Aprende a arte de dispor em camadas as carnes curadas e os queijos italianos para obteres o m\u00e1ximo impacto de sabor<\/p>\n<p>Descobre o segredo do chef para cristalizar as ervas para obteres beleza visual e sabor<\/p>\n<p>Aperfei\u00e7oa o equil\u00edbrio entre a fruta e o crocante nas sobremesas cl\u00e1ssicas<\/p>\n<p>&nbsp;<\/p>\n<h4>O que inclui:<\/h4>\n<p>Todos os ingredientes de primeira qualidade necess\u00e1rios para estas sofisticadas cria\u00e7\u00f5es italianas<br \/>\nInstru\u00e7\u00e3o especializada da Chef Luisiana Zappa ao longo de cada prepara\u00e7\u00e3o<br \/>\n\ud83e\uddc0 T\u00e9cnicas profissionais adaptadas \u00e0 tua cozinha dom\u00e9stica<br \/>\nUma refei\u00e7\u00e3o descontra\u00edda e de conv\u00edvio para desfrutares de tudo o que preparaste<br \/>\nPartilha receitas e hist\u00f3rias culin\u00e1rias \u00e0 volta da mesa<\/p>\n<p>Nota: Este workshop combina t\u00e9cnicas profissionais com m\u00e9todos acess\u00edveis que podes recriar em casa. Perfeito para os amantes da cozinha italiana que pretendem expandir o seu repert\u00f3rio para al\u00e9m da massa e da pizza, para um territ\u00f3rio mais criativo!<\/p>","protected":false},"excerpt":{"rendered":"<p>Creative Italian Cuisine Workshop with Chef Luisiana Zappa. Reimagine Italian classics with a modern, chef-driven twist! \ud83e\uddc0 Experience the magic of contemporary Italian cooking with the passionate Chef Luisiana Zappa! In this hands-on workshop, you&#8217;ll discover how traditional techniques and flavors can be transformed into innovative dishes that surprise and delight. Learn professional secrets, creative [&hellip;]<\/p>\n","protected":false},"featured_media":0,"comment_status":"open","ping_status":"closed","template":"","meta":[],"product_brand":[],"product_cat":[62],"product_tag":[],"class_list":{"0":"post-13459","1":"product","2":"type-product","3":"status-publish","5":"product_cat-listeo-booking","7":"first","8":"instock","9":"virtual","10":"sold-individually","11":"taxable","12":"purchasable","13":"product-type-listing_booking"},"_links":{"self":[{"href":"https:\/\/handson.pt\/pt\/wp-json\/wp\/v2\/product\/13459","targetHints":{"allow":["GET"]}}],"collection":[{"href":"https:\/\/handson.pt\/pt\/wp-json\/wp\/v2\/product"}],"about":[{"href":"https:\/\/handson.pt\/pt\/wp-json\/wp\/v2\/types\/product"}],"replies":[{"embeddable":true,"href":"https:\/\/handson.pt\/pt\/wp-json\/wp\/v2\/comments?post=13459"}],"wp:attachment":[{"href":"https:\/\/handson.pt\/pt\/wp-json\/wp\/v2\/media?parent=13459"}],"wp:term":[{"taxonomy":"product_brand","embeddable":true,"href":"https:\/\/handson.pt\/pt\/wp-json\/wp\/v2\/product_brand?post=13459"},{"taxonomy":"product_cat","embeddable":true,"href":"https:\/\/handson.pt\/pt\/wp-json\/wp\/v2\/product_cat?post=13459"},{"taxonomy":"product_tag","embeddable":true,"href":"https:\/\/handson.pt\/pt\/wp-json\/wp\/v2\/product_tag?post=13459"}],"curies":[{"name":"wp","href":"https:\/\/api.w.org\/{rel}","templated":true}]}}