{"id":13470,"date":"2025-05-02T17:52:21","date_gmt":"2025-05-02T16:52:21","guid":{"rendered":"https:\/\/handson.pt\/product\/pizza-dough-workshop\/"},"modified":"2026-03-12T16:04:34","modified_gmt":"2026-03-12T16:04:34","slug":"pizza-dough-workshop","status":"publish","type":"product","link":"https:\/\/handson.pt\/pt\/product\/pizza-dough-workshop\/","title":{"rendered":"Oficina de massa de pizza"},"content":{"rendered":"<h4>Domina a arte de criar pizzas com qualidade de pizzaria no teu forno caseiro! Transforma a tua cozinha numa aut\u00eantica pizzaria italiana com esta masterclass pr\u00e1tica! \ud83c\udf55<\/h4>\n<p>Aprende os segredos por detr\u00e1s de uma massa de pizza napolitana aut\u00eantica e perfeitamente diger\u00edvel e descobre como os pequenos detalhes fazem a diferen\u00e7a entre uma boa pizza e uma pizza extraordin\u00e1ria. Desde as t\u00e9cnicas de esticar a massa at\u00e9 \u00e0s combina\u00e7\u00f5es de coberturas, vais dominar tudo o que \u00e9 necess\u00e1rio para criar a magia da pizza em casa!<\/p>\n<p>Menu<br \/>\nCria\u00e7\u00e3o de massa 1: P\u00e3o de alho e ervas arom\u00e1ticas - o aperitivo perfeito<br \/>\nCria\u00e7\u00e3o de massa 2: Pizza! V\u00e1rias bases e combina\u00e7\u00f5es de coberturas<br \/>\nCria\u00e7\u00e3o de massa 3: Rolo de Nutella com Nozes - a sensa\u00e7\u00e3o da pizza de sobremesa<\/p>\n<p>&nbsp;<\/p>\n<h4>Porqu\u00ea juntares-te a n\u00f3s?<\/h4>\n<p>Domina as t\u00e9cnicas aut\u00eanticas por detr\u00e1s da verdadeira massa de pizza napolitana<\/p>\n<p>Aprende m\u00e9todos profissionais de esticar e moldar para obteres uma massa perfeita<\/p>\n<p>Descobre a arte das combina\u00e7\u00f5es de topping que equilibram o sabor e a textura<\/p>\n<p>Adapta os m\u00e9todos profissionais para obteres resultados excepcionais num forno dom\u00e9stico<\/p>\n<p>&nbsp;<\/p>\n<h4>O que inclui:<\/h4>\n<p>Todos os ingredientes para tr\u00eas cria\u00e7\u00f5es de massa diferentes<br \/>\nOrienta\u00e7\u00e3o especializada em todas as etapas do processo de fabrico de pizzas<br \/>\n\ud83c\udf55 Dicas para obteres resultados de qualidade de restaurante com equipamento dom\u00e9stico<br \/>\nUma refei\u00e7\u00e3o completa, desde a entrada \u00e0 sobremesa, tudo criado por ti<br \/>\nT\u00e9cnicas que podes recriar para noites de piza em fam\u00edlia ou para um entretenimento impressionante<\/p>\n<p>&nbsp;<\/p>\n<p>Nota: Esta masterclass insere-se na nossa categoria de Cozinha Aut\u00eantica, centrada nos m\u00e9todos tradicionais e no respeito pela heran\u00e7a culin\u00e1ria italiana. Perfeito para os pais que querem criar experi\u00eancias culin\u00e1rias memor\u00e1veis com as crian\u00e7as, entusiastas do entretenimento dom\u00e9stico ou qualquer pessoa que aprecie a diferen\u00e7a entre uma pizza vulgar e uma pizza extraordin\u00e1ria!<\/p>","protected":false},"excerpt":{"rendered":"<p>Master the art of creating pizzeria-quality pizza in your home oven! Transform your kitchen into an authentic Italian pizzeria with this hands-on masterclass! \ud83c\udf55 Learn the secrets behind perfectly digestible, authentic Neapolitan pizza dough and discover how small details make the difference between good and extraordinary pizza. From stretching techniques to topping combinations, you&#8217;ll master [&hellip;]<\/p>\n","protected":false},"featured_media":13466,"comment_status":"open","ping_status":"closed","template":"","meta":[],"product_brand":[],"product_cat":[62],"product_tag":[],"class_list":{"0":"post-13470","1":"product","2":"type-product","3":"status-publish","4":"has-post-thumbnail","6":"product_cat-listeo-booking","8":"first","9":"instock","10":"virtual","11":"sold-individually","12":"taxable","13":"purchasable","14":"product-type-listing_booking"},"_links":{"self":[{"href":"https:\/\/handson.pt\/pt\/wp-json\/wp\/v2\/product\/13470","targetHints":{"allow":["GET"]}}],"collection":[{"href":"https:\/\/handson.pt\/pt\/wp-json\/wp\/v2\/product"}],"about":[{"href":"https:\/\/handson.pt\/pt\/wp-json\/wp\/v2\/types\/product"}],"replies":[{"embeddable":true,"href":"https:\/\/handson.pt\/pt\/wp-json\/wp\/v2\/comments?post=13470"}],"wp:featuredmedia":[{"embeddable":true,"href":"https:\/\/handson.pt\/pt\/wp-json\/wp\/v2\/media\/13466"}],"wp:attachment":[{"href":"https:\/\/handson.pt\/pt\/wp-json\/wp\/v2\/media?parent=13470"}],"wp:term":[{"taxonomy":"product_brand","embeddable":true,"href":"https:\/\/handson.pt\/pt\/wp-json\/wp\/v2\/product_brand?post=13470"},{"taxonomy":"product_cat","embeddable":true,"href":"https:\/\/handson.pt\/pt\/wp-json\/wp\/v2\/product_cat?post=13470"},{"taxonomy":"product_tag","embeddable":true,"href":"https:\/\/handson.pt\/pt\/wp-json\/wp\/v2\/product_tag?post=13470"}],"curies":[{"name":"wp","href":"https:\/\/api.w.org\/{rel}","templated":true}]}}