{"id":13881,"date":"2025-05-20T16:22:25","date_gmt":"2025-05-20T15:22:25","guid":{"rendered":"https:\/\/handson.pt\/product\/falas-portugues-portuguese-speaking-club\/"},"modified":"2025-05-21T16:13:59","modified_gmt":"2025-05-21T15:13:59","slug":"falas-portugues-portuguese-speaking-club","status":"publish","type":"product","link":"https:\/\/handson.pt\/pt\/product\/falas-portugues-portuguese-speaking-club\/","title":{"rendered":"Falas Portugu\u00eas? | Clube de L\u00edngua Portuguesa"},"content":{"rendered":"<p>\u00c9 uma s\u00e9rie de eventos para alunos de n\u00edvel interm\u00e9dio e avan\u00e7ado, que querem falar portugu\u00eas fluentemente. Adaptamo-nos sempre \u00e0s necessidades dos participantes e inspiramos todos a<strong> fala o mais poss\u00edvel.<\/strong><\/p>\n<p>Os eventos s\u00e3o dinamizados por um professor local que d\u00e1 a conhecer a cultura portuguesa.<\/p>\n<p>Encontramo-nos no <a href=\"https:\/\/maps.app.goo.gl\/56UreHFGWU53ZqS49\" target=\"_blank\" rel=\"noopener\">fonte do drag\u00e3o<\/a> em frente ao Jardim Santa Barabara e decide onde ficar: no jardim\/caf\u00e9 ou na nossa escola de l\u00ednguas.<\/p>\n<p>Estamos ansiosos por te conhecer, junta-te a n\u00f3s! \ud83d\ude0d<\/p>","protected":false},"excerpt":{"rendered":"<p>It is a series of events for intermediate and advanced learners, who want to speak Portuguese fluently. We always adapt to the participants&#8217; needs and inspire everyone to talk as much as possible. The events are facilitated by a local teacher who gives highlights on the Portuguese culture. \ud83d\udccd We meet at the dragon fountain [&hellip;]<\/p>\n","protected":false},"featured_media":0,"comment_status":"open","ping_status":"closed","template":"","meta":[],"product_brand":[],"product_cat":[62],"product_tag":[],"class_list":{"0":"post-13881","1":"product","2":"type-product","3":"status-publish","5":"product_cat-listeo-booking","7":"first","8":"instock","9":"virtual","10":"sold-individually","11":"purchasable","12":"product-type-listing_booking"},"_links":{"self":[{"href":"https:\/\/handson.pt\/pt\/wp-json\/wp\/v2\/product\/13881","targetHints":{"allow":["GET"]}}],"collection":[{"href":"https:\/\/handson.pt\/pt\/wp-json\/wp\/v2\/product"}],"about":[{"href":"https:\/\/handson.pt\/pt\/wp-json\/wp\/v2\/types\/product"}],"replies":[{"embeddable":true,"href":"https:\/\/handson.pt\/pt\/wp-json\/wp\/v2\/comments?post=13881"}],"wp:attachment":[{"href":"https:\/\/handson.pt\/pt\/wp-json\/wp\/v2\/media?parent=13881"}],"wp:term":[{"taxonomy":"product_brand","embeddable":true,"href":"https:\/\/handson.pt\/pt\/wp-json\/wp\/v2\/product_brand?post=13881"},{"taxonomy":"product_cat","embeddable":true,"href":"https:\/\/handson.pt\/pt\/wp-json\/wp\/v2\/product_cat?post=13881"},{"taxonomy":"product_tag","embeddable":true,"href":"https:\/\/handson.pt\/pt\/wp-json\/wp\/v2\/product_tag?post=13881"}],"curies":[{"name":"wp","href":"https:\/\/api.w.org\/{rel}","templated":true}]}}