{"id":13890,"date":"2025-05-21T16:14:22","date_gmt":"2025-05-21T15:14:22","guid":{"rendered":"https:\/\/handson.pt\/product\/falas-portugues-portuguese-speaking-club-2\/"},"modified":"2025-05-22T17:05:35","modified_gmt":"2025-05-22T16:05:35","slug":"falas-portugues-portuguese-speaking-club-2","status":"publish","type":"product","link":"https:\/\/handson.pt\/pt\/product\/falas-portugues-portuguese-speaking-club-2\/","title":{"rendered":"Falas Portugu\u00eas? | Clube de L\u00edngua Portuguesa para Principiantes"},"content":{"rendered":"<h2>Junta-te ao nosso clube e come\u00e7a a falar!<\/h2>\n<p>Deixa-me adivinhar: est\u00e1s a aprender portugu\u00eas h\u00e1 alguns meses. Conheces as palavras b\u00e1sicas e a gram\u00e1tica, mas falas ingl\u00eas em todo o lado, porque os habitantes locais nem sequer te d\u00e3o um minuto para formular uma frase em portugu\u00eas.<\/p>\n<p>E n\u00f3s vamos \ud83d\ude09<\/p>\n<p>Apoiaremos os teus primeiros passos para falar com<strong> um falante nativo e expatriados como tu!<\/strong><\/p>\n<p>\ud83d\udccdMercado Bom Sucesso, quartas-feiras \u00e0s 19:30h<\/p>\n<p><strong>Junta-te ao nosso grupo para verdadeiros principiantes e ter\u00e1s:<\/strong><\/p>\n<p>Um tema claro em cada sess\u00e3o<br \/>\n\u2705 uma lista de express\u00f5es \u00fateis<br \/>\n\u2705 jogos de comunica\u00e7\u00e3o<br \/>\nApoio na formula\u00e7\u00e3o de ideias<br \/>\n\u2705 conhecimentos culturais de um local<\/p>\n<p>Estou ansioso por te conhecer! \ud83d\ude0d<\/p>","protected":false},"excerpt":{"rendered":"<p>Join our club and start speaking! Let me guess: you&#8217;ve been learning Portuguese for some months. You know basic words and grammar but you speak English everywhere,\u00a0because locals don&#8217;t even give you a minute to formulate a sentence in Portuguese. And we will \ud83d\ude09 We will support your first steps in talking with a native [&hellip;]<\/p>\n","protected":false},"featured_media":0,"comment_status":"open","ping_status":"closed","template":"","meta":[],"product_brand":[],"product_cat":[62],"product_tag":[],"class_list":{"0":"post-13890","1":"product","2":"type-product","3":"status-publish","5":"product_cat-listeo-booking","7":"first","8":"instock","9":"virtual","10":"sold-individually","11":"taxable","12":"purchasable","13":"product-type-listing_booking"},"_links":{"self":[{"href":"https:\/\/handson.pt\/pt\/wp-json\/wp\/v2\/product\/13890","targetHints":{"allow":["GET"]}}],"collection":[{"href":"https:\/\/handson.pt\/pt\/wp-json\/wp\/v2\/product"}],"about":[{"href":"https:\/\/handson.pt\/pt\/wp-json\/wp\/v2\/types\/product"}],"replies":[{"embeddable":true,"href":"https:\/\/handson.pt\/pt\/wp-json\/wp\/v2\/comments?post=13890"}],"wp:attachment":[{"href":"https:\/\/handson.pt\/pt\/wp-json\/wp\/v2\/media?parent=13890"}],"wp:term":[{"taxonomy":"product_brand","embeddable":true,"href":"https:\/\/handson.pt\/pt\/wp-json\/wp\/v2\/product_brand?post=13890"},{"taxonomy":"product_cat","embeddable":true,"href":"https:\/\/handson.pt\/pt\/wp-json\/wp\/v2\/product_cat?post=13890"},{"taxonomy":"product_tag","embeddable":true,"href":"https:\/\/handson.pt\/pt\/wp-json\/wp\/v2\/product_tag?post=13890"}],"curies":[{"name":"wp","href":"https:\/\/api.w.org\/{rel}","templated":true}]}}