{"id":14081,"date":"2025-06-08T23:05:43","date_gmt":"2025-06-08T22:05:43","guid":{"rendered":"https:\/\/handson.pt\/product\/workshop-de-crochet-um-pouco-de-tudo-essencial-all-crochet-essentials-workshop\/"},"modified":"2026-01-02T17:16:06","modified_gmt":"2026-01-02T17:16:06","slug":"workshop-de-crochet-um-pouco-de-tudo-essencial-all-crochet-essentials-workshop","status":"publish","type":"product","link":"https:\/\/handson.pt\/pt\/product\/workshop-de-crochet-um-pouco-de-tudo-essencial-all-crochet-essentials-workshop\/","title":{"rendered":"Workshop \"Todos os fundamentos do croch\u00e9"},"content":{"rendered":"<h4>Gostarias de aprender a fazer croch\u00e9 a s\u00e9rio, mas n\u00e3o sabes por onde come\u00e7ar? Ou j\u00e1 fizeste alguns pontos de croch\u00e9 mas sentes que te falta o b\u00e1sico?  \ud83e\uddf6<\/h4>\n<p>Este workshop foi concebido para ti! \ud83d\udc9b<\/p>\n<p>Vem passar um s\u00e1bado criativo comigo, aprender (ou rever) v\u00e1rias t\u00e9cnicas de crochet e levar para casa 3 projectos feitos por ti! \u2728<\/p>\n<p>Quando? S\u00e1bado, 14 de junho<br \/>\nDas 10h00 \u00e0s 19h00 (com intervalo para almo\u00e7o)<\/p>\n<p>O que vais aprender:<br \/>\nN\u00f3 corredi\u00e7o e voltas<br \/>\nCorrentes, ponto baixo, meio ponto baixo, ponto baixo<br \/>\nAnel m\u00e1gico e espiral de croch\u00e9<\/p>\n<p>&nbsp;<\/p>\n<h4>Porqu\u00ea juntares-te a n\u00f3s?<\/h4>\n<p>Perfeito para entusiastas de artesanato prontos para mergulhar profundamente no croch\u00e9 ou para qualquer pessoa que queira solidificar t\u00e9cnicas b\u00e1sicas. Passa um s\u00e1bado criativo a aprender t\u00e9cnicas que durar\u00e3o para toda a vida enquanto te relacionas com outros artes\u00e3os.<\/p>\n<p>&nbsp;<\/p>\n<h4>O que est\u00e1 inclu\u00eddo:<\/h4>\n<p>\u2714\ufe0f Todos os materiais (agulhas, fios, etc.)<br \/>\n\u2714\ufe0f Manual + v\u00eddeos de apoio<br \/>\n\u2714\ufe0f Lanche e almo\u00e7o ligeiro<br \/>\n\u2714\ufe0f Acesso ao grupo de apoio no WhatsApp<\/p>\n<p>Vem aprender, descontrair e dar umas boas gargalhadas com a malta do crochet! \ud83d\udc96<\/p>","protected":false},"excerpt":{"rendered":"<p>Would you like to learn how to crochet for real, but don&#8217;t know where to start? Or have you already crocheted a few stitches but feel like you&#8217;re missing the basics?\u00a0 \ud83e\uddf6 This workshop was designed for you! \ud83d\udc9b Come spend a creative Saturday with me, learn (or review) several crochet techniques and take home [&hellip;]<\/p>\n","protected":false},"featured_media":14075,"comment_status":"open","ping_status":"closed","template":"","meta":[],"product_brand":[],"product_cat":[62],"product_tag":[],"class_list":{"0":"post-14081","1":"product","2":"type-product","3":"status-publish","4":"has-post-thumbnail","6":"product_cat-listeo-booking","8":"first","9":"instock","10":"virtual","11":"sold-individually","12":"purchasable","13":"product-type-listing_booking"},"_links":{"self":[{"href":"https:\/\/handson.pt\/pt\/wp-json\/wp\/v2\/product\/14081","targetHints":{"allow":["GET"]}}],"collection":[{"href":"https:\/\/handson.pt\/pt\/wp-json\/wp\/v2\/product"}],"about":[{"href":"https:\/\/handson.pt\/pt\/wp-json\/wp\/v2\/types\/product"}],"replies":[{"embeddable":true,"href":"https:\/\/handson.pt\/pt\/wp-json\/wp\/v2\/comments?post=14081"}],"wp:featuredmedia":[{"embeddable":true,"href":"https:\/\/handson.pt\/pt\/wp-json\/wp\/v2\/media\/14075"}],"wp:attachment":[{"href":"https:\/\/handson.pt\/pt\/wp-json\/wp\/v2\/media?parent=14081"}],"wp:term":[{"taxonomy":"product_brand","embeddable":true,"href":"https:\/\/handson.pt\/pt\/wp-json\/wp\/v2\/product_brand?post=14081"},{"taxonomy":"product_cat","embeddable":true,"href":"https:\/\/handson.pt\/pt\/wp-json\/wp\/v2\/product_cat?post=14081"},{"taxonomy":"product_tag","embeddable":true,"href":"https:\/\/handson.pt\/pt\/wp-json\/wp\/v2\/product_tag?post=14081"}],"curies":[{"name":"wp","href":"https:\/\/api.w.org\/{rel}","templated":true}]}}