{"id":14398,"date":"2025-06-25T12:25:26","date_gmt":"2025-06-25T11:25:26","guid":{"rendered":"https:\/\/handson.pt\/product\/women-mindful-art-workshop\/"},"modified":"2025-07-07T22:46:42","modified_gmt":"2025-07-07T21:46:42","slug":"women-mindful-art-workshop","status":"publish","type":"product","link":"https:\/\/handson.pt\/pt\/product\/women-mindful-art-workshop\/","title":{"rendered":"Workshop de Arte Consciente para Mulheres"},"content":{"rendered":"<p>Junta-te a n\u00f3s para respirarmos, expressarmos e nos ligarmos atrav\u00e9s de medita\u00e7\u00e3o guiada, cria\u00e7\u00e3o art\u00edstica e narra\u00e7\u00e3o de hist\u00f3rias partilhadas, com a sabedoria do feminino coletivo.<\/p>\n<p><strong>RSVP<\/strong> Hoje as vagas s\u00e3o limitadas para manter o espa\u00e7o \u00edntimo e intencional.<\/p>\n<p><strong>\ud83d\uddd3\ufe0fFriday, 11 de julho, 6:00-8:00 PM<\/strong><br \/>\n<strong>\ud83d\udccd Localiza\u00e7\u00e3o: On Spaces - CC do Moinho de Vento 5, R\/c, Lisboa<\/strong><br \/>\n<strong>\ud83d\udcb6 Pre\u00e7o: 30 euros por pessoa<\/strong><br \/>\n<strong>Todos os materiais est\u00e3o inclu\u00eddos, n\u00e3o precisas de ter experi\u00eancia art\u00edstica<\/strong><\/p>\n<p>O que inclui:<br \/>\n- Um workshop criativo de duas horas inspirado na terapia art\u00edstica, enraizado na aten\u00e7\u00e3o plena<br \/>\n- Sugest\u00f5es de reflex\u00e3o e fluxo criativo suave<br \/>\n- Todos os materiais fornecidos: colagem, pap\u00e9is, pinc\u00e9is, aguarelas, ch\u00e1<br \/>\n- Um ambiente acolhedor que promove a liga\u00e7\u00e3o e a auto-express\u00e3o<br \/>\nJuntos, atrav\u00e9s da colagem e da pintura intuitiva, vamos explorar a criatividade incorporada como um caminho para a auto-descoberta<br \/>\nN\u00e3o precisas de ter experi\u00eancia art\u00edstica. Apenas a tua presen\u00e7a, a tua respira\u00e7\u00e3o e a tua hist\u00f3ria. N\u00e3o se trata de performance, mas de processo. \u00c9s bem-vindo em todas as tuas formas.<\/p>\n<p>Este workshop marca um cap\u00edtulo de uma viagem criativa, o Women Creative Circle: uma s\u00e9rie de c\u00edrculos onde as mulheres se juntam para explorar, expressar e criar atrav\u00e9s da arte e de hist\u00f3rias partilhadas.<br \/>\nEste c\u00edrculo \u00e9 para ti se:<br \/>\n- \u00c9s uma mulher a navegar na identidade, nos pap\u00e9is e na mudan\u00e7a<br \/>\n- \u00c9s uma mulher e\/ou identificas-te com a experi\u00eancia de ser mulher<br \/>\n- Anseias por tempo para criar e refletir em comunidade<br \/>\n- Anseias por uma pausa sagrada para te reconectares com a tua pr\u00f3pria paisagem interior<\/p>\n<p>PS: o workshop come\u00e7a \u00e0s 6 em ponto.<br \/>\nO workshop est\u00e1 em l\u00edngua inglesa.<\/p>\n<p>Tens d\u00favidas? Entra em contacto atrav\u00e9s de <strong>Instagram: https:\/\/www.instagram.com\/fluidartwellness.pt<\/strong><\/p>","protected":false},"excerpt":{"rendered":"<p>Join us to breathe, express and connect through guided meditation, artistic creation, and shared storytelling, with the wisdom of the collective feminine. RSVP Today Spots are limited to keep the space intimate and intentional. \ud83d\uddd3\ufe0fFriday, July 11th, 6:00\u20138:00 PM \ud83d\udccd Location: On Spaces \u2013 CC do Moinho de Vento 5, R\/c, Lisbon \ud83d\udcb6 Price: \u20ac30 [&hellip;]<\/p>\n","protected":false},"featured_media":0,"comment_status":"open","ping_status":"closed","template":"","meta":[],"product_brand":[],"product_cat":[62],"product_tag":[],"class_list":{"0":"post-14398","1":"product","2":"type-product","3":"status-publish","5":"product_cat-listeo-booking","7":"first","8":"instock","9":"virtual","10":"sold-individually","11":"purchasable","12":"product-type-listing_booking"},"_links":{"self":[{"href":"https:\/\/handson.pt\/pt\/wp-json\/wp\/v2\/product\/14398","targetHints":{"allow":["GET"]}}],"collection":[{"href":"https:\/\/handson.pt\/pt\/wp-json\/wp\/v2\/product"}],"about":[{"href":"https:\/\/handson.pt\/pt\/wp-json\/wp\/v2\/types\/product"}],"replies":[{"embeddable":true,"href":"https:\/\/handson.pt\/pt\/wp-json\/wp\/v2\/comments?post=14398"}],"wp:attachment":[{"href":"https:\/\/handson.pt\/pt\/wp-json\/wp\/v2\/media?parent=14398"}],"wp:term":[{"taxonomy":"product_brand","embeddable":true,"href":"https:\/\/handson.pt\/pt\/wp-json\/wp\/v2\/product_brand?post=14398"},{"taxonomy":"product_cat","embeddable":true,"href":"https:\/\/handson.pt\/pt\/wp-json\/wp\/v2\/product_cat?post=14398"},{"taxonomy":"product_tag","embeddable":true,"href":"https:\/\/handson.pt\/pt\/wp-json\/wp\/v2\/product_tag?post=14398"}],"curies":[{"name":"wp","href":"https:\/\/api.w.org\/{rel}","templated":true}]}}