{"id":14523,"date":"2025-06-30T11:35:58","date_gmt":"2025-06-30T10:35:58","guid":{"rendered":"https:\/\/handson.pt\/product\/tecelagem-criativa\/"},"modified":"2025-08-05T17:08:25","modified_gmt":"2025-08-05T16:08:25","slug":"tecelagem-criativa","status":"publish","type":"product","link":"https:\/\/handson.pt\/pt\/product\/tecelagem-criativa\/","title":{"rendered":"Oficina de tecelagem manual criativa"},"content":{"rendered":"<h3 class=\"whitespace-pre-wrap break-words\">A Tecelagem (tecelagem manual) abre um mundo de possibilidades criativas atrav\u00e9s deste workshop experimental onde os participantes exploram as t\u00e9cnicas mais simples de tecelagem manual para criar a sua pr\u00f3pria pe\u00e7a \u00fanica.<\/h3>\n<p class=\"whitespace-pre-wrap break-words\">Nesta experi\u00eancia pr\u00e1tica de tecelagem, vais aprender como funcionam os teares e trabalhar com t\u00e9cnicas b\u00e1sicas de tecelagem manual, enquanto descobres mat\u00e9rias-primas naturais de origem animal e vegetal. Esta tecelagem criativa workshop introduz os participantes a diferentes texturas, cores e espessuras de fibras naturais, proporcionando uma base abrangente nas artes t\u00eaxteis tradicionais.<\/p>\n<p class=\"whitespace-normal break-words\">O workshop aborda o funcionamento do tear, t\u00e9cnicas b\u00e1sicas e estruturas simples de tecelagem manual, seguido da explora\u00e7\u00e3o de v\u00e1rios materiais naturais, incluindo fios reciclados de amostras de cat\u00e1logos, elementos naturais como flores e ervas e pe\u00e7as de l\u00e3 de ovelhas da Quinta do Pis\u00e3o. Cada participante realiza um projeto pessoal e aprende t\u00e9cnicas criativas de acabamento para completar a sua pe\u00e7a tecida \u00e0 m\u00e3o. N\u00e3o s\u00e3o necess\u00e1rios conhecimentos pr\u00e9vios de tecelagem, o que torna este curso acess\u00edvel a principiantes, ao mesmo tempo que oferece profundidade aos interessados em artesanato t\u00eaxtil.<\/p>\n<p>&nbsp;<\/p>\n<h3 class=\"whitespace-pre-wrap break-words\">Porqu\u00ea juntares-te a n\u00f3s?<\/h3>\n<p class=\"whitespace-pre-wrap break-words\">Perfeito para entusiastas do artesanato, fam\u00edlias e qualquer pessoa interessada em artes t\u00eaxteis tradicionais e pr\u00e1ticas de fabrico sustent\u00e1veis. Descobre as qualidades meditativas da tecelagem manual enquanto crias algo bonito com materiais naturais e amigos do ambiente.<\/p>\n<p>&nbsp;<\/p>\n<h3 class=\"whitespace-pre-wrap break-words\">O que inclui:<\/h3>\n<p class=\"whitespace-pre-wrap break-words\">Tear simples de cart\u00e3o ou contraplacado<br \/>\nTodos os materiais naturais e reciclados<br \/>\nA tua pe\u00e7a de tecido terminada<\/p>","protected":false},"excerpt":{"rendered":"<p>Tecelagem (hand weaving) opens up a world of creative possibilities through this experimental workshop where participants explore the simplest manual weaving techniques to create their own unique piece. In this hands-on tecelagem (hand weaving) experience, you&#8217;ll learn how looms function and work with basic manual weaving techniques while discovering natural raw materials from both animal [&hellip;]<\/p>\n","protected":false},"featured_media":0,"comment_status":"open","ping_status":"closed","template":"","meta":[],"product_brand":[],"product_cat":[62],"product_tag":[],"class_list":{"0":"post-14523","1":"product","2":"type-product","3":"status-publish","5":"product_cat-listeo-booking","7":"first","8":"instock","9":"virtual","10":"sold-individually","11":"purchasable","12":"product-type-listing_booking"},"_links":{"self":[{"href":"https:\/\/handson.pt\/pt\/wp-json\/wp\/v2\/product\/14523","targetHints":{"allow":["GET"]}}],"collection":[{"href":"https:\/\/handson.pt\/pt\/wp-json\/wp\/v2\/product"}],"about":[{"href":"https:\/\/handson.pt\/pt\/wp-json\/wp\/v2\/types\/product"}],"replies":[{"embeddable":true,"href":"https:\/\/handson.pt\/pt\/wp-json\/wp\/v2\/comments?post=14523"}],"wp:attachment":[{"href":"https:\/\/handson.pt\/pt\/wp-json\/wp\/v2\/media?parent=14523"}],"wp:term":[{"taxonomy":"product_brand","embeddable":true,"href":"https:\/\/handson.pt\/pt\/wp-json\/wp\/v2\/product_brand?post=14523"},{"taxonomy":"product_cat","embeddable":true,"href":"https:\/\/handson.pt\/pt\/wp-json\/wp\/v2\/product_cat?post=14523"},{"taxonomy":"product_tag","embeddable":true,"href":"https:\/\/handson.pt\/pt\/wp-json\/wp\/v2\/product_tag?post=14523"}],"curies":[{"name":"wp","href":"https:\/\/api.w.org\/{rel}","templated":true}]}}