{"id":14547,"date":"2025-06-30T16:48:27","date_gmt":"2025-06-30T15:48:27","guid":{"rendered":"https:\/\/handson.pt\/pt\/produto\/m-o-v-e-_-ecstatic-dance-workshop-with-live-percussion-2\/"},"modified":"2025-08-05T11:33:46","modified_gmt":"2025-08-05T10:33:46","slug":"m-o-v-e-_-ecstatic-dance-workshop-with-live-percussion-2","status":"publish","type":"product","link":"https:\/\/handson.pt\/pt\/product\/m-o-v-e-_-ecstatic-dance-workshop-with-live-percussion-2\/","title":{"rendered":"M.O.V.E - Workshop de dan\u00e7a ext\u00e1tica com percuss\u00e3o ao vivo"},"content":{"rendered":"<h3 class=\"whitespace-pre-wrap break-words\">A dan\u00e7a ext\u00e1tica combina movimento livre com percuss\u00e3o ao vivo para criar uma experi\u00eancia transformadora que desperta o ritmo natural e a energia vital do teu corpo.<\/h3>\n<p class=\"whitespace-pre-wrap break-words\">Junta-te a n\u00f3s para este poderoso M.O.V.E workshop ao ar livre, num o\u00e1sis urbano cheio de \u00e1rvores e brisa fresca, onde esta edi\u00e7\u00e3o especial do M.O.V.E (Moving Organically Your Vital Energy) guiada por @djiiva te convida a mergulhar numa experi\u00eancia vibrante de m\u00fasica, movimento livre e presen\u00e7a incorporada. Sente o ritmo da bateria ao vivo a despertar o teu corpo, a energizar o teu esp\u00edrito e a ligar-te ao pulsar do momento.<\/p>\n<p class=\"whitespace-normal break-words\">Esta experi\u00eancia \u00fanica de dan\u00e7a ext\u00e1tica ao ar livre encoraja a auto-express\u00e3o aut\u00eantica atrav\u00e9s do movimento, permitindo que o teu corpo responda organicamente \u00e0s batidas r\u00edtmicas sob o c\u00e9u aberto. N\u00e3o \u00e9 necess\u00e1ria qualquer experi\u00eancia de dan\u00e7a ou t\u00e9cnicas espec\u00edficas - basta vires como est\u00e1s, pronto para te mexeres, respirares e sentires-te totalmente vivo. A combina\u00e7\u00e3o de um ambiente natural, percuss\u00e3o ao vivo e movimentos guiados cria um espa\u00e7o poderoso para libertares a tens\u00e3o, ligares-te ao teu corpo e experimentares a alegria da express\u00e3o desinibida.<\/p>\n<p>&nbsp;<\/p>\n<h3 class=\"whitespace-pre-wrap break-words\">Porqu\u00ea juntares-te a n\u00f3s?<\/h3>\n<p class=\"whitespace-pre-wrap break-words\">Perfeito para quem procura al\u00edvio do stress, express\u00e3o criativa e uma liga\u00e7\u00e3o aut\u00eantica com o seu corpo. Quer queiras libertar-te da rotina, explorar a medita\u00e7\u00e3o do movimento ou simplesmente experimentar o poder terap\u00eautico do ritmo e da dan\u00e7a na natureza.<\/p>\n<p>&nbsp;<\/p>\n<h3>O que inclui:<\/h3>\n<p>Experi\u00eancia de percuss\u00e3o ao vivo<br \/>\nInstru\u00e7\u00e3o de movimento guiado<br \/>\nAmbiente natural ao ar livre<\/p>","protected":false},"excerpt":{"rendered":"<p>Ecstatic dance combines free-form movement with live percussion to create a transformative experience that awakens your body&#8217;s natural rhythm and vital energy. Join us for this powerful open-air M.O.V.E workshop set in an urban oasis full of trees and fresh breeze, where this special edition of M.O.V.E (Moving Organically Your Vital Energy) guided by @djiiva [&hellip;]<\/p>\n","protected":false},"featured_media":14647,"comment_status":"open","ping_status":"closed","template":"","meta":[],"product_brand":[],"product_cat":[62],"product_tag":[],"class_list":{"0":"post-14547","1":"product","2":"type-product","3":"status-publish","4":"has-post-thumbnail","6":"product_cat-listeo-booking","8":"first","9":"instock","10":"virtual","11":"sold-individually","12":"purchasable","13":"product-type-listing_booking"},"_links":{"self":[{"href":"https:\/\/handson.pt\/pt\/wp-json\/wp\/v2\/product\/14547","targetHints":{"allow":["GET"]}}],"collection":[{"href":"https:\/\/handson.pt\/pt\/wp-json\/wp\/v2\/product"}],"about":[{"href":"https:\/\/handson.pt\/pt\/wp-json\/wp\/v2\/types\/product"}],"replies":[{"embeddable":true,"href":"https:\/\/handson.pt\/pt\/wp-json\/wp\/v2\/comments?post=14547"}],"wp:featuredmedia":[{"embeddable":true,"href":"https:\/\/handson.pt\/pt\/wp-json\/wp\/v2\/media\/14647"}],"wp:attachment":[{"href":"https:\/\/handson.pt\/pt\/wp-json\/wp\/v2\/media?parent=14547"}],"wp:term":[{"taxonomy":"product_brand","embeddable":true,"href":"https:\/\/handson.pt\/pt\/wp-json\/wp\/v2\/product_brand?post=14547"},{"taxonomy":"product_cat","embeddable":true,"href":"https:\/\/handson.pt\/pt\/wp-json\/wp\/v2\/product_cat?post=14547"},{"taxonomy":"product_tag","embeddable":true,"href":"https:\/\/handson.pt\/pt\/wp-json\/wp\/v2\/product_tag?post=14547"}],"curies":[{"name":"wp","href":"https:\/\/api.w.org\/{rel}","templated":true}]}}