{"id":14788,"date":"2025-07-07T12:30:41","date_gmt":"2025-07-07T11:30:41","guid":{"rendered":"https:\/\/handson.pt\/product\/analog-photography\/"},"modified":"2026-03-05T18:48:09","modified_gmt":"2026-03-05T18:48:09","slug":"analog-photography","status":"publish","type":"product","link":"https:\/\/handson.pt\/pt\/product\/analog-photography\/","title":{"rendered":"Fotografia anal\u00f3gica - Preto e branco"},"content":{"rendered":"<p><strong>Passeio fotogr\u00e1fico anal\u00f3gico e experi\u00eancia de c\u00e2mara escura (35mm preto e branco)<\/strong><\/p>\n<p>Junta-te a mim para uma introdu\u00e7\u00e3o imersiva \u00e0 fotografia anal\u00f3gica usando uma c\u00e2mara de filme de 35mm. Estas aulas s\u00e3o pessoais, em pequenos grupos, com um m\u00e1ximo de dois alunos, permitindo uma orienta\u00e7\u00e3o individual e muita aprendizagem pr\u00e1tica. A aula \u00e9 perfeita para principiantes e para quem tem curiosidade em fotografar com pel\u00edcula.<\/p>\n<p>Come\u00e7amos num caf\u00e9 acolhedor, onde te mostro como funciona a m\u00e1quina e como carregar um rolo de filme. A partir da\u00ed, vamos dar um passeio de 25 minutos at\u00e9 ao est\u00fadio my, passando por um parque, um miradouro e as ruas de Lisboa. Ao longo do percurso, estarei presente para te orientar na cria\u00e7\u00e3o dos efeitos que procuras, dar dicas pr\u00e1ticas e ajudar-te a aperfei\u00e7oar a tua abordagem. Podemos tamb\u00e9m experimentar t\u00e9cnicas criativas como a dupla exposi\u00e7\u00e3o (duas imagens num s\u00f3 fotograma) e a longa exposi\u00e7\u00e3o, jogando com o movimento e o tempo. Se estiveres interessado em retratos de rua, tamb\u00e9m posso partilhar conselhos sobre como abordar estranhos com respeito e fotografar pessoas com confian\u00e7a.<\/p>\n<p>No est\u00fadio, aprender\u00e1s a colocar a tua pel\u00edcula num tanque de revela\u00e7\u00e3o na escurid\u00e3o total. Depois, revelas a tua pel\u00edcula a preto e branco utilizando os qu\u00edmicos tradicionais, desta vez com a luz. Se fores claustrof\u00f3bico, h\u00e1 a op\u00e7\u00e3o de carregar a pel\u00edcula usando um saco de mudan\u00e7a numa sala com luz.<\/p>\n<p>Usa roupas que possam ser danificadas, pois os produtos qu\u00edmicos fotogr\u00e1ficos podem manchar ou estragar os tecidos se forem derramados. \u00c9 fornecido todo o equipamento de seguran\u00e7a, incluindo luvas, e a c\u00e2mara escura \u00e9 bem ventilada para garantir uma experi\u00eancia segura e confort\u00e1vel.<\/p>\n<p>A pel\u00edcula precisa de 24 horas para secar completamente. Depois de seco, digitalizo os teus negativos e envio-te os ficheiros digitais das tuas imagens. Podemos encontrar-nos de novo para receberes os negativos revelados ou por correio, se viveres longe.<\/p>\n<p>N\u00e3o \u00e9 necess\u00e1ria experi\u00eancia pr\u00e9via - apenas curiosidade e desejo de explorar a fotografia anal\u00f3gica.<\/p>\n<h3 class=\"whitespace-pre-wrap break-words\">Porqu\u00ea juntares-te a n\u00f3s?<\/h3>\n<ul>\n<li>Aprende os conceitos b\u00e1sicos da fotografia anal\u00f3gica de 35 mm, perfeita para principiantes<\/li>\n<li>Aulas individuais com um m\u00e1ximo de dois alunos<\/li>\n<li>Fotografa enquanto passeias pelas ruas, parques e miradouros de Lisboa<\/li>\n<li>Experimenta todo o processo, desde a filmagem at\u00e9 \u00e0 revela\u00e7\u00e3o do teu pr\u00f3prio filme<\/li>\n<li>Recebe digitaliza\u00e7\u00f5es digitais e os teus negativos revelados<\/li>\n<\/ul>\n<h3 class=\"whitespace-pre-wrap break-words\">O que inclui:<\/h3>\n<p>M\u00e1quina fotogr\u00e1fica e rolo de filme a preto e branco<\/p>\n<p>Todos os materiais e produtos qu\u00edmicos da c\u00e2mara escura<\/p>\n<p>Os teus negativos revelados para levares para casa<\/p>\n<p>Digitaliza\u00e7\u00e3o digital do teu filme.<\/p>","protected":false},"excerpt":{"rendered":"<p>Analog Photography Walk &amp; Darkroom Experience (35mm Black &amp; White) Join me for an immersive introduction to analog photography using a 35mm film camera. These are personal, small-group classes with a maximum of two students, allowing for individual guidance and plenty of hands-on learning. The class is perfect for beginners and anyone curious about shooting [&hellip;]<\/p>\n","protected":false},"featured_media":14787,"comment_status":"open","ping_status":"closed","template":"","meta":[],"product_brand":[],"product_cat":[62],"product_tag":[],"class_list":{"0":"post-14788","1":"product","2":"type-product","3":"status-publish","4":"has-post-thumbnail","6":"product_cat-listeo-booking","8":"first","9":"instock","10":"virtual","11":"sold-individually","12":"taxable","13":"purchasable","14":"product-type-listing_booking"},"_links":{"self":[{"href":"https:\/\/handson.pt\/pt\/wp-json\/wp\/v2\/product\/14788","targetHints":{"allow":["GET"]}}],"collection":[{"href":"https:\/\/handson.pt\/pt\/wp-json\/wp\/v2\/product"}],"about":[{"href":"https:\/\/handson.pt\/pt\/wp-json\/wp\/v2\/types\/product"}],"replies":[{"embeddable":true,"href":"https:\/\/handson.pt\/pt\/wp-json\/wp\/v2\/comments?post=14788"}],"wp:featuredmedia":[{"embeddable":true,"href":"https:\/\/handson.pt\/pt\/wp-json\/wp\/v2\/media\/14787"}],"wp:attachment":[{"href":"https:\/\/handson.pt\/pt\/wp-json\/wp\/v2\/media?parent=14788"}],"wp:term":[{"taxonomy":"product_brand","embeddable":true,"href":"https:\/\/handson.pt\/pt\/wp-json\/wp\/v2\/product_brand?post=14788"},{"taxonomy":"product_cat","embeddable":true,"href":"https:\/\/handson.pt\/pt\/wp-json\/wp\/v2\/product_cat?post=14788"},{"taxonomy":"product_tag","embeddable":true,"href":"https:\/\/handson.pt\/pt\/wp-json\/wp\/v2\/product_tag?post=14788"}],"curies":[{"name":"wp","href":"https:\/\/api.w.org\/{rel}","templated":true}]}}