{"id":16459,"date":"2025-08-07T21:46:45","date_gmt":"2025-08-07T20:46:45","guid":{"rendered":"https:\/\/handson.pt\/product\/pastel-de-nata-workshop\/"},"modified":"2025-08-18T21:36:50","modified_gmt":"2025-08-18T20:36:50","slug":"pastel-de-nata-workshop","status":"publish","type":"product","link":"https:\/\/handson.pt\/pt\/product\/pastel-de-nata-workshop\/","title":{"rendered":"Oficina de Pastel de Nata"},"content":{"rendered":"<p>Delicia-te com a tradi\u00e7\u00e3o mais doce de Portugal com um Pastel de Nata workshop \ud83e\udd6e<\/p>\n<p>Queres sentir o sabor aut\u00eantico de Lisboa? Junta-te a este curso pr\u00e1tico de pastel de nata workshop e aprende a criar o ic\u00f3nico pastel de nata portugu\u00eas - desde o recheio aveludado at\u00e9 \u00e0 massa perfeitamente estaladi\u00e7a e folhada.<\/p>\n<p>Numa cozinha totalmente equipada em Lisboa, esta experi\u00eancia de 2 horas \u00e9 guiada por padeiros locais apaixonados que te ensinar\u00e3o, passo a passo, a dominar este doce nacional. E a melhor parte? Levar\u00e1s os teus past\u00e9is acabados de fazer para casa!<\/p>\n<p>Porqu\u00ea juntares-te a n\u00f3s?<\/p>\n<p>Perfeito para amantes de pastelaria, curiosos e viajantes que queiram mergulhar na cultura portuguesa atrav\u00e9s de um dos seus s\u00edmbolos mais deliciosos. N\u00e3o \u00e9 necess\u00e1rio ter experi\u00eancia pr\u00e9via em pastelaria - basta trazeres a tua curiosidade e o teu apetite!<\/p>\n<p>O que inclui:<\/p>\n<p>P\u00f5e as m\u00e3os no pastel de nata workshop em Lisboa<br \/>\nFornece todos os ingredientes e materiais<br \/>\nOrienta\u00e7\u00e3o de instrutores locais experientes<br \/>\nUma caixa com os teus pr\u00f3prios past\u00e9is para levares para casa<\/p>\n<p>&nbsp;<\/p>","protected":false},"excerpt":{"rendered":"<p>Indulge in Portugal\u2019s sweetest tradition with a Pastel de Nata baking workshop \ud83e\udd6e Craving an authentic taste of Lisbon? Join this hands-on pastel de nata workshop and learn how to create the iconic Portuguese custard tart \u2014 from the velvety filling to the perfectly crisp, flaky pastry. Set in a fully equipped kitchen in Lisbon, [&hellip;]<\/p>\n","protected":false},"featured_media":0,"comment_status":"open","ping_status":"closed","template":"","meta":[],"product_brand":[],"product_cat":[62],"product_tag":[],"class_list":{"0":"post-16459","1":"product","2":"type-product","3":"status-publish","5":"product_cat-listeo-booking","7":"first","8":"instock","9":"virtual","10":"sold-individually","11":"taxable","12":"purchasable","13":"product-type-listing_booking"},"_links":{"self":[{"href":"https:\/\/handson.pt\/pt\/wp-json\/wp\/v2\/product\/16459","targetHints":{"allow":["GET"]}}],"collection":[{"href":"https:\/\/handson.pt\/pt\/wp-json\/wp\/v2\/product"}],"about":[{"href":"https:\/\/handson.pt\/pt\/wp-json\/wp\/v2\/types\/product"}],"replies":[{"embeddable":true,"href":"https:\/\/handson.pt\/pt\/wp-json\/wp\/v2\/comments?post=16459"}],"wp:attachment":[{"href":"https:\/\/handson.pt\/pt\/wp-json\/wp\/v2\/media?parent=16459"}],"wp:term":[{"taxonomy":"product_brand","embeddable":true,"href":"https:\/\/handson.pt\/pt\/wp-json\/wp\/v2\/product_brand?post=16459"},{"taxonomy":"product_cat","embeddable":true,"href":"https:\/\/handson.pt\/pt\/wp-json\/wp\/v2\/product_cat?post=16459"},{"taxonomy":"product_tag","embeddable":true,"href":"https:\/\/handson.pt\/pt\/wp-json\/wp\/v2\/product_tag?post=16459"}],"curies":[{"name":"wp","href":"https:\/\/api.w.org\/{rel}","templated":true}]}}