{"id":16578,"date":"2025-08-13T15:15:13","date_gmt":"2025-08-13T14:15:13","guid":{"rendered":"https:\/\/handson.pt\/pt\/produto\/corpo-de-luz\/"},"modified":"2025-11-21T12:16:46","modified_gmt":"2025-11-21T12:16:46","slug":"corpo-de-luz","status":"publish","type":"product","link":"https:\/\/handson.pt\/pt\/product\/corpo-de-luz\/","title":{"rendered":"Dan\u00e7a contempor\u00e2nea"},"content":{"rendered":"<p>Neste Workshop junto estes tr\u00eas ensinamentos a dan\u00e7a contempor\u00e2nea , o reiki o pilates que fazem parte do meu percurso at\u00e9 agora e que me trazem sempre surpresas ,d\u00favidas e novas<br \/>\nexperi\u00eancias .<br \/>\nEsta oficina vai ser acompanhada com m\u00f9sica ao vivo , com ta\u00e7as tibetanas , handpan e outros instrumentos de percurss\u00e3o pelo m\u00fasico Gon\u00e7alo Matos.<br \/>\nO objetivo \u00e9 explorar a criatividade com exerc\u00edcios onde se explora as<br \/>\nunidades de movimento. A medita\u00e7\u00e3o vai dar espa\u00e7o ao movimento ,onde<br \/>\nv\u00e3o haver momentos mais introspetivos outros mais<br \/>\nA consci\u00eancia corporal, a presen\u00e7a vai ter como fio condutor o<br \/>\ninterior de cada um.<br \/>\nO workshop tem a dura\u00e7\u00e3o de duas horas e destina-se ao p\u00fablico em geral.<br \/>\nComo estrutura iniciamos com um aquecimento com a medita\u00e7\u00e3o das<br \/>\nAumenta o banho de luz e aumenta a energia vital.<br \/>\nVamos despertar o corpo com um trabalho de ch\u00e3o , sentir as for\u00e7as<br \/>\nopostas do corpo criando um desequilibro que encontra um equil\u00edbrio,<\/p>\n<p>perceber o que \u00e9 uma tor\u00e7\u00e3o , uma espiral , vamos apreender a falar com o<br \/>\ncorpo.<br \/>\nA improvisa\u00e7\u00e3o vai ser muito importante neste processo explorando n\u00edveis,<br \/>\ndirec\u00e7\u00f5es, partes do corpo ,a\u00e7\u00f5es ,din\u00e2micas e qualidades de movimento<br \/>\ntendo como principio a medita\u00e7\u00e3o das cores e o alinhamento dos chacras<br \/>\nVamos fazer uma dan\u00e7a inspirada na crian\u00e7a interior com uma parte de<br \/>\ncomposi\u00e7\u00e3o de cada membro que vai ser acrescentada a coreografia .<br \/>\nFinalizamos com o alongamento e o banho seco.<\/p>","protected":false},"excerpt":{"rendered":"<p>Neste Workshop junto estes tr\u00eas ensinamentos a dan\u00e7a contempor\u00e2nea , o reiki o pilates que fazem parte do meu percurso at\u00e9 agora e que me trazem sempre surpresas ,d\u00favidas e novas experi\u00eancias . Esta oficina vai ser acompanhada com m\u00f9sica ao vivo , com ta\u00e7as tibetanas , handpan e outros instrumentos de percurss\u00e3o pelo m\u00fasico [&hellip;]<\/p>\n","protected":false},"featured_media":0,"comment_status":"open","ping_status":"closed","template":"","meta":[],"product_brand":[],"product_cat":[62],"product_tag":[],"class_list":{"0":"post-16578","1":"product","2":"type-product","3":"status-publish","5":"product_cat-listeo-booking","7":"first","8":"instock","9":"virtual","10":"sold-individually","11":"taxable","12":"purchasable","13":"product-type-listing_booking"},"_links":{"self":[{"href":"https:\/\/handson.pt\/pt\/wp-json\/wp\/v2\/product\/16578","targetHints":{"allow":["GET"]}}],"collection":[{"href":"https:\/\/handson.pt\/pt\/wp-json\/wp\/v2\/product"}],"about":[{"href":"https:\/\/handson.pt\/pt\/wp-json\/wp\/v2\/types\/product"}],"replies":[{"embeddable":true,"href":"https:\/\/handson.pt\/pt\/wp-json\/wp\/v2\/comments?post=16578"}],"wp:attachment":[{"href":"https:\/\/handson.pt\/pt\/wp-json\/wp\/v2\/media?parent=16578"}],"wp:term":[{"taxonomy":"product_brand","embeddable":true,"href":"https:\/\/handson.pt\/pt\/wp-json\/wp\/v2\/product_brand?post=16578"},{"taxonomy":"product_cat","embeddable":true,"href":"https:\/\/handson.pt\/pt\/wp-json\/wp\/v2\/product_cat?post=16578"},{"taxonomy":"product_tag","embeddable":true,"href":"https:\/\/handson.pt\/pt\/wp-json\/wp\/v2\/product_tag?post=16578"}],"curies":[{"name":"wp","href":"https:\/\/api.w.org\/{rel}","templated":true}]}}