{"id":16580,"date":"2025-08-13T15:15:22","date_gmt":"2025-08-13T14:15:22","guid":{"rendered":"https:\/\/handson.pt\/pt\/produto\/corpo-de-luz-2\/"},"modified":"2025-12-03T16:17:10","modified_gmt":"2025-12-03T16:17:10","slug":"corpo-de-luz-2","status":"publish","type":"product","link":"https:\/\/handson.pt\/pt\/product\/corpo-de-luz-2\/","title":{"rendered":"Corpo de Luz - Workshop de Dan\u00e7a Contempor\u00e2nea, Reiki e Pilates"},"content":{"rendered":"<h2 data-start=\"526\" data-end=\"558\">Um workshop \u00fanico em Almada<\/h2>\n<p data-start=\"559\" data-end=\"821\">Isto <strong data-start=\"564\" data-end=\"586\">workshop em Lisboa<\/strong> re\u00fane tr\u00eas pr\u00e1ticas que moldaram o percurso do my: <strong data-start=\"648\" data-end=\"690\">dan\u00e7a contempor\u00e2nea, Reiki e Pilates<\/strong>. Cada um deles abre portas \u00e0 criatividade, \u00e0 consci\u00eancia e \u00e0 auto-descoberta, oferecendo surpresas constantes, perguntas e novas experi\u00eancias.<\/p>\n<p data-start=\"823\" data-end=\"1029\">Para tornar esta experi\u00eancia ainda mais especial, o workshop ser\u00e1 acompanhado por <strong data-start=\"902\" data-end=\"916\">m\u00fasica ao vivo<\/strong> com ta\u00e7as de canto tibetanas, handpan e outros instrumentos de percuss\u00e3o executados pelo m\u00fasico <strong data-start=\"1009\" data-end=\"1026\">Gon\u00e7alo Matos<\/strong>.<\/p>\n<h2 data-start=\"1036\" data-end=\"1055\"><\/h2>\n<h2 data-start=\"1036\" data-end=\"1055\">O que esperar<\/h2>\n<p data-start=\"1056\" data-end=\"1299\">O objetivo principal \u00e9 <strong data-start=\"1076\" data-end=\"1115\">explora a criatividade atrav\u00e9s do movimento<\/strong>A tua experi\u00eancia \u00e9 guiada pela introspe\u00e7\u00e3o e pela partilha colectiva. Os participantes conectar-se-\u00e3o com <strong data-start=\"1201\" data-end=\"1248\">consci\u00eancia corporal, presen\u00e7a e equil\u00edbrio interior<\/strong>Utiliza o fluxo entre a medita\u00e7\u00e3o e o movimento.<\/p>\n<p data-start=\"1301\" data-end=\"1411\">Esta sess\u00e3o de duas horas <strong data-start=\"1315\" data-end=\"1356\">dan\u00e7a e bem-estar workshop em Almada<\/strong> est\u00e1 aberto a todos, independentemente do teu n\u00edvel de experi\u00eancia.<\/p>\n<h2 data-start=\"1418\" data-end=\"1441\"><\/h2>\n<h2 data-start=\"1418\" data-end=\"1441\">Estrutura da oficina<\/h2>\n<h3 data-start=\"1443\" data-end=\"1472\">1. Medita\u00e7\u00e3o e aquecimento<\/h3>\n<p data-start=\"1473\" data-end=\"1553\">Come\u00e7amos com a medita\u00e7\u00e3o das ra\u00edzes, o banho de luz e a ativa\u00e7\u00e3o da energia vital.<\/p>\n<h3 data-start=\"1555\" data-end=\"1582\">2. Desperta o corpo<\/h3>\n<p data-start=\"1583\" data-end=\"1715\">Atrav\u00e9s do trabalho de ch\u00e3o, exploramos as for\u00e7as de oposi\u00e7\u00e3o, o desequil\u00edbrio e o equil\u00edbrio, as espirais e as tor\u00e7\u00f5es, aprendendo a \"falar\" atrav\u00e9s do corpo.<\/p>\n<h3 data-start=\"1717\" data-end=\"1758\">3. Improvisa\u00e7\u00e3o e alinhamento dos chakras<\/h3>\n<p data-start=\"1759\" data-end=\"1931\">A improvisa\u00e7\u00e3o guiar\u00e1 os participantes a explorar diferentes n\u00edveis, direc\u00e7\u00f5es, din\u00e2micas e qualidades de movimento, inspirados pela medita\u00e7\u00e3o da cor e pela <strong data-start=\"1908\" data-end=\"1928\">alinhamento dos chakras<\/strong>.<\/p>\n<h3 data-start=\"1933\" data-end=\"1979\">4. Dan\u00e7a da crian\u00e7a interior e composi\u00e7\u00e3o de grupo<\/h3>\n<p data-start=\"1980\" data-end=\"2112\">Juntos, vamos criar uma dan\u00e7a inspirada no <strong data-start=\"2029\" data-end=\"2044\">crian\u00e7a interior<\/strong>onde cada participante contribui para uma coreografia colectiva.<\/p>\n<h3 data-start=\"2114\" data-end=\"2143\">5. Encerramento e relaxamento<\/h3>\n<p data-start=\"2144\" data-end=\"2232\">Terminamos com alongamentos e um \"banho seco\" simb\u00f3lico, deixando o corpo e a mente revigorados.<\/p>\n<h2 data-start=\"2239\" data-end=\"2277\"><\/h2>\n<h2 data-start=\"2239\" data-end=\"2277\">Porqu\u00ea participar neste Workshop em Almada?<\/h2>\n<ul data-start=\"2278\" data-end=\"2526\">\n<li data-start=\"2278\" data-end=\"2346\">\n<p data-start=\"2280\" data-end=\"2346\">Liga a dan\u00e7a contempor\u00e2nea, o Reiki e o Pilates de uma forma hol\u00edstica<\/p>\n<\/li>\n<li data-start=\"2347\" data-end=\"2407\">\n<p data-start=\"2349\" data-end=\"2407\">Experi\u00eancia <strong data-start=\"2360\" data-end=\"2405\">m\u00fasica ao vivo com ta\u00e7as tibetanas e handpan<\/strong><\/p>\n<\/li>\n<li data-start=\"2408\" data-end=\"2463\">\n<p data-start=\"2410\" data-end=\"2463\">Melhora a consci\u00eancia corporal, a criatividade e a aten\u00e7\u00e3o plena<\/p>\n<\/li>\n<li data-start=\"2464\" data-end=\"2526\">\n<p data-start=\"2466\" data-end=\"2526\">Adequado tanto para principiantes como para praticantes experientes<\/p>\n<\/li>\n<\/ul>\n<p data-start=\"2533\" data-end=\"2662\">\ud83d\udc49 <strong data-start=\"2536\" data-end=\"2557\">Junta-te a n\u00f3s em Lisboa<\/strong> para este workshop transformador que mistura movimento, cura e criatividade numa experi\u00eancia \u00fanica.<\/p>","protected":false},"excerpt":{"rendered":"<p>A Unique Workshop in Almada This workshop in Lisbon brings together three practices that have shaped my journey: contemporary dance, Reiki, and Pilates. Each one opens doors to creativity, awareness, and self-discovery, offering constant surprises, questions, and new experiences. To make this experience even more special, the workshop will be accompanied by live music with [&hellip;]<\/p>\n","protected":false},"featured_media":0,"comment_status":"open","ping_status":"closed","template":"","meta":[],"product_brand":[],"product_cat":[62],"product_tag":[],"class_list":{"0":"post-16580","1":"product","2":"type-product","3":"status-publish","5":"product_cat-listeo-booking","7":"first","8":"instock","9":"virtual","10":"sold-individually","11":"purchasable","12":"product-type-listing_booking"},"_links":{"self":[{"href":"https:\/\/handson.pt\/pt\/wp-json\/wp\/v2\/product\/16580","targetHints":{"allow":["GET"]}}],"collection":[{"href":"https:\/\/handson.pt\/pt\/wp-json\/wp\/v2\/product"}],"about":[{"href":"https:\/\/handson.pt\/pt\/wp-json\/wp\/v2\/types\/product"}],"replies":[{"embeddable":true,"href":"https:\/\/handson.pt\/pt\/wp-json\/wp\/v2\/comments?post=16580"}],"wp:attachment":[{"href":"https:\/\/handson.pt\/pt\/wp-json\/wp\/v2\/media?parent=16580"}],"wp:term":[{"taxonomy":"product_brand","embeddable":true,"href":"https:\/\/handson.pt\/pt\/wp-json\/wp\/v2\/product_brand?post=16580"},{"taxonomy":"product_cat","embeddable":true,"href":"https:\/\/handson.pt\/pt\/wp-json\/wp\/v2\/product_cat?post=16580"},{"taxonomy":"product_tag","embeddable":true,"href":"https:\/\/handson.pt\/pt\/wp-json\/wp\/v2\/product_tag?post=16580"}],"curies":[{"name":"wp","href":"https:\/\/api.w.org\/{rel}","templated":true}]}}