{"id":17148,"date":"2025-09-09T15:00:21","date_gmt":"2025-09-09T14:00:21","guid":{"rendered":"https:\/\/handson.pt\/product\/candle-making-workshop-in-lisbon-2\/"},"modified":"2026-02-09T14:32:15","modified_gmt":"2026-02-09T14:32:15","slug":"candle-making-workshop-in-lisbon-2","status":"publish","type":"product","link":"https:\/\/handson.pt\/pt\/product\/candle-making-workshop-in-lisbon-2\/","title":{"rendered":"Workshop de fabrico de velas - Ingredientes naturais (hotel Moxy Lisbon City)"},"content":{"rendered":"<p>Cria a tua pr\u00f3pria vela ecol\u00f3gica num workshop acolhedor e pr\u00e1tico em Lisboa \ud83d\udd6f\ufe0f<br \/>\nTransforma o ambiente da tua casa com uma vela artesanal feita por TI! Junta-te \u00e0 Emily do Palmtree Candle Studio para uma noite acolhedora de fabrico de velas sustent\u00e1veis. Neste workshop \u00edntimo, vais criar uma bela vela ecol\u00f3gica enquanto aprendes t\u00e9cnicas que podes usar para sempre.<\/p>\n<p>&nbsp;<\/p>\n<p>Porqu\u00ea juntares-te a n\u00f3s?<br \/>\nCria uma vela personalizada que combina perfeitamente com o ambiente da tua casa<br \/>\nAprende a fazer velas sustent\u00e1veis utilizando cera vegetal e materiais reciclados<br \/>\nLeva para casa uma bela cria\u00e7\u00e3o que arde mais limpa e durante mais tempo do que a comprada na loja<\/p>\n<p>&nbsp;<\/p>\n<p>O que inclui:<br \/>\n\ud83d\udd6f\ufe0f Todos os materiais ecol\u00f3gicos (cera vegetal, mechas de algod\u00e3o reciclado, recipientes)<br \/>\n\ud83d\udd6f\ufe0f Uma sele\u00e7\u00e3o de \u00f3leos de fragr\u00e2ncias naturais \u00e0 tua escolha<br \/>\n\ud83d\udd6f\ufe0f Orienta\u00e7\u00e3o passo a passo da especialista em velas Emily<br \/>\n\ud83d\udd6f\ufe0f A tua vela acabada para levares para casa e desfrutares<\/p>\n<p>&nbsp;<\/p>\n<p>Nota: Este workshop para principiantes d\u00e1 as boas-vindas a todos a partir dos 12 anos! A dimens\u00e3o \u00edntima do grupo (m\u00e1ximo de 9 pessoas) garante-te aten\u00e7\u00e3o pessoal na atmosfera vibrante do hotel Moxy Lisbon City. N\u00e3o \u00e9 necess\u00e1ria experi\u00eancia - traz apenas a tua criatividade!<\/p>\n<p>Vagas limitadas! Reserva j\u00e1 em handson.pt e ilumina a tua vida com artesanato sustent\u00e1vel!<\/p>","protected":false},"excerpt":{"rendered":"<p>Craft your own eco-friendly candle in a cosy, hands-on workshop in Lisbon \ud83d\udd6f\ufe0f Transform your home atmosphere with a handcrafted candle made by YOU! Join Emily from Palmtree Candle Studio for a cozy evening of sustainable candle making. In this intimate workshop, you\u2019ll create a beautiful eco-friendly candle while learning skills you can use forever. [&hellip;]<\/p>\n","protected":false},"featured_media":0,"comment_status":"open","ping_status":"closed","template":"","meta":[],"product_brand":[],"product_cat":[62],"product_tag":[],"class_list":{"0":"post-17148","1":"product","2":"type-product","3":"status-publish","5":"product_cat-listeo-booking","7":"first","8":"instock","9":"virtual","10":"sold-individually","11":"taxable","12":"purchasable","13":"product-type-listing_booking"},"_links":{"self":[{"href":"https:\/\/handson.pt\/pt\/wp-json\/wp\/v2\/product\/17148","targetHints":{"allow":["GET"]}}],"collection":[{"href":"https:\/\/handson.pt\/pt\/wp-json\/wp\/v2\/product"}],"about":[{"href":"https:\/\/handson.pt\/pt\/wp-json\/wp\/v2\/types\/product"}],"replies":[{"embeddable":true,"href":"https:\/\/handson.pt\/pt\/wp-json\/wp\/v2\/comments?post=17148"}],"wp:attachment":[{"href":"https:\/\/handson.pt\/pt\/wp-json\/wp\/v2\/media?parent=17148"}],"wp:term":[{"taxonomy":"product_brand","embeddable":true,"href":"https:\/\/handson.pt\/pt\/wp-json\/wp\/v2\/product_brand?post=17148"},{"taxonomy":"product_cat","embeddable":true,"href":"https:\/\/handson.pt\/pt\/wp-json\/wp\/v2\/product_cat?post=17148"},{"taxonomy":"product_tag","embeddable":true,"href":"https:\/\/handson.pt\/pt\/wp-json\/wp\/v2\/product_tag?post=17148"}],"curies":[{"name":"wp","href":"https:\/\/api.w.org\/{rel}","templated":true}]}}