{"id":17230,"date":"2025-09-10T19:07:33","date_gmt":"2025-09-10T18:07:33","guid":{"rendered":"https:\/\/handson.pt\/product\/manmaid-woodworking-workshops\/"},"modified":"2026-04-08T13:51:01","modified_gmt":"2026-04-08T12:51:01","slug":"manmaid-woodworking-workshops","status":"publish","type":"product","link":"https:\/\/handson.pt\/pt\/product\/manmaid-woodworking-workshops\/","title":{"rendered":"Faz a tua pr\u00f3pria t\u00e1bua de cortar"},"content":{"rendered":"<p data-start=\"412\" data-end=\"722\">Junta-te a n\u00f3s para um dia inteiro de trabalho em madeira workshop onde ir\u00e1s desenhar e criar a tua pr\u00f3pria t\u00e1bua de cortar feita \u00e0 m\u00e3o. Guiado por instrutores experientes, trabalhar\u00e1s com madeira ex\u00f3tica de alta qualidade e m\u00e1quinas de carpintaria profissionais para aprenderes compet\u00eancias essenciais de carpintaria enquanto crias uma pe\u00e7a \u00fanica para levares para casa.<\/p>\n<p data-start=\"412\" data-end=\"722\">The price of the workshop 300\u20ac is a fixed price that cover 1 or 4 participants, the avalibility can be discussed if you make an enquiry with a date suggestion.<\/p>\n<h2 data-start=\"724\" data-end=\"746\"><b>O que vais aprender<\/b><\/h2>\n<p data-start=\"748\" data-end=\"948\">O dia come\u00e7a com a sele\u00e7\u00e3o de belas madeiras em bruto e a sua transforma\u00e7\u00e3o em madeira dimensional. Passo a passo, ser-te-\u00e3o apresentadas as t\u00e9cnicas de trabalho da madeira e de fabrico de m\u00f3veis, incluindo:<\/p>\n<ul data-start=\"949\" data-end=\"1078\">\n<li data-start=\"949\" data-end=\"981\">\n<p data-start=\"951\" data-end=\"981\">Marcenaria de biscoitos para colagens<\/p>\n<\/li>\n<li data-start=\"982\" data-end=\"1022\">\n<p data-start=\"984\" data-end=\"1022\">Lixa com precis\u00e3o para uma superf\u00edcie lisa<\/p>\n<\/li>\n<li data-start=\"1023\" data-end=\"1078\">\n<p data-start=\"1025\" data-end=\"1078\">M\u00e9todos de acabamento que protegem e valorizam a madeira<\/p>\n<\/li>\n<\/ul>\n<p data-start=\"1080\" data-end=\"1237\">No final da aula, compreender\u00e1s todo o processo de fabrico de t\u00e1buas e sair\u00e1s com conhecimentos pr\u00e1ticos de carpintaria que poder\u00e1s utilizar em projectos futuros.<\/p>\n<h2 data-start=\"1239\" data-end=\"1259\"><b>\u00a0<\/b><\/h2>\n<h2 data-start=\"1239\" data-end=\"1259\"><b>O que est\u00e1 inclu\u00eddo<\/b><\/h2>\n<ul data-start=\"1261\" data-end=\"1491\">\n<li data-start=\"1261\" data-end=\"1310\">\n<p data-start=\"1263\" data-end=\"1310\">Acompanhamento profissional durante todo o workshop<\/p>\n<\/li>\n<li data-start=\"1311\" data-end=\"1358\">\n<p data-start=\"1313\" data-end=\"1358\">Todas as ferramentas, m\u00e1quinas e materiais fornecidos<\/p>\n<\/li>\n<li data-start=\"1359\" data-end=\"1406\">\n<p data-start=\"1361\" data-end=\"1406\">Madeira ex\u00f3tica de alta qualidade para o teu projeto<\/p>\n<\/li>\n<li data-start=\"1407\" data-end=\"1445\">\n<p data-start=\"1409\" data-end=\"1445\">Caf\u00e9 de cortesia durante os intervalos<\/p>\n<\/li>\n<li data-start=\"1446\" data-end=\"1491\">\n<p data-start=\"1448\" data-end=\"1491\">Uma t\u00e1bua de cortar artesanal para levares para casa<\/p>\n<\/li>\n<\/ul>\n<h2 data-start=\"1493\" data-end=\"1514\"><b>\u00a0<\/b><\/h2>\n<h2 data-start=\"1493\" data-end=\"1514\"><b>Detalhes da oficina<\/b><\/h2>\n<ul data-start=\"1516\" data-end=\"1783\">\n<li data-start=\"1516\" data-end=\"1574\">\n<p data-start=\"1518\" data-end=\"1574\">Dura\u00e7\u00e3o: 9:00 - 17:00 (dia inteiro de trabalho em madeira workshop)<\/p>\n<\/li>\n<li data-start=\"1575\" data-end=\"1645\">\n<p data-start=\"1577\" data-end=\"1645\">Almo\u00e7o: Pausa de uma hora (traz o teu pr\u00f3prio almo\u00e7o ou vai a um caf\u00e9 local)<\/p>\n<\/li>\n<li data-start=\"1646\" data-end=\"1691\">\n<p data-start=\"1648\" data-end=\"1691\">Localiza-te: Est\u00fadio de carpintaria totalmente equipado<\/p>\n<\/li>\n<li data-start=\"1692\" data-end=\"1765\">\n<p data-start=\"1694\" data-end=\"1765\">N\u00edvel: Adequado para principiantes, sem necessidade de experi\u00eancia pr\u00e9via em trabalhos em madeira<\/p>\n<\/li>\n<li data-start=\"1766\" data-end=\"1783\">\n<p data-start=\"1768\" data-end=\"1783\">Idade: 18+ apenas<\/p>\n<\/li>\n<\/ul>\n<h2 data-start=\"1785\" data-end=\"1802\"><b>\u00a0<\/b><\/h2>\n<h2 data-start=\"1785\" data-end=\"1802\"><b>\u00c9 bom saberes<\/b><\/h2>\n<ul data-start=\"1804\" data-end=\"1938\">\n<li data-start=\"1804\" data-end=\"1846\">\n<p data-start=\"1806\" data-end=\"1846\">O cabelo comprido deve ser atado para tr\u00e1s por raz\u00f5es de seguran\u00e7a<\/p>\n<\/li>\n<li data-start=\"1847\" data-end=\"1880\">\n<p data-start=\"1849\" data-end=\"1880\">Evita roupas largas ou largas<\/p>\n<\/li>\n<li data-start=\"1881\" data-end=\"1938\">\n<p data-start=\"1883\" data-end=\"1938\">Prepara-te para um dia criativo e cheio de p\u00f3 com o workshop<\/p>\n<\/li>\n<\/ul>\n<h2 data-start=\"1940\" data-end=\"1978\"><b>\u00a0<\/b><\/h2>\n<h2 data-start=\"1940\" data-end=\"1978\"><b>Leva para casa a tua pr\u00f3pria t\u00e1bua de cortar<\/b><\/h2>\n<p data-start=\"1980\" data-end=\"2214\">Este trabalho em madeira workshop n\u00e3o \u00e9 apenas para aprenderes t\u00e9cnicas, mas tamb\u00e9m para criares algo \u00fatil e bonito. A tua t\u00e1bua de cortar feita \u00e0 m\u00e3o \u00e9 um presente perfeito ou um complemento \u00fanico para a tua cozinha, feito inteiramente por ti.<\/p>\n<p>&nbsp;<\/p>","protected":false},"excerpt":{"rendered":"<p>Join us for a full-day woodworking workshop where you will design and craft your own handmade chopping board. Guided by experienced instructors, you will work with high-quality exotic timber and professional carpentry machines to learn essential woodworking skills while creating a unique piece to take home. The price of the workshop 300\u20ac is a fixed [&hellip;]<\/p>\n","protected":false},"featured_media":17224,"comment_status":"open","ping_status":"closed","template":"","meta":[],"product_brand":[],"product_cat":[62],"product_tag":[],"class_list":{"0":"post-17230","1":"product","2":"type-product","3":"status-publish","4":"has-post-thumbnail","6":"product_cat-listeo-booking","8":"first","9":"instock","10":"virtual","11":"sold-individually","12":"taxable","13":"purchasable","14":"product-type-listing_booking"},"_links":{"self":[{"href":"https:\/\/handson.pt\/pt\/wp-json\/wp\/v2\/product\/17230","targetHints":{"allow":["GET"]}}],"collection":[{"href":"https:\/\/handson.pt\/pt\/wp-json\/wp\/v2\/product"}],"about":[{"href":"https:\/\/handson.pt\/pt\/wp-json\/wp\/v2\/types\/product"}],"replies":[{"embeddable":true,"href":"https:\/\/handson.pt\/pt\/wp-json\/wp\/v2\/comments?post=17230"}],"wp:featuredmedia":[{"embeddable":true,"href":"https:\/\/handson.pt\/pt\/wp-json\/wp\/v2\/media\/17224"}],"wp:attachment":[{"href":"https:\/\/handson.pt\/pt\/wp-json\/wp\/v2\/media?parent=17230"}],"wp:term":[{"taxonomy":"product_brand","embeddable":true,"href":"https:\/\/handson.pt\/pt\/wp-json\/wp\/v2\/product_brand?post=17230"},{"taxonomy":"product_cat","embeddable":true,"href":"https:\/\/handson.pt\/pt\/wp-json\/wp\/v2\/product_cat?post=17230"},{"taxonomy":"product_tag","embeddable":true,"href":"https:\/\/handson.pt\/pt\/wp-json\/wp\/v2\/product_tag?post=17230"}],"curies":[{"name":"wp","href":"https:\/\/api.w.org\/{rel}","templated":true}]}}