{"id":17264,"date":"2025-09-11T02:09:15","date_gmt":"2025-09-11T01:09:15","guid":{"rendered":"https:\/\/handson.pt\/product\/watercolor-flower-pattern\/"},"modified":"2026-03-12T12:34:11","modified_gmt":"2026-03-12T12:34:11","slug":"watercolor-flower-pattern","status":"publish","type":"product","link":"https:\/\/handson.pt\/pt\/product\/watercolor-flower-pattern\/","title":{"rendered":"Oficina de padr\u00f5es de flores em aguarela"},"content":{"rendered":"<h2 data-start=\"509\" data-end=\"543\">Uma oficina criativa em Lisboa<\/h2>\n<p data-start=\"544\" data-end=\"816\">Junta-te a este <strong data-start=\"554\" data-end=\"602\">Workshop de padr\u00f5es florais em aguarela em Lisboa<\/strong> e descobre as alegrias da pintura a aguarela num ambiente descontra\u00eddo e inspirador. Guiado pelo nosso artista experiente, aprender\u00e1s uma t\u00e9cnica de aguarela f\u00e1cil e divertida para criar <strong data-start=\"784\" data-end=\"813\">bonitos padr\u00f5es florais<\/strong>.<\/p>\n<h2 data-start=\"823\" data-end=\"848\"><\/h2>\n<h2 data-start=\"823\" data-end=\"848\">O que vais criar<\/h2>\n<p data-start=\"849\" data-end=\"1107\">No final do workshop ter\u00e1s o teu pr\u00f3prio <strong data-start=\"899\" data-end=\"935\">arte \u00fanica de flores em aguarela<\/strong>O teu trabalho \u00e9 muito simples, guiado passo a passo e cheio de possibilidades criativas. Este workshop \u00e9 perfeito para principiantes e para todos os que queiram explorar a versatilidade do <strong data-start=\"1081\" data-end=\"1104\">pintura a aguarela<\/strong>.<\/p>\n<h2 data-start=\"1114\" data-end=\"1134\"><\/h2>\n<h2 data-start=\"1114\" data-end=\"1134\">O que est\u00e1 inclu\u00eddo<\/h2>\n<ul data-start=\"1135\" data-end=\"1377\">\n<li data-start=\"1135\" data-end=\"1233\">\n<p data-start=\"1137\" data-end=\"1233\">Todos os materiais necess\u00e1rios para criares a tua obra de arte (papel, pinc\u00e9is, aguarelas e outras ferramentas)<\/p>\n<\/li>\n<li data-start=\"1234\" data-end=\"1281\">\n<p data-start=\"1236\" data-end=\"1281\">Orienta\u00e7\u00e3o de um artista competente e simp\u00e1tico<\/p>\n<\/li>\n<li data-start=\"1282\" data-end=\"1331\">\n<p data-start=\"1284\" data-end=\"1331\">Um copo de vinho, ch\u00e1 ou caf\u00e9 de cortesia<\/p>\n<\/li>\n<li data-start=\"1332\" data-end=\"1377\">\n<p data-start=\"1334\" data-end=\"1377\">Lanches ligeiros para desfrutares durante o workshop<\/p>\n<\/li>\n<\/ul>\n<h2 data-start=\"1384\" data-end=\"1405\"><\/h2>\n<h2 data-start=\"1384\" data-end=\"1405\">Detalhes da oficina<\/h2>\n<ul data-start=\"1407\" data-end=\"1638\">\n<li data-start=\"1407\" data-end=\"1436\">\n<p data-start=\"1409\" data-end=\"1436\">Dura\u00e7\u00e3o: cerca de 2 horas<\/p>\n<\/li>\n<li data-start=\"1437\" data-end=\"1475\">\n<p data-start=\"1439\" data-end=\"1475\">Localiza-te: Lisboa<\/p>\n<\/li>\n<li data-start=\"1476\" data-end=\"1583\">\n<p data-start=\"1478\" data-end=\"1583\">Ponto de encontro: O tutor encontrar-se-\u00e1 com os participantes na porta da frente 10 minutos antes do in\u00edcio do workshop. Se chegares atrasado, toca a campainha n\u00famero 249.<\/p>\n<\/li>\n<\/ul>\n<h2 data-start=\"1645\" data-end=\"1709\"><\/h2>\n<h2 data-start=\"1645\" data-end=\"1709\">Porqu\u00ea participar neste workshop de padr\u00f5es de flores em aguarela em Lisboa?<\/h2>\n<ul data-start=\"1710\" data-end=\"1971\">\n<li data-start=\"1710\" data-end=\"1759\">\n<p data-start=\"1712\" data-end=\"1759\">Aprende t\u00e9cnicas de aguarela f\u00e1ceis e criativas<\/p>\n<\/li>\n<li data-start=\"1760\" data-end=\"1837\">\n<p data-start=\"1762\" data-end=\"1837\">Cria belos padr\u00f5es florais com a orienta\u00e7\u00e3o de um artista experiente<\/p>\n<\/li>\n<li data-start=\"1838\" data-end=\"1900\">\n<p data-start=\"1840\" data-end=\"1900\">Desfruta de um ambiente descontra\u00eddo e divertido com bebidas e snacks<\/p>\n<\/li>\n<li data-start=\"1901\" data-end=\"1971\">\n<p data-start=\"1903\" data-end=\"1971\">Perfeito para principiantes e para quem quer explorar a arte da aguarela<\/p>\n<\/li>\n<\/ul>\n<p data-start=\"1978\" data-end=\"2067\">\ud83d\udc49 <strong data-start=\"1981\" data-end=\"2009\">Reserva o teu lugar em Lisboa<\/strong> e d\u00e1 vida \u00e0s tuas pr\u00f3prias cria\u00e7\u00f5es de flores em aguarela.<\/p>","protected":false},"excerpt":{"rendered":"<p>A Creative Workshop in Lisbon Join this Watercolor Flower Pattern Workshop in Lisbon and discover the joys of watercolor painting in a relaxed and inspiring environment. Guided by our experienced artist, you will learn an easy and fun watercolor technique to create beautiful floral patterns. What You Will Create By the end of the workshop [&hellip;]<\/p>\n","protected":false},"featured_media":17263,"comment_status":"open","ping_status":"closed","template":"","meta":[],"product_brand":[],"product_cat":[62],"product_tag":[],"class_list":{"0":"post-17264","1":"product","2":"type-product","3":"status-publish","4":"has-post-thumbnail","6":"product_cat-listeo-booking","8":"first","9":"instock","10":"virtual","11":"sold-individually","12":"taxable","13":"purchasable","14":"product-type-listing_booking"},"_links":{"self":[{"href":"https:\/\/handson.pt\/pt\/wp-json\/wp\/v2\/product\/17264","targetHints":{"allow":["GET"]}}],"collection":[{"href":"https:\/\/handson.pt\/pt\/wp-json\/wp\/v2\/product"}],"about":[{"href":"https:\/\/handson.pt\/pt\/wp-json\/wp\/v2\/types\/product"}],"replies":[{"embeddable":true,"href":"https:\/\/handson.pt\/pt\/wp-json\/wp\/v2\/comments?post=17264"}],"wp:featuredmedia":[{"embeddable":true,"href":"https:\/\/handson.pt\/pt\/wp-json\/wp\/v2\/media\/17263"}],"wp:attachment":[{"href":"https:\/\/handson.pt\/pt\/wp-json\/wp\/v2\/media?parent=17264"}],"wp:term":[{"taxonomy":"product_brand","embeddable":true,"href":"https:\/\/handson.pt\/pt\/wp-json\/wp\/v2\/product_brand?post=17264"},{"taxonomy":"product_cat","embeddable":true,"href":"https:\/\/handson.pt\/pt\/wp-json\/wp\/v2\/product_cat?post=17264"},{"taxonomy":"product_tag","embeddable":true,"href":"https:\/\/handson.pt\/pt\/wp-json\/wp\/v2\/product_tag?post=17264"}],"curies":[{"name":"wp","href":"https:\/\/api.w.org\/{rel}","templated":true}]}}