{"id":17472,"date":"2025-09-12T23:29:50","date_gmt":"2025-09-12T22:29:50","guid":{"rendered":"https:\/\/handson.pt\/product\/youre-going-to-this-event-abstract-oil-painting-workshop\/"},"modified":"2026-04-14T00:20:50","modified_gmt":"2026-04-13T23:20:50","slug":"youre-going-to-this-event-abstract-oil-painting-workshop","status":"publish","type":"product","link":"https:\/\/handson.pt\/pt\/product\/youre-going-to-this-event-abstract-oil-painting-workshop\/","title":{"rendered":"Workshop de pintura abstrata a \u00f3leo"},"content":{"rendered":"<ol>\n<li data-start=\"499\" data-end=\"533\">Uma oficina criativa em Lisboa<\/li>\n<\/ol>\n<p data-start=\"534\" data-end=\"817\">Junta-te a este <strong data-start=\"544\" data-end=\"588\">Workshop de Pintura Abstrata a \u00d3leo em Lisboa<\/strong> e descobre a liberdade de express\u00e3o atrav\u00e9s da cor, da forma e das marcas gestuais. Guiado pelo nosso artista experiente, vais explorar <strong data-start=\"721\" data-end=\"748\">t\u00e9cnicas de pintura a \u00f3leo<\/strong> usando facas de paleta para criares a tua pr\u00f3pria obra-prima abstrata.<\/p>\n<h2 data-start=\"824\" data-end=\"849\"><\/h2>\n<h2 data-start=\"824\" data-end=\"849\">O que vais criar<\/h2>\n<p data-start=\"850\" data-end=\"1110\">No final do workshop ter\u00e1s um <strong data-start=\"893\" data-end=\"925\">pintura a \u00f3leo abstrata \u00fanica<\/strong> que reflicta o teu estilo pessoal e as tuas emo\u00e7\u00f5es. Este workshop incentiva a experimenta\u00e7\u00e3o e d\u00e1-te uma vis\u00e3o do <strong data-start=\"1042\" data-end=\"1064\">estilo de arte abstrata<\/strong>permitindo-te exprimir livremente a tua criatividade.<\/p>\n<h2 data-start=\"1117\" data-end=\"1137\"><\/h2>\n<h2 data-start=\"1117\" data-end=\"1137\">O que est\u00e1 inclu\u00eddo<\/h2>\n<ul data-start=\"1138\" data-end=\"1362\">\n<li data-start=\"1138\" data-end=\"1218\">\n<p data-start=\"1140\" data-end=\"1218\">Todos os materiais de pintura (tela, tintas a \u00f3leo, esp\u00e1tulas e outras ferramentas)<\/p>\n<\/li>\n<li data-start=\"1219\" data-end=\"1266\">\n<p data-start=\"1221\" data-end=\"1266\">Orienta\u00e7\u00e3o de um artista competente e simp\u00e1tico<\/p>\n<\/li>\n<li data-start=\"1267\" data-end=\"1316\">\n<p data-start=\"1269\" data-end=\"1316\">Um copo de vinho, ch\u00e1 ou caf\u00e9 de cortesia<\/p>\n<\/li>\n<li data-start=\"1317\" data-end=\"1362\">\n<p data-start=\"1319\" data-end=\"1362\">Lanches ligeiros para desfrutares durante o workshop<\/p>\n<\/li>\n<\/ul>\n<h2 data-start=\"124\" data-end=\"145\"><\/h2>\n<h2 data-start=\"124\" data-end=\"145\">Detalhes da oficina<\/h2>\n<ul data-start=\"147\" data-end=\"380\" data-is-only-node=\"\">\n<li data-start=\"147\" data-end=\"178\">\n<p data-start=\"149\" data-end=\"178\">Dura\u00e7\u00e3o: cerca de 2-3 horas<\/p>\n<\/li>\n<li data-start=\"179\" data-end=\"217\">\n<p data-start=\"181\" data-end=\"217\">Localiza-te: Lisboa<\/p>\n<\/li>\n<li data-start=\"218\" data-end=\"325\">\n<p data-start=\"220\" data-end=\"325\">Ponto de encontro: O tutor encontrar-se-\u00e1 com os participantes na porta da frente 10 minutos antes do in\u00edcio do workshop. Se chegares atrasado, toca a campainha n\u00famero 249.<\/p>\n<\/li>\n<\/ul>\n<h2 data-start=\"1635\" data-end=\"1695\"><\/h2>\n<h2 data-start=\"1635\" data-end=\"1695\">Porqu\u00ea participar neste Workshop de Pintura Abstrata a \u00d3leo em Lisboa?<\/h2>\n<ul data-start=\"1696\" data-end=\"1940\">\n<li data-start=\"1696\" data-end=\"1754\">\n<p data-start=\"1698\" data-end=\"1754\">Aprende <strong data-start=\"1704\" data-end=\"1731\">t\u00e9cnicas de pintura a \u00f3leo<\/strong> utilizar facas de paleta<\/p>\n<\/li>\n<li data-start=\"1755\" data-end=\"1811\">\n<p data-start=\"1757\" data-end=\"1811\">Explora a arte abstrata e desenvolve o teu estilo pessoal<\/p>\n<\/li>\n<li data-start=\"1812\" data-end=\"1883\">\n<p data-start=\"1814\" data-end=\"1883\">Cria uma obra de arte \u00fanica num ambiente de apoio e descontra\u00e7\u00e3o<\/p>\n<\/li>\n<li data-start=\"1884\" data-end=\"1940\">\n<p data-start=\"1886\" data-end=\"1940\">Perfeito para pintores principiantes e experientes<\/p>\n<\/li>\n<\/ul>\n<p data-start=\"1947\" data-end=\"2040\">\ud83d\udc49 <strong data-start=\"1950\" data-end=\"1978\">Reserva o teu lugar em Lisboa<\/strong> e deixa a tua criatividade fluir atrav\u00e9s da pintura a \u00f3leo abstrata.<\/p>","protected":false},"excerpt":{"rendered":"<p>A Creative Workshop in Lisbon Join this Abstract Oil Painting Workshop in Lisbon and discover the freedom of expression through color, shape, and gestural marks. Guided by our experienced artist, you will explore oil painting techniques using palette knives to create your very own abstract masterpiece. What You Will Create By the end of the [&hellip;]<\/p>\n","protected":false},"featured_media":17467,"comment_status":"open","ping_status":"closed","template":"","meta":[],"product_brand":[],"product_cat":[62],"product_tag":[],"class_list":{"0":"post-17472","1":"product","2":"type-product","3":"status-publish","4":"has-post-thumbnail","6":"product_cat-listeo-booking","8":"first","9":"instock","10":"virtual","11":"sold-individually","12":"taxable","13":"purchasable","14":"product-type-listing_booking"},"_links":{"self":[{"href":"https:\/\/handson.pt\/pt\/wp-json\/wp\/v2\/product\/17472","targetHints":{"allow":["GET"]}}],"collection":[{"href":"https:\/\/handson.pt\/pt\/wp-json\/wp\/v2\/product"}],"about":[{"href":"https:\/\/handson.pt\/pt\/wp-json\/wp\/v2\/types\/product"}],"replies":[{"embeddable":true,"href":"https:\/\/handson.pt\/pt\/wp-json\/wp\/v2\/comments?post=17472"}],"wp:featuredmedia":[{"embeddable":true,"href":"https:\/\/handson.pt\/pt\/wp-json\/wp\/v2\/media\/17467"}],"wp:attachment":[{"href":"https:\/\/handson.pt\/pt\/wp-json\/wp\/v2\/media?parent=17472"}],"wp:term":[{"taxonomy":"product_brand","embeddable":true,"href":"https:\/\/handson.pt\/pt\/wp-json\/wp\/v2\/product_brand?post=17472"},{"taxonomy":"product_cat","embeddable":true,"href":"https:\/\/handson.pt\/pt\/wp-json\/wp\/v2\/product_cat?post=17472"},{"taxonomy":"product_tag","embeddable":true,"href":"https:\/\/handson.pt\/pt\/wp-json\/wp\/v2\/product_tag?post=17472"}],"curies":[{"name":"wp","href":"https:\/\/api.w.org\/{rel}","templated":true}]}}