{"id":17621,"date":"2025-09-18T14:44:23","date_gmt":"2025-09-18T13:44:23","guid":{"rendered":"https:\/\/handson.pt\/pt\/produto\/integrative-nutrition-returning-to-healthy-routines\/"},"modified":"2025-10-08T17:27:11","modified_gmt":"2025-10-08T16:27:11","slug":"integrative-nutrition-returning-to-healthy-routines","status":"publish","type":"product","link":"https:\/\/handson.pt\/pt\/product\/integrative-nutrition-returning-to-healthy-routines\/","title":{"rendered":"Nutri\u00e7\u00e3o Integrativa: Regressa a rotinas saud\u00e1veis"},"content":{"rendered":"<p data-start=\"482\" data-end=\"874\">A \u00e9poca festiva traz muitas vezes indulg\u00eancia e mudan\u00e7as nos nossos h\u00e1bitos di\u00e1rios. Esta <strong data-start=\"563\" data-end=\"597\">Nutri\u00e7\u00e3o Integrativa workshop<\/strong> foi concebido para te ajudar a reconectar com o teu corpo e a voltar a <strong data-start=\"661\" data-end=\"681\">rotinas saud\u00e1veis<\/strong> com equil\u00edbrio, energia e motiva\u00e7\u00e3o. Se sentes que a tua dieta precisa de um reset, esta experi\u00eancia ir\u00e1 guiar-te na constru\u00e7\u00e3o de uma abordagem sustent\u00e1vel para <strong data-start=\"826\" data-end=\"844\">alimenta\u00e7\u00e3o saud\u00e1vel<\/strong> e a longo prazo <strong data-start=\"859\" data-end=\"871\">bem-estar<\/strong>.<\/p>\n<h2 data-start=\"876\" data-end=\"900\"><\/h2>\n<h2 data-start=\"876\" data-end=\"900\">O que vais aprender<\/h2>\n<ul data-start=\"901\" data-end=\"1123\">\n<li data-start=\"901\" data-end=\"944\">\n<p data-start=\"903\" data-end=\"944\">Como \u00e9 que o corpo reage aos excessos das f\u00e9rias<\/p>\n<\/li>\n<li data-start=\"945\" data-end=\"991\">\n<p data-start=\"947\" data-end=\"991\">A rela\u00e7\u00e3o entre alimenta\u00e7\u00e3o e bem-estar<\/p>\n<\/li>\n<li data-start=\"992\" data-end=\"1027\">\n<p data-start=\"994\" data-end=\"1027\">Nutri\u00e7\u00e3o prim\u00e1ria e secund\u00e1ria<\/p>\n<\/li>\n<li data-start=\"1028\" data-end=\"1077\">\n<p data-start=\"1030\" data-end=\"1077\">A import\u00e2ncia do sono e da gest\u00e3o do stress<\/p>\n<\/li>\n<li data-start=\"1078\" data-end=\"1123\">\n<p data-start=\"1080\" data-end=\"1123\">A sa\u00fade intestinal e o papel do microbiota<\/p>\n<\/li>\n<\/ul>\n<h2 data-start=\"1125\" data-end=\"1163\"><\/h2>\n<h2 data-start=\"1125\" data-end=\"1163\">Porque \u00e9 que a nutri\u00e7\u00e3o integrativa \u00e9 importante<\/h2>\n<p data-start=\"1164\" data-end=\"1640\"><strong data-start=\"1164\" data-end=\"1189\">Nutri\u00e7\u00e3o integrativa<\/strong> olha para a comida n\u00e3o s\u00f3 como combust\u00edvel, mas tamb\u00e9m como uma base para a sa\u00fade f\u00edsica, emocional e mental. Ao explorar a rela\u00e7\u00e3o entre <strong data-start=\"1328\" data-end=\"1390\">nutri\u00e7\u00e3o, h\u00e1bitos de vida, sono, stress e sa\u00fade intestinal<\/strong>Com esta abordagem hol\u00edstica, os participantes adquirem uma compreens\u00e3o mais profunda da forma como o corpo reage \u00e0s escolhas di\u00e1rias. Esta abordagem hol\u00edstica <strong data-start=\"1507\" data-end=\"1525\">alimenta\u00e7\u00e3o consciente<\/strong> e <strong data-start=\"1530\" data-end=\"1544\">bem-estar<\/strong> apoia a mudan\u00e7a sustent\u00e1vel, ajudando-te a criar equil\u00edbrio e resili\u00eancia na tua rotina di\u00e1ria.<\/p>\n<h2 data-start=\"1642\" data-end=\"1668\"><\/h2>\n<h2 data-start=\"1642\" data-end=\"1668\">Conhece o teu Facilitador<\/h2>\n<p data-start=\"1669\" data-end=\"2040\"><strong data-start=\"1669\" data-end=\"1684\">Sofia Silva<\/strong> \u00e9 um <strong data-start=\"1691\" data-end=\"1729\">Coach de Sa\u00fade de Nutri\u00e7\u00e3o Integrativa<\/strong> e <strong data-start=\"1734\" data-end=\"1779\">Terapeuta de Reiki Universal (Sanathana Sai)<\/strong>. O seu m\u00e9todo combina nutri\u00e7\u00e3o, mindfulness e pr\u00e1ticas hol\u00edsticas para alinhar corpo, mente e esp\u00edrito. Atrav\u00e9s de uma orienta\u00e7\u00e3o personalizada, a Sofia ajuda os participantes a desenvolver <strong data-start=\"1945\" data-end=\"1974\">h\u00e1bitos de vida equilibrados<\/strong> que promovem a vitalidade, a auto-consci\u00eancia e uma sa\u00fade duradoura.<\/p>\n<h2 data-start=\"2042\" data-end=\"2064\"><\/h2>\n<h2 data-start=\"2042\" data-end=\"2064\">Reserva o teu lugar<\/h2>\n<p data-start=\"2065\" data-end=\"2219\">Os lugares s\u00e3o limitados, por isso garante o teu lugar hoje mesmo e come\u00e7a a tua viagem de volta a uma rotina mais saud\u00e1vel e equilibrada com o apoio da nutri\u00e7\u00e3o integrativa.<\/p>","protected":false},"excerpt":{"rendered":"<p>The holiday season often brings indulgence and changes in our daily habits. This Integrative Nutrition workshop is designed to help you reconnect with your body and return to healthy routines with balance, energy, and motivation. If you feel your diet needs a reset, this experience will guide you in building a sustainable approach to healthy [&hellip;]<\/p>\n","protected":false},"featured_media":0,"comment_status":"open","ping_status":"closed","template":"","meta":[],"product_brand":[],"product_cat":[62],"product_tag":[],"class_list":{"0":"post-17621","1":"product","2":"type-product","3":"status-publish","5":"product_cat-listeo-booking","7":"first","8":"instock","9":"virtual","10":"sold-individually","11":"taxable","12":"purchasable","13":"product-type-listing_booking"},"_links":{"self":[{"href":"https:\/\/handson.pt\/pt\/wp-json\/wp\/v2\/product\/17621","targetHints":{"allow":["GET"]}}],"collection":[{"href":"https:\/\/handson.pt\/pt\/wp-json\/wp\/v2\/product"}],"about":[{"href":"https:\/\/handson.pt\/pt\/wp-json\/wp\/v2\/types\/product"}],"replies":[{"embeddable":true,"href":"https:\/\/handson.pt\/pt\/wp-json\/wp\/v2\/comments?post=17621"}],"wp:attachment":[{"href":"https:\/\/handson.pt\/pt\/wp-json\/wp\/v2\/media?parent=17621"}],"wp:term":[{"taxonomy":"product_brand","embeddable":true,"href":"https:\/\/handson.pt\/pt\/wp-json\/wp\/v2\/product_brand?post=17621"},{"taxonomy":"product_cat","embeddable":true,"href":"https:\/\/handson.pt\/pt\/wp-json\/wp\/v2\/product_cat?post=17621"},{"taxonomy":"product_tag","embeddable":true,"href":"https:\/\/handson.pt\/pt\/wp-json\/wp\/v2\/product_tag?post=17621"}],"curies":[{"name":"wp","href":"https:\/\/api.w.org\/{rel}","templated":true}]}}