{"id":17674,"date":"2025-09-22T18:09:45","date_gmt":"2025-09-22T17:09:45","guid":{"rendered":"https:\/\/handson.pt\/product\/jewelery-workshop-2\/"},"modified":"2026-03-25T13:06:43","modified_gmt":"2026-03-25T13:06:43","slug":"jewelery-workshop-2","status":"publish","type":"product","link":"https:\/\/handson.pt\/pt\/product\/jewelery-workshop-2\/","title":{"rendered":"Oficina de joalharia"},"content":{"rendered":"<p><strong>O que podes esperar:<\/strong><\/p>\n<p>Todas as j\u00f3ias ser\u00e3o completamente feitas por ti, reflectindo o teu pr\u00f3prio estilo e personalidade. Tudo isto em a\u00e7o inoxid\u00e1vel, para garantir a tua durabilidade e um brilho duradouro.<\/p>\n<p><strong>Quantas pe\u00e7as tens:<\/strong><\/p>\n<ul>\n<li>um colar com pendente ou uma pulseira com pendente<\/li>\n<li>um colar de contas<\/li>\n<li>um par de brincos<\/li>\n<\/ul>\n<p>04 pe\u00e7as no total!<\/p>\n<p><strong>Comida e bebida:<\/strong><\/p>\n<p>Cupcakes, sweets, juices and more all inspired on the season.<\/p>\n<p><strong>Dura\u00e7\u00e3o:<\/strong><\/p>\n<p>02 horas<\/p>\n<p><strong>N\u00edvel de compet\u00eancia:<\/strong><\/p>\n<p>Iniciante\/ n\u00e3o \u00e9 necess\u00e1ria experi\u00eancia<\/p>\n<p><strong>Materiais fornecidos:<\/strong><\/p>\n<p>Correntes - Anel de salto<\/p>\n<p>Encantos - Fecho de mola<\/p>\n<p>Ganchos para brincos - Extens\u00e3o<\/p>\n<p>Contas de engomar - Alicates - Contas<\/p>\n<p>Estamos muito entusiasmados por te conhecer, junta-te a n\u00f3s para um momento de boa disposi\u00e7\u00e3o, novas amizades e, claro, as j\u00f3ias mais encantadoras.<\/p>\n<p>&nbsp;<\/p>","protected":false},"excerpt":{"rendered":"<p>What to expect: All the Jewelry it will be completely made by you, reflecting your own style and personality. All of this in stainless steel, to guarantee durability and a lasting shine. How many pieces: a pendant necklace or a pendant bracelet a beaded necklace a pair of earrings 04 pieces in total! Food and [&hellip;]<\/p>\n","protected":false},"featured_media":29052,"comment_status":"open","ping_status":"closed","template":"","meta":[],"product_brand":[],"product_cat":[62],"product_tag":[],"class_list":{"0":"post-17674","1":"product","2":"type-product","3":"status-publish","4":"has-post-thumbnail","6":"product_cat-listeo-booking","8":"first","9":"instock","10":"virtual","11":"sold-individually","12":"purchasable","13":"product-type-listing_booking"},"_links":{"self":[{"href":"https:\/\/handson.pt\/pt\/wp-json\/wp\/v2\/product\/17674","targetHints":{"allow":["GET"]}}],"collection":[{"href":"https:\/\/handson.pt\/pt\/wp-json\/wp\/v2\/product"}],"about":[{"href":"https:\/\/handson.pt\/pt\/wp-json\/wp\/v2\/types\/product"}],"replies":[{"embeddable":true,"href":"https:\/\/handson.pt\/pt\/wp-json\/wp\/v2\/comments?post=17674"}],"wp:featuredmedia":[{"embeddable":true,"href":"https:\/\/handson.pt\/pt\/wp-json\/wp\/v2\/media\/29052"}],"wp:attachment":[{"href":"https:\/\/handson.pt\/pt\/wp-json\/wp\/v2\/media?parent=17674"}],"wp:term":[{"taxonomy":"product_brand","embeddable":true,"href":"https:\/\/handson.pt\/pt\/wp-json\/wp\/v2\/product_brand?post=17674"},{"taxonomy":"product_cat","embeddable":true,"href":"https:\/\/handson.pt\/pt\/wp-json\/wp\/v2\/product_cat?post=17674"},{"taxonomy":"product_tag","embeddable":true,"href":"https:\/\/handson.pt\/pt\/wp-json\/wp\/v2\/product_tag?post=17674"}],"curies":[{"name":"wp","href":"https:\/\/api.w.org\/{rel}","templated":true}]}}