{"id":17924,"date":"2025-09-26T19:22:46","date_gmt":"2025-09-26T18:22:46","guid":{"rendered":"https:\/\/handson.pt\/product\/abstract-oil-painting-workshop\/"},"modified":"2025-09-26T19:23:40","modified_gmt":"2025-09-26T18:23:40","slug":"abstract-oil-painting-workshop","status":"publish","type":"product","link":"https:\/\/handson.pt\/pt\/product\/abstract-oil-painting-workshop\/","title":{"rendered":"Workshop de pintura abstrata a \u00f3leo"},"content":{"rendered":"<p><strong>PT<\/strong><\/p>\n<p>Com a orienta\u00e7\u00e3o do nosso artista, aprender\u00e1s a pintar uma obra-prima abstrata na t\u00e9cnica de pintura a \u00f3leo. Vais explorar como pintar com cores a \u00f3leo usando apenas as facas de paleta.<\/p>\n<p><strong>Este workshop vai dar-te a perspetiva do estilo de arte abstrata e encorajar-te a experimentar e criar a tua pr\u00f3pria pintura abstrata \u00fanica. Poder\u00e1s exprimir a tua liberdade atrav\u00e9s das cores, das formas e das marcas gestuais.<\/strong><\/p>\n<p>Se queres criar uma obra de arte e exprimir os teus sentimentos, vem ao Meet Art Studio!<br \/>\n<strong>Todos os materiais de que necessitas para este workshop est\u00e3o inclu\u00eddos.<\/strong><br \/>\n<strong>Oferece um copo de vinho, ch\u00e1 ou caf\u00e9! Tamb\u00e9m tens \u00e0 disposi\u00e7\u00e3o pequenos snacks.<\/strong><br \/>\nVem ao nosso atelier criar as tuas obras de arte num ambiente agrad\u00e1vel e descontra\u00eddo!<br \/>\n*O nosso tutor encontrar-se-\u00e1 contigo na porta principal do edif\u00edcio (Lote A), 10 minutos antes do in\u00edcio do Workshop.<br \/>\nCaso chegues depois desta hora, por favor toca \u00e0 campainha (n\u00famero 249), ou liga para +351 96 649 94 43<\/p>\n<p><strong>PT<\/strong><br \/>\nCom a ajuda do nosso artista, vai aprender e explorar a arte abstrata na t\u00e9cnica de pintura a \u00f3leo. Vai explorar este estilo apenas usando as esp\u00e1tulas.<\/p>\n<p><strong>Neste workshop vais ter a oportunidade de expressar a tua liberdade atrav\u00e9s de cores, formas e marcas gestuais.<\/strong><br \/>\nSe queres criar uma obra-prima e expressar os seus sentimentos, vem a Meet Art Studio!<br \/>\n<strong>Todos os materiais necess\u00e1rios para a execu\u00e7\u00e3o das pinturas est\u00e3o inclu\u00eddos.<\/strong><br \/>\n<strong>Oferecemos um copo de vinho, ch\u00e1 ou caf\u00e9! Tamb\u00e9m disponibilizamos pequenos snacks.<\/strong><\/p>\n<p>*O nosso formador ir\u00e1 receb\u00ea-lo na entrada do Edif\u00edcio (Lote A), 10 minutos antes do in\u00edcio do Workshop.<br \/>\nSe chegar ap\u00f3s o tempo de espera, toca a campainha da Sala 249, ou contacta +351 96 649 94 43<\/p>\n<p>Para obteres mais informa\u00e7\u00f5es e reservares o teu lugar, podes faz\u00ea-lo aqui:<br \/>\nhttps:\/\/www.meetartstudio.com\/workshops-lisbon\/p\/abstract-oil-painting-workshop-2<\/p>\n<p>Ou contacta-nos:<br \/>\nWhatsApp +351 96 649 94 43<br \/>\nE-mail:\u00a0hey.meetart@gmail.com<\/p>","protected":false},"excerpt":{"rendered":"<p>EN With the guidance of our artist, you will learn how to paint an abstract masterpiece in the oil painting technique. You will explore how to paint with oil colors just by using the palette knives. This workshop will give you the perspective of the abstract art style and encourage you to experiment and create [&hellip;]<\/p>\n","protected":false},"featured_media":0,"comment_status":"open","ping_status":"closed","template":"","meta":[],"product_brand":[],"product_cat":[62],"product_tag":[],"class_list":{"0":"post-17924","1":"product","2":"type-product","3":"status-publish","5":"product_cat-listeo-booking","7":"first","8":"instock","9":"virtual","10":"sold-individually","11":"taxable","12":"purchasable","13":"product-type-listing_booking"},"_links":{"self":[{"href":"https:\/\/handson.pt\/pt\/wp-json\/wp\/v2\/product\/17924","targetHints":{"allow":["GET"]}}],"collection":[{"href":"https:\/\/handson.pt\/pt\/wp-json\/wp\/v2\/product"}],"about":[{"href":"https:\/\/handson.pt\/pt\/wp-json\/wp\/v2\/types\/product"}],"replies":[{"embeddable":true,"href":"https:\/\/handson.pt\/pt\/wp-json\/wp\/v2\/comments?post=17924"}],"wp:attachment":[{"href":"https:\/\/handson.pt\/pt\/wp-json\/wp\/v2\/media?parent=17924"}],"wp:term":[{"taxonomy":"product_brand","embeddable":true,"href":"https:\/\/handson.pt\/pt\/wp-json\/wp\/v2\/product_brand?post=17924"},{"taxonomy":"product_cat","embeddable":true,"href":"https:\/\/handson.pt\/pt\/wp-json\/wp\/v2\/product_cat?post=17924"},{"taxonomy":"product_tag","embeddable":true,"href":"https:\/\/handson.pt\/pt\/wp-json\/wp\/v2\/product_tag?post=17924"}],"curies":[{"name":"wp","href":"https:\/\/api.w.org\/{rel}","templated":true}]}}