{"id":18408,"date":"2025-09-29T13:01:44","date_gmt":"2025-09-29T12:01:44","guid":{"rendered":"https:\/\/handson.pt\/product\/soil-painting-workshop\/"},"modified":"2026-03-12T08:29:56","modified_gmt":"2026-03-12T08:29:56","slug":"soil-painting-workshop","status":"publish","type":"product","link":"https:\/\/handson.pt\/pt\/product\/soil-painting-workshop\/","title":{"rendered":"Oficina de pintura de solos"},"content":{"rendered":"<p data-start=\"299\" data-end=\"583\">Descobre a arte da pintura em terra neste criativo workshop que combina pigmentos naturais com inspira\u00e7\u00e3o na paisagem portuguesa. Utilizando terra recolhida na regi\u00e3o de Leiria, vais explorar como os tons de terra e as texturas org\u00e2nicas<b> pode ser transformado em obras de arte \u00fanicas<\/b>.<\/p>\n<h2 data-start=\"585\" data-end=\"609\"><\/h2>\n<h2 data-start=\"585\" data-end=\"609\">O que vais aprender<\/h2>\n<p data-start=\"610\" data-end=\"952\">A sess\u00e3o come\u00e7a com uma breve introdu\u00e7\u00e3o \u00e0 hist\u00f3ria e \u00e0s t\u00e9cnicas da pintura de solos. Descobrir\u00e1s como os diferentes tipos de solo e os pigmentos naturais influenciam a cor, a textura e a composi\u00e7\u00e3o. Depois desta parte te\u00f3rica, praticar\u00e1s o esbo\u00e7o numa tela de 19 por 24 cm e <b>depois cria as tuas pr\u00f3prias obras de arte com tintas \u00e0 base de terra<\/b>t.<\/p>\n<h2 data-start=\"954\" data-end=\"993\"><\/h2>\n<h2 data-start=\"954\" data-end=\"993\">Uma experi\u00eancia criativa para todos<\/h2>\n<p data-start=\"994\" data-end=\"1326\">N\u00e3o \u00e9 necess\u00e1ria qualquer experi\u00eancia pr\u00e9via em pintura. Os nossos animadores guiar-te-\u00e3o passo a passo durante o processo. Podes escolher entre desenhos minimalistas inspirados na natureza, tais como paisagens, flores ou padr\u00f5es geom\u00e9tricos. Esta experi\u00eancia pr\u00e1tica \u00e9 perfeita para principiantes, bem como para quem procura um novo desafio art\u00edstico.<\/p>\n<h2 data-start=\"1328\" data-end=\"1354\"><\/h2>\n<h2 data-start=\"1328\" data-end=\"1354\">Informa\u00e7\u00f5es pr\u00e1ticas<\/h2>\n<ul data-start=\"1355\" data-end=\"1586\">\n<li data-start=\"1396\" data-end=\"1474\">\n<p data-start=\"1398\" data-end=\"1474\"><strong data-start=\"1398\" data-end=\"1420\">Materiais inclu\u00eddos<\/strong>: tela, pigmentos, pinc\u00e9is e todas as ferramentas necess\u00e1rias<\/p>\n<\/li>\n<li data-start=\"1475\" data-end=\"1529\">\n<p data-start=\"1477\" data-end=\"1529\"><strong data-start=\"1477\" data-end=\"1486\">Extra<\/strong>: fornece um lanche ligeiro durante a sess\u00e3o<\/p>\n<\/li>\n<li data-start=\"1530\" data-end=\"1586\">\n<p data-start=\"1532\" data-end=\"1586\"><strong data-start=\"1532\" data-end=\"1539\">Idade<\/strong>: adequado para participantes a partir dos 10 anos<\/p>\n<\/li>\n<\/ul>\n<h2 data-start=\"1588\" data-end=\"1626\"><\/h2>\n<h2 data-start=\"1588\" data-end=\"1626\">Porqu\u00ea participar num atelier de pintura de solos<\/h2>\n<p data-start=\"1627\" data-end=\"1945\">Este workshop oferece mais do que apenas uma atividade criativa. \u00c9 uma forma de te ligares \u00e0 natureza, explorares <b>pr\u00e1ticas art\u00edsticas sustent\u00e1veis<\/b>e aprende sobre o <b>patrim\u00f3nio cultural de Portugal <\/b>atrav\u00e9s dos seus solos. O ambiente calmo e consciente torna-o ideal para fam\u00edlias, amigos e viajantes individuais que procuram experi\u00eancias aut\u00eanticas.<\/p>\n<p data-start=\"1947\" data-end=\"2039\">Reserva o teu lugar hoje e desfruta de uma viagem art\u00edstica memor\u00e1vel com a pintura de solo em Leiria.<\/p>\n<p>Para grupos privados ou eventos especiais, contacta-nos no Instagram @maonomad ou por e-mail em infomaonomad@gmail.com. Teremos todo o gosto em ouvir-te.<\/p>\n<p>Vejo-te no workshops!<\/p>\n<p>NOTA: Se n\u00e3o atingirmos o n\u00famero m\u00ednimo de participantes, o workshop n\u00e3o se realizar\u00e1. Anunciaremos o facto 3 dias antes da data prevista. Muito obrigado!<\/p>\n<p>&nbsp;<\/p>","protected":false},"excerpt":{"rendered":"<p>Discover the art of soil painting in this creative workshop that combines natural pigments with inspiration from the Portuguese landscape. Using soil collected from the Leiria region, you will explore how earth tones and organic textures can be transformed into unique works of art. What You Will Learn The session begins with a short introduction [&hellip;]<\/p>\n","protected":false},"featured_media":18404,"comment_status":"open","ping_status":"closed","template":"","meta":[],"product_brand":[],"product_cat":[62],"product_tag":[],"class_list":{"0":"post-18408","1":"product","2":"type-product","3":"status-publish","4":"has-post-thumbnail","6":"product_cat-listeo-booking","8":"first","9":"instock","10":"virtual","11":"sold-individually","12":"purchasable","13":"product-type-listing_booking"},"_links":{"self":[{"href":"https:\/\/handson.pt\/pt\/wp-json\/wp\/v2\/product\/18408","targetHints":{"allow":["GET"]}}],"collection":[{"href":"https:\/\/handson.pt\/pt\/wp-json\/wp\/v2\/product"}],"about":[{"href":"https:\/\/handson.pt\/pt\/wp-json\/wp\/v2\/types\/product"}],"replies":[{"embeddable":true,"href":"https:\/\/handson.pt\/pt\/wp-json\/wp\/v2\/comments?post=18408"}],"wp:featuredmedia":[{"embeddable":true,"href":"https:\/\/handson.pt\/pt\/wp-json\/wp\/v2\/media\/18404"}],"wp:attachment":[{"href":"https:\/\/handson.pt\/pt\/wp-json\/wp\/v2\/media?parent=18408"}],"wp:term":[{"taxonomy":"product_brand","embeddable":true,"href":"https:\/\/handson.pt\/pt\/wp-json\/wp\/v2\/product_brand?post=18408"},{"taxonomy":"product_cat","embeddable":true,"href":"https:\/\/handson.pt\/pt\/wp-json\/wp\/v2\/product_cat?post=18408"},{"taxonomy":"product_tag","embeddable":true,"href":"https:\/\/handson.pt\/pt\/wp-json\/wp\/v2\/product_tag?post=18408"}],"curies":[{"name":"wp","href":"https:\/\/api.w.org\/{rel}","templated":true}]}}