{"id":18431,"date":"2025-09-29T18:16:35","date_gmt":"2025-09-29T17:16:35","guid":{"rendered":"https:\/\/handson.pt\/pt\/produto\/workshop-de-filigrana-portuguesa-com-brunch\/"},"modified":"2026-03-25T01:19:01","modified_gmt":"2026-03-25T01:19:01","slug":"workshop-de-filigrana-portuguesa-com-brunch","status":"publish","type":"product","link":"https:\/\/handson.pt\/pt\/product\/workshop-de-filigrana-portuguesa-com-brunch\/","title":{"rendered":"Oficina de joalharia de filigrana portuguesa"},"content":{"rendered":"<p data-start=\"225\" data-end=\"550\">Descobre a eleg\u00e2ncia das tradi\u00e7\u00f5es da joalharia portuguesa nesta <strong data-start=\"288\" data-end=\"309\">filigrana workshop<\/strong>. Aprende a criar a tua pr\u00f3pria joia de prata utilizando t\u00e9cnicas antigas que foram passadas de gera\u00e7\u00e3o em gera\u00e7\u00e3o. Guiado passo a passo, desenhar\u00e1s e criar\u00e1s uma pe\u00e7a de joalharia \u00fanica <b>enquanto desfruta de uma experi\u00eancia cultural em Portugal<\/b>.<\/p>\n<h2 data-start=\"552\" data-end=\"585\"><\/h2>\n<h2 data-start=\"552\" data-end=\"585\">Cria a tua pr\u00f3pria joia de prata<\/h2>\n<p data-start=\"586\" data-end=\"834\">N\u00e3o \u00e9 necess\u00e1ria qualquer experi\u00eancia pr\u00e9via em joalharia. Com todas as ferramentas e materiais de prata esterlina 925 inclu\u00eddos, ser\u00e1s guiada por artes\u00e3os especializados que te mostrar\u00e3o como moldar, torcer e montar delicados fios de prata numa joia intemporal.<\/p>\n<h2 data-start=\"836\" data-end=\"863\"><\/h2>\n<h2 data-start=\"836\" data-end=\"863\">Uma experi\u00eancia memor\u00e1vel<\/h2>\n<p data-start=\"864\" data-end=\"1084\">Esta atividade \u00e9 ideal para viajantes a solo, casais ou amigos que procuram algo criativo e significativo. Quando crias a tua pr\u00f3pria joia, n\u00e3o est\u00e1s apenas a criar um acess\u00f3rio, mas tamb\u00e9m mem\u00f3rias duradouras de Portugal.<\/p>\n<h2 data-start=\"1086\" data-end=\"1117\"><\/h2>\n<h2 data-start=\"1086\" data-end=\"1117\">O que inclui o workshop<\/h2>\n<ul data-start=\"1118\" data-end=\"1261\">\n<li data-start=\"1118\" data-end=\"1165\">\n<p data-start=\"1120\" data-end=\"1165\">Todas as ferramentas e materiais em prata de lei 925<\/p>\n<\/li>\n<li data-start=\"1166\" data-end=\"1214\">\n<p data-start=\"1168\" data-end=\"1214\">Guia passo a passo sobre as t\u00e9cnicas de filigrana<\/p>\n<\/li>\n<\/ul>\n<h2 data-start=\"1263\" data-end=\"1297\"><\/h2>\n<h2 data-start=\"1263\" data-end=\"1297\">Tradi\u00e7\u00e3o da Filigrana Portuguesa<\/h2>\n<p data-start=\"1298\" data-end=\"1543\">A filigrana \u00e9 uma das formas mais emblem\u00e1ticas da joalharia tradicional portuguesa. Ao participares neste workshop, ligas-te a um of\u00edcio secular e levas para casa uma joia feita \u00e0 m\u00e3o que reflecte <b>o teu estilo pessoal<\/b> e de Portugal <b>patrim\u00f3nio cultural<\/b>.<\/p>\n<p data-start=\"1545\" data-end=\"1632\">Reserva o teu lugar e desfruta desta mistura \u00fanica de joalharia em Portugal.<\/p>","protected":false},"excerpt":{"rendered":"<p>Discover the elegance of Portuguese jewelry traditions in this filigree workshop. Learn how to create your own silver jewel using ancient techniques that have been passed down through generations. Guided step by step, you will design and craft a unique piece of jewelry while enjoying a cultural experience in Portugal. Create Your Own Silver Jewel [&hellip;]<\/p>\n","protected":false},"featured_media":18426,"comment_status":"open","ping_status":"closed","template":"","meta":[],"product_brand":[],"product_cat":[62],"product_tag":[],"class_list":{"0":"post-18431","1":"product","2":"type-product","3":"status-publish","4":"has-post-thumbnail","6":"product_cat-listeo-booking","8":"first","9":"instock","10":"virtual","11":"sold-individually","12":"taxable","13":"purchasable","14":"product-type-listing_booking"},"_links":{"self":[{"href":"https:\/\/handson.pt\/pt\/wp-json\/wp\/v2\/product\/18431","targetHints":{"allow":["GET"]}}],"collection":[{"href":"https:\/\/handson.pt\/pt\/wp-json\/wp\/v2\/product"}],"about":[{"href":"https:\/\/handson.pt\/pt\/wp-json\/wp\/v2\/types\/product"}],"replies":[{"embeddable":true,"href":"https:\/\/handson.pt\/pt\/wp-json\/wp\/v2\/comments?post=18431"}],"wp:featuredmedia":[{"embeddable":true,"href":"https:\/\/handson.pt\/pt\/wp-json\/wp\/v2\/media\/18426"}],"wp:attachment":[{"href":"https:\/\/handson.pt\/pt\/wp-json\/wp\/v2\/media?parent=18431"}],"wp:term":[{"taxonomy":"product_brand","embeddable":true,"href":"https:\/\/handson.pt\/pt\/wp-json\/wp\/v2\/product_brand?post=18431"},{"taxonomy":"product_cat","embeddable":true,"href":"https:\/\/handson.pt\/pt\/wp-json\/wp\/v2\/product_cat?post=18431"},{"taxonomy":"product_tag","embeddable":true,"href":"https:\/\/handson.pt\/pt\/wp-json\/wp\/v2\/product_tag?post=18431"}],"curies":[{"name":"wp","href":"https:\/\/api.w.org\/{rel}","templated":true}]}}