{"id":18681,"date":"2025-10-02T18:47:49","date_gmt":"2025-10-02T17:47:49","guid":{"rendered":"https:\/\/handson.pt\/pt\/produto\/techniques-of-meditation\/"},"modified":"2025-10-08T17:24:04","modified_gmt":"2025-10-08T16:24:04","slug":"techniques-of-meditation","status":"publish","type":"product","link":"https:\/\/handson.pt\/pt\/product\/techniques-of-meditation\/","title":{"rendered":"Workshop de T\u00e9cnicas de Medita\u00e7\u00e3o"},"content":{"rendered":"<h2 data-start=\"247\" data-end=\"287\">Transforma a tua mente, corpo e esp\u00edrito<\/h2>\n<p data-start=\"288\" data-end=\"615\">Desvenda os segredos para uma vida equilibrada e alegre com o nosso workshop de medita\u00e7\u00e3o em Lisboa. Aprende t\u00e9cnicas de medita\u00e7\u00e3o poderosas que te ajudam a <b>acalma a mente, reduz o stress e cultiva a paz interior<\/b>. Este workshop vai al\u00e9m do simples relaxamento, ele nutre o teu cora\u00e7\u00e3o, desperta a tua crian\u00e7a interior e aprofunda a tua liga\u00e7\u00e3o espiritual.<\/p>\n<h2 data-start=\"617\" data-end=\"654\"><\/h2>\n<h2 data-start=\"617\" data-end=\"654\">Porqu\u00ea participar na medita\u00e7\u00e3o workshop<\/h2>\n<ul data-start=\"655\" data-end=\"984\">\n<li data-start=\"655\" data-end=\"730\">\n<p data-start=\"657\" data-end=\"730\">Explora pr\u00e1ticas de medita\u00e7\u00e3o para principiantes e participantes avan\u00e7ados<\/p>\n<\/li>\n<li data-start=\"731\" data-end=\"786\">\n<p data-start=\"733\" data-end=\"786\">Desenvolve compet\u00eancias de mindfulness e equil\u00edbrio emocional<\/p>\n<\/li>\n<li data-start=\"787\" data-end=\"843\">\n<p data-start=\"789\" data-end=\"843\">Liga-te ao teu eu interior e aos teus guias espirituais<\/p>\n<\/li>\n<li data-start=\"844\" data-end=\"902\">\n<p data-start=\"846\" data-end=\"902\">\ud83d\udd4a\ufe0f Melhora a clareza mental, a concentra\u00e7\u00e3o e o bem-estar geral<\/p>\n<\/li>\n<li data-start=\"903\" data-end=\"984\">\n<p data-start=\"905\" data-end=\"984\">\ud83d\udcab Experimenta t\u00e9cnicas de medita\u00e7\u00e3o para crescimento e transforma\u00e7\u00e3o pessoal<\/p>\n<\/li>\n<\/ul>\n<h2 data-start=\"986\" data-end=\"1015\"><\/h2>\n<h2 data-start=\"986\" data-end=\"1015\">O que vais experimentar<\/h2>\n<ul data-start=\"1016\" data-end=\"1311\">\n<li data-start=\"1016\" data-end=\"1095\">\n<p data-start=\"1018\" data-end=\"1095\">Instru\u00e7\u00e3o passo a passo sobre t\u00e9cnicas de medita\u00e7\u00e3o e exerc\u00edcios de aten\u00e7\u00e3o plena<\/p>\n<\/li>\n<li data-start=\"1096\" data-end=\"1155\">\n<p data-start=\"1098\" data-end=\"1155\">Sess\u00f5es guiadas para integrar a medita\u00e7\u00e3o na vida quotidiana<\/p>\n<\/li>\n<li data-start=\"1156\" data-end=\"1225\">\n<p data-start=\"1158\" data-end=\"1225\">Ferramentas para o desenvolvimento espiritual, crescimento pessoal e harmonia interior<\/p>\n<\/li>\n<li data-start=\"1226\" data-end=\"1311\">\n<p data-start=\"1228\" data-end=\"1311\">Ambiente favor\u00e1vel \u00e0 pr\u00e1tica da medita\u00e7\u00e3o e ao contacto com pessoas que pensam da mesma forma<\/p>\n<\/li>\n<\/ul>\n<h2 data-start=\"1313\" data-end=\"1345\"><\/h2>\n<h2 data-start=\"1313\" data-end=\"1345\">Uma viagem consciente em Lisboa<\/h2>\n<p data-start=\"1346\" data-end=\"1721\">O Workshop de T\u00e9cnicas de Medita\u00e7\u00e3o oferece uma oportunidade \u00fanica de explorar a medita\u00e7\u00e3o e a aten\u00e7\u00e3o plena num espa\u00e7o acolhedor e inspirador. Os participantes adquirem compet\u00eancias pr\u00e1ticas para<b> reduz a ansiedade, aumenta a concentra\u00e7\u00e3o <\/b>e <b>alcan\u00e7a uma calma interior duradoura<\/b>. Este workshop combina m\u00e9todos de medita\u00e7\u00e3o, pr\u00e1ticas de mindfulness e orienta\u00e7\u00e3o espiritual para te proporcionar uma experi\u00eancia profundamente transformadora.<\/p>\n<h2 data-start=\"1723\" data-end=\"1746\"><\/h2>\n<h2 data-start=\"1723\" data-end=\"1746\">Reserva o teu lugar<\/h2>\n<p data-start=\"1747\" data-end=\"1979\">Junta-te ao Workshop de T\u00e9cnicas de Medita\u00e7\u00e3o em Lisboa e come\u00e7a a tua viagem para a paz interior, clareza mental e transforma\u00e7\u00e3o pessoal. Reserva j\u00e1 o teu lugar e experimenta t\u00e9cnicas de medita\u00e7\u00e3o que transformam a tua vida.<\/p>","protected":false},"excerpt":{"rendered":"<p>Transform your mind body and spirit Unlock the secrets to a balanced and joyful life with our meditation workshop in Lisbon. Learn powerful meditation techniques that help you calm the mind, reduce stress and cultivate inner peace. This workshop goes beyond simple relaxation it nurtures your heart awakens your inner child and deepens your spiritual [&hellip;]<\/p>\n","protected":false},"featured_media":0,"comment_status":"open","ping_status":"closed","template":"","meta":[],"product_brand":[],"product_cat":[62],"product_tag":[],"class_list":{"0":"post-18681","1":"product","2":"type-product","3":"status-publish","5":"product_cat-listeo-booking","7":"first","8":"instock","9":"virtual","10":"sold-individually","11":"taxable","12":"purchasable","13":"product-type-listing_booking"},"_links":{"self":[{"href":"https:\/\/handson.pt\/pt\/wp-json\/wp\/v2\/product\/18681","targetHints":{"allow":["GET"]}}],"collection":[{"href":"https:\/\/handson.pt\/pt\/wp-json\/wp\/v2\/product"}],"about":[{"href":"https:\/\/handson.pt\/pt\/wp-json\/wp\/v2\/types\/product"}],"replies":[{"embeddable":true,"href":"https:\/\/handson.pt\/pt\/wp-json\/wp\/v2\/comments?post=18681"}],"wp:attachment":[{"href":"https:\/\/handson.pt\/pt\/wp-json\/wp\/v2\/media?parent=18681"}],"wp:term":[{"taxonomy":"product_brand","embeddable":true,"href":"https:\/\/handson.pt\/pt\/wp-json\/wp\/v2\/product_brand?post=18681"},{"taxonomy":"product_cat","embeddable":true,"href":"https:\/\/handson.pt\/pt\/wp-json\/wp\/v2\/product_cat?post=18681"},{"taxonomy":"product_tag","embeddable":true,"href":"https:\/\/handson.pt\/pt\/wp-json\/wp\/v2\/product_tag?post=18681"}],"curies":[{"name":"wp","href":"https:\/\/api.w.org\/{rel}","templated":true}]}}