{"id":18730,"date":"2025-10-03T10:44:21","date_gmt":"2025-10-03T09:44:21","guid":{"rendered":"https:\/\/handson.pt\/product\/modelacao-ceramica\/"},"modified":"2025-11-06T15:29:16","modified_gmt":"2025-11-06T15:29:16","slug":"modelacao-ceramica","status":"publish","type":"product","link":"https:\/\/handson.pt\/pt\/product\/modelacao-ceramica\/","title":{"rendered":"Oficina de modelagem em argila"},"content":{"rendered":"<h2 data-start=\"332\" data-end=\"370\">Descobre a arte da modelagem em barro<\/h2>\n<p data-start=\"371\" data-end=\"719\">A olaria \u00e9 uma forma de arte profundamente enriquecedora que vai muito al\u00e9m da confe\u00e7\u00e3o de simples objectos. Atrav\u00e9s de <strong data-start=\"462\" data-end=\"479\">modela\u00e7\u00e3o em barro<\/strong>Com a argila, os adultos podem reencontrar a sua criatividade, muitas vezes esquecida no ritmo acelerado da vida quotidiana. Trabalhar com barro permite-te abrandar, expressar emo\u00e7\u00f5es e criar pe\u00e7as \u00fanicas que <b style=\"font-size: inherit\">reflecte ideias, experi\u00eancias e mem\u00f3rias pessoais<\/b>.<\/p>\n<p data-start=\"371\" data-end=\"719\">Neste workshop de modela\u00e7\u00e3o de barro, os participantes ir\u00e3o explorar as propriedades dos diferentes tipos de barro e o processo de cozedura que transforma a mat\u00e9ria-prima em cer\u00e2mica duradoura. Ao aprenderem sobre os m\u00e9todos de constru\u00e7\u00e3o manual de cer\u00e2mica, como a placa, a bobina e a pin\u00e7a, os alunos adquirem uma <b>base s\u00f3lida em arte cer\u00e2mica<\/b> que melhora tanto <b>criatividade <\/b>e <b>compet\u00eancias t\u00e9cnicas<\/b>. Este conhecimento torna a experi\u00eancia de uma olaria workshop mais completa, combinando a aprendizagem pr\u00e1tica com uma aprecia\u00e7\u00e3o da<b> significado cultural e art\u00edstico<\/b> de trabalhar com barro.<\/p>\n<h2 data-start=\"721\" data-end=\"770\"><\/h2>\n<h2 data-start=\"721\" data-end=\"770\">O que vais aprender neste workshop de cer\u00e2mica<\/h2>\n<p data-start=\"771\" data-end=\"870\">Neste <strong data-start=\"779\" data-end=\"796\">argila workshop<\/strong> vais explorar quatro aspectos fundamentais <strong data-start=\"831\" data-end=\"867\">t\u00e9cnicas de constru\u00e7\u00e3o manual de cer\u00e2mica<\/strong>:<\/p>\n<ul data-start=\"871\" data-end=\"938\">\n<li data-start=\"871\" data-end=\"883\">\n<p data-start=\"873\" data-end=\"883\"><strong data-start=\"873\" data-end=\"881\">Laje<\/strong><\/p>\n<\/li>\n<li data-start=\"884\" data-end=\"897\">\n<p data-start=\"886\" data-end=\"897\"><strong data-start=\"886\" data-end=\"895\">Belisca<\/strong><\/p>\n<\/li>\n<li data-start=\"898\" data-end=\"910\">\n<p data-start=\"900\" data-end=\"910\"><strong data-start=\"900\" data-end=\"908\">Bobina<\/strong><\/p>\n<\/li>\n<li data-start=\"911\" data-end=\"938\">\n<p data-start=\"913\" data-end=\"938\"><strong data-start=\"913\" data-end=\"936\">Forma oca s\u00f3lida<\/strong><\/p>\n<\/li>\n<\/ul>\n<p data-start=\"940\" data-end=\"1055\">Ter\u00e1s tamb\u00e9m uma introdu\u00e7\u00e3o aos diferentes tipos de argila e ao processo de transforma\u00e7\u00e3o da argila crua em cer\u00e2mica.<\/p>\n<h2 data-start=\"1057\" data-end=\"1097\"><\/h2>\n<h2 data-start=\"1057\" data-end=\"1097\">T\u00e9cnicas de decora\u00e7\u00e3o e acabamento<\/h2>\n<p data-start=\"1098\" data-end=\"1302\">Durante a aula, vais praticar <strong data-start=\"1134\" data-end=\"1156\">decora\u00e7\u00e3o de cer\u00e2mica<\/strong> utiliza barbotinas e texturas sobre o barro cru e o biscoito. No final, aprender\u00e1s m\u00e9todos de vidragem para terminar as tuas cria\u00e7\u00f5es com <b>resultados profissionais<\/b>.<\/p>\n<h2 data-start=\"1304\" data-end=\"1342\"><\/h2>\n<h2 data-start=\"1304\" data-end=\"1342\">Leva para casa as tuas pr\u00f3prias pe\u00e7as de cer\u00e2mica<\/h2>\n<p data-start=\"1343\" data-end=\"1518\">Cada participante ir\u00e1 desenhar e moldar pelo menos 4 pe\u00e7as \u00fanicas e funcionais. Uma vez esmaltadas e cozidas, estas cer\u00e2micas artesanais estar\u00e3o prontas a usar ou a oferecer a algu\u00e9m especial.<\/p>\n<h2 data-start=\"1520\" data-end=\"1561\"><\/h2>\n<h2 data-start=\"1520\" data-end=\"1561\">Porqu\u00ea participar neste workshop de modelagem em barro<\/h2>\n<ul data-start=\"1562\" data-end=\"1802\">\n<li data-start=\"1562\" data-end=\"1625\">\n<p data-start=\"1564\" data-end=\"1625\">Atividade criativa pr\u00e1tica que proporciona relaxamento e concentra\u00e7\u00e3o<\/p>\n<\/li>\n<li data-start=\"1626\" data-end=\"1690\">\n<p data-start=\"1628\" data-end=\"1690\">Aprende as t\u00e9cnicas essenciais de <strong data-start=\"1662\" data-end=\"1688\">cer\u00e2mica de fabrico manual<\/strong><\/p>\n<\/li>\n<li data-start=\"1691\" data-end=\"1754\">\n<p data-start=\"1693\" data-end=\"1754\">Adequado para principiantes, sem necessidade de experi\u00eancia pr\u00e9via<\/p>\n<\/li>\n<li data-start=\"1755\" data-end=\"1802\">\n<p data-start=\"1757\" data-end=\"1802\">Sai com as tuas pr\u00f3prias pe\u00e7as de cer\u00e2mica acabadas<\/p>\n<\/li>\n<\/ul>","protected":false},"excerpt":{"rendered":"<p>Discover the Art of Clay Modeling Pottery is a deeply enriching art form that goes far beyond making simple objects. Through clay modeling, adults can reconnect with their creativity, often forgotten\u00a0in the fast pace of everyday life. Working with clay allows you to slow down, express emotions, and create unique pieces that reflect personal ideas, [&hellip;]<\/p>\n","protected":false},"featured_media":18726,"comment_status":"open","ping_status":"closed","template":"","meta":[],"product_brand":[],"product_cat":[62],"product_tag":[],"class_list":{"0":"post-18730","1":"product","2":"type-product","3":"status-publish","4":"has-post-thumbnail","6":"product_cat-listeo-booking","8":"first","9":"instock","10":"virtual","11":"sold-individually","12":"purchasable","13":"product-type-listing_booking"},"_links":{"self":[{"href":"https:\/\/handson.pt\/pt\/wp-json\/wp\/v2\/product\/18730","targetHints":{"allow":["GET"]}}],"collection":[{"href":"https:\/\/handson.pt\/pt\/wp-json\/wp\/v2\/product"}],"about":[{"href":"https:\/\/handson.pt\/pt\/wp-json\/wp\/v2\/types\/product"}],"replies":[{"embeddable":true,"href":"https:\/\/handson.pt\/pt\/wp-json\/wp\/v2\/comments?post=18730"}],"wp:featuredmedia":[{"embeddable":true,"href":"https:\/\/handson.pt\/pt\/wp-json\/wp\/v2\/media\/18726"}],"wp:attachment":[{"href":"https:\/\/handson.pt\/pt\/wp-json\/wp\/v2\/media?parent=18730"}],"wp:term":[{"taxonomy":"product_brand","embeddable":true,"href":"https:\/\/handson.pt\/pt\/wp-json\/wp\/v2\/product_brand?post=18730"},{"taxonomy":"product_cat","embeddable":true,"href":"https:\/\/handson.pt\/pt\/wp-json\/wp\/v2\/product_cat?post=18730"},{"taxonomy":"product_tag","embeddable":true,"href":"https:\/\/handson.pt\/pt\/wp-json\/wp\/v2\/product_tag?post=18730"}],"curies":[{"name":"wp","href":"https:\/\/api.w.org\/{rel}","templated":true}]}}