{"id":18994,"date":"2025-10-07T11:23:09","date_gmt":"2025-10-07T10:23:09","guid":{"rendered":"https:\/\/handson.pt\/product\/ceramica-pais-e-filhos\/"},"modified":"2026-01-05T13:48:09","modified_gmt":"2026-01-05T13:48:09","slug":"ceramica-pais-e-filhos","status":"publish","type":"product","link":"https:\/\/handson.pt\/pt\/product\/ceramica-pais-e-filhos\/","title":{"rendered":"Workshop de cer\u00e2mica para pais e filhos"},"content":{"rendered":"<h2 data-start=\"524\" data-end=\"582\"><span dir=\"auto\" style=\"vertical-align: inherit\"><span dir=\"auto\" style=\"vertical-align: inherit\">Cria mem\u00f3rias que perduram com argila e criatividade.<\/span><\/span><\/h2>\n<p data-start=\"583\" data-end=\"1005\"><span dir=\"auto\" style=\"vertical-align: inherit\"><span dir=\"auto\" style=\"vertical-align: inherit\">A cer\u00e2mica \u00e9 uma das formas de arte mais antigas e t\u00e1teis, oferecendo a maneira perfeita para pais e filhos se <\/span><\/span><strong data-start=\"693\" data-end=\"730\"><span dir=\"auto\" style=\"vertical-align: inherit\"><span dir=\"auto\" style=\"vertical-align: inherit\">conectarem-se atrav\u00e9s da criatividade compartilhada<\/span><\/span><\/strong><span dir=\"auto\" style=\"vertical-align: inherit\"><span dir=\"auto\" style=\"vertical-align: inherit\"> . Nesta oficina, as fam\u00edlias trabalham lado a lado, moldando o barro em pe\u00e7as de cer\u00e2mica \u00fanicas enquanto desfrutam de um ambiente calmo e inspirador. \u00c9 uma experi\u00eancia que combina aprendizado, imagina\u00e7\u00e3o e uni\u00e3o, permitindo que ambas as gera\u00e7\u00f5es descubram novas express\u00f5es art\u00edsticas.<\/span><\/span><\/p>\n<h2 data-start=\"1007\" data-end=\"1056\"><\/h2>\n<h2 data-start=\"1007\" data-end=\"1056\"><span dir=\"auto\" style=\"vertical-align: inherit\"><span dir=\"auto\" style=\"vertical-align: inherit\">Uma jornada compartilhada pela arte da cer\u00e2mica.<\/span><\/span><\/h2>\n<p data-start=\"1057\" data-end=\"1398\"><span dir=\"auto\" style=\"vertical-align: inherit\"><span dir=\"auto\" style=\"vertical-align: inherit\">Esta <\/span><\/span><strong data-start=\"1062\" data-end=\"1101\"><span dir=\"auto\" style=\"vertical-align: inherit\"><span dir=\"auto\" style=\"vertical-align: inherit\">oficina de cer\u00e2mica para pais e filhos<\/span><\/span><\/strong><span dir=\"auto\" style=\"vertical-align: inherit\"><span dir=\"auto\" style=\"vertical-align: inherit\"> convida as fam\u00edlias a explorar o fascinante mundo da cer\u00e2mica do in\u00edcio ao fim. Voc\u00eas ir\u00e3o desde o primeiro contacto com a argila at\u00e9 \u00e0 cria\u00e7\u00e3o final das suas pr\u00f3prias pe\u00e7as personalizadas. Cada sess\u00e3o incentiva a colabora\u00e7\u00e3o, a comunica\u00e7\u00e3o e a alegria de <\/span><\/span><strong data-start=\"1353\" data-end=\"1395\"><span dir=\"auto\" style=\"vertical-align: inherit\"><span dir=\"auto\" style=\"vertical-align: inherit\">criar algo significativo juntos<\/span><\/span><\/strong><span dir=\"auto\" style=\"vertical-align: inherit\"><span dir=\"auto\" style=\"vertical-align: inherit\"> .<\/span><\/span><\/p>\n<p data-start=\"1400\" data-end=\"1724\"><span dir=\"auto\" style=\"vertical-align: inherit\"><span dir=\"auto\" style=\"vertical-align: inherit\">Os participantes aprendem a preparar a argila, mold\u00e1-la usando t\u00e9cnicas essenciais de modelagem manual e decorar as superf\u00edcies com desenhos pessoais que refletem os la\u00e7os familiares. A experi\u00eancia oferece uma introdu\u00e7\u00e3o suave aos fundamentos da cer\u00e2mica, adequada tanto para adultos como para crian\u00e7as, combinando orienta\u00e7\u00e3o com liberdade para explorar ideias individuais.<\/span><\/span><\/p>\n<h2 data-start=\"1726\" data-end=\"1763\"><\/h2>\n<h2 data-start=\"1726\" data-end=\"1763\"><span dir=\"auto\" style=\"vertical-align: inherit\"><span dir=\"auto\" style=\"vertical-align: inherit\">O que esperas do workshop<\/span><\/span><\/h2>\n<p data-start=\"1764\" data-end=\"1963\"><span dir=\"auto\" style=\"vertical-align: inherit\"><span dir=\"auto\" style=\"vertical-align: inherit\">As fam\u00edlias s\u00e3o guiadas em cada etapa do processo, descobrindo a <\/span><\/span><strong data-start=\"1836\" data-end=\"1878\"><span dir=\"auto\" style=\"vertical-align: inherit\"><span dir=\"auto\" style=\"vertical-align: inherit\">natureza terap\u00eautica e l\u00fadica da argila,<\/span><\/span><\/strong><span dir=\"auto\" style=\"vertical-align: inherit\"><span dir=\"auto\" style=\"vertical-align: inherit\"> enquanto fortalecem os la\u00e7os familiares por meio da criatividade compartilhada. A sess\u00e3o inclui:<\/span><\/span><\/p>\n<p data-start=\"1965\" data-end=\"2261\"><span dir=\"auto\" style=\"vertical-align: inherit\"><span dir=\"auto\" style=\"vertical-align: inherit\">\ud83d\udc68\u200d\ud83d\udc67\u200d\ud83d\udc66 Todos os materiais de argila e ferramentas de cer\u00e2mica fornecidos <\/span><\/span><br data-start=\"2019\" data-end=\"2022\" \/><span dir=\"auto\" style=\"vertical-align: inherit\"><span dir=\"auto\" style=\"vertical-align: inherit\">\ud83d\udc68\u200d\ud83d\udc67\u200d\ud83d\udc66 Um est\u00fadio acolhedor e inspirador <\/span><\/span><br data-start=\"2069\" data-end=\"2072\" \/><span dir=\"auto\" style=\"vertical-align: inherit\"><span dir=\"auto\" style=\"vertical-align: inherit\">\ud83d\udc68\u200d\ud83d\udc67\u200d\ud83d\udc66 Orienta\u00e7\u00e3o passo a passo adequada para todas as idades <\/span><\/span><br data-start=\"2124\" data-end=\"2127\" \/><span dir=\"auto\" style=\"vertical-align: inherit\"><span dir=\"auto\" style=\"vertical-align: inherit\">\ud83d\udc68\u200d\ud83d\udc67\u200d\ud83d\udc66 A cria\u00e7\u00e3o de pe\u00e7as de cer\u00e2mica personalizadas para levar para casa <\/span><\/span><br data-start=\"2192\" data-end=\"2195\" \/><span dir=\"auto\" style=\"vertical-align: inherit\"><span dir=\"auto\" style=\"vertical-align: inherit\">\ud83d\udc68\u200d\ud83d\udc67\u200d\ud83d\udc66 Uma experi\u00eancia memor\u00e1vel e que fortalece os la\u00e7os entre pais e filhos<\/span><\/span><\/p>\n<p data-start=\"2263\" data-end=\"2485\"><span dir=\"auto\" style=\"vertical-align: inherit\"><span dir=\"auto\" style=\"vertical-align: inherit\">Ao final da sess\u00e3o, cada fam\u00edlia leva para casa suas pe\u00e7as de cer\u00e2mica artesanais como <\/span><\/span><strong data-start=\"2343\" data-end=\"2387\"><span dir=\"auto\" style=\"vertical-align: inherit\"><span dir=\"auto\" style=\"vertical-align: inherit\">lembran\u00e7as duradouras do tempo que passaram juntos<\/span><\/span><\/strong><span dir=\"auto\" style=\"vertical-align: inherit\"><span dir=\"auto\" style=\"vertical-align: inherit\"> . Mais do que uma aula de arte, esta \u00e9 uma celebra\u00e7\u00e3o da conex\u00e3o, da criatividade e da descoberta compartilhada.<\/span><\/span><\/p>\n<p data-start=\"2487\" data-end=\"2568\"><strong data-start=\"2487\" data-end=\"2496\"><span dir=\"auto\" style=\"vertical-align: inherit\"><span dir=\"auto\" style=\"vertical-align: inherit\">Nota:<\/span><\/span><\/strong><span dir=\"auto\" style=\"vertical-align: inherit\"><span dir=\"auto\" style=\"vertical-align: inherit\"> Este produto foi desenvolvido exclusivamente para pais e filhos que participam juntos.<\/span><\/span><\/p>","protected":false},"excerpt":{"rendered":"<p>Crie mem\u00f3rias que perduram com argila e criatividade. A cer\u00e2mica \u00e9 uma das formas de arte mais antigas e t\u00e1teis, oferecendo a maneira perfeita para pais e filhos se conectarem atrav\u00e9s da criatividade compartilhada . Nesta oficina, as fam\u00edlias trabalham lado a lado, moldando o barro em pe\u00e7as de cer\u00e2mica \u00fanicas enquanto desfrutam de um [&hellip;]<\/p>\n","protected":false},"featured_media":18992,"comment_status":"open","ping_status":"closed","template":"","meta":[],"product_brand":[],"product_cat":[62],"product_tag":[],"class_list":{"0":"post-18994","1":"product","2":"type-product","3":"status-publish","4":"has-post-thumbnail","6":"product_cat-listeo-booking","8":"first","9":"instock","10":"virtual","11":"sold-individually","12":"purchasable","13":"product-type-listing_booking"},"_links":{"self":[{"href":"https:\/\/handson.pt\/pt\/wp-json\/wp\/v2\/product\/18994","targetHints":{"allow":["GET"]}}],"collection":[{"href":"https:\/\/handson.pt\/pt\/wp-json\/wp\/v2\/product"}],"about":[{"href":"https:\/\/handson.pt\/pt\/wp-json\/wp\/v2\/types\/product"}],"replies":[{"embeddable":true,"href":"https:\/\/handson.pt\/pt\/wp-json\/wp\/v2\/comments?post=18994"}],"wp:featuredmedia":[{"embeddable":true,"href":"https:\/\/handson.pt\/pt\/wp-json\/wp\/v2\/media\/18992"}],"wp:attachment":[{"href":"https:\/\/handson.pt\/pt\/wp-json\/wp\/v2\/media?parent=18994"}],"wp:term":[{"taxonomy":"product_brand","embeddable":true,"href":"https:\/\/handson.pt\/pt\/wp-json\/wp\/v2\/product_brand?post=18994"},{"taxonomy":"product_cat","embeddable":true,"href":"https:\/\/handson.pt\/pt\/wp-json\/wp\/v2\/product_cat?post=18994"},{"taxonomy":"product_tag","embeddable":true,"href":"https:\/\/handson.pt\/pt\/wp-json\/wp\/v2\/product_tag?post=18994"}],"curies":[{"name":"wp","href":"https:\/\/api.w.org\/{rel}","templated":true}]}}