{"id":19130,"date":"2025-10-09T17:53:11","date_gmt":"2025-10-09T16:53:11","guid":{"rendered":"https:\/\/handson.pt\/product\/halloween-embroidery-workshop\/"},"modified":"2025-10-21T22:58:58","modified_gmt":"2025-10-21T21:58:58","slug":"halloween-embroidery-workshop","status":"publish","type":"product","link":"https:\/\/handson.pt\/pt\/product\/halloween-embroidery-workshop\/","title":{"rendered":"Oficina de bordado de Halloween"},"content":{"rendered":"<h2 data-start=\"598\" data-end=\"641\">Stitch algo assustador neste Halloween<\/h2>\n<p data-start=\"642\" data-end=\"987\">Junta-te a n\u00f3s para um jogo criativo e divertido <strong data-start=\"673\" data-end=\"706\">Bordado de Halloween workshop<\/strong> onde podes <strong data-start=\"721\" data-end=\"778\">D\u00e1 vida \u00e0 tua imagina\u00e7\u00e3o com agulha e linha<\/strong>. N\u00e3o \u00e9 necess\u00e1ria qualquer experi\u00eancia pr\u00e9via e todos os materiais s\u00e3o fornecidos. Esta \u00e9 a tua oportunidade de relaxar, ser criativo e desfrutar de uma atividade acolhedora com o tema do Dia das Bruxas que mistura arte, divers\u00e3o e um pouco de magia assustadora.<\/p>\n<h2 data-start=\"989\" data-end=\"1014\"><\/h2>\n<h2 data-start=\"989\" data-end=\"1014\">O que vais criar<\/h2>\n<p data-start=\"1015\" data-end=\"1312\">Durante esta sess\u00e3o de bordado, vais <strong data-start=\"1056\" data-end=\"1102\">bordar um desenho exclusivo de um pequeno fantasma<\/strong> num saco especialmente preparado para o workshop. Leva o tempo que quiseres, desfruta do processo criativo e, quando precisares de uma pausa, ter\u00e1s \u00e0 tua espera uma deliciosa guloseima e uma surpresa especial e assustadora.<\/p>\n<p data-start=\"1314\" data-end=\"1514\">Esta experi\u00eancia \u00e9 mais do que apenas aprender a bordar, \u00e9 uma forma l\u00fadica de <strong data-start=\"1399\" data-end=\"1433\">liga-te ao teu artista interior<\/strong> enquanto celebra o esp\u00edrito do Dia das Bruxas num ambiente amig\u00e1vel e descontra\u00eddo.<\/p>\n<h2 data-start=\"1516\" data-end=\"1549\"><\/h2>\n<h2 data-start=\"1516\" data-end=\"1549\">Materiais e ferramentas fornecidos<\/h2>\n<p data-start=\"1550\" data-end=\"1678\">Tudo o que precisas para o workshop est\u00e1 inclu\u00eddo, para que te possas concentrar inteiramente na tua viagem criativa. Ter\u00e1s acesso a:<\/p>\n<p data-start=\"1680\" data-end=\"1818\">Saco de viagem<br data-start=\"1691\" data-end=\"1694\" \/>Manual de bordado<br data-start=\"1714\" data-end=\"1717\" \/>Agulha e linhas<br data-start=\"1738\" data-end=\"1741\" \/>Arco de bordar<br data-start=\"1759\" data-end=\"1762\" \/>\ud83c\udf83 Tesoura<br data-start=\"1773\" data-end=\"1776\" \/>Tecido estabilizador<br data-start=\"1796\" data-end=\"1799\" \/>Caneta de apagamento t\u00e9rmico<\/p>\n<p data-start=\"1820\" data-end=\"2011\">No final da sess\u00e3o, levar\u00e1s para casa o teu saco bordado \u00e0 m\u00e3o, juntamente com o guia de bordado e o tecido estabilizador, perfeito para continuares os teus projectos de bordado em casa.<\/p>\n<h2 data-start=\"2013\" data-end=\"2037\"><\/h2>\n<h2 data-start=\"2013\" data-end=\"2037\">O que vais aprender<\/h2>\n<p data-start=\"2038\" data-end=\"2074\">Ao longo do workshop, ir\u00e1s:<\/p>\n<ul data-start=\"2075\" data-end=\"2320\">\n<li data-start=\"2075\" data-end=\"2141\">\n<p data-start=\"2077\" data-end=\"2141\">Compreende o <strong data-start=\"2092\" data-end=\"2115\">materiais essenciais<\/strong> utilizado em bordados \u00e0 m\u00e3o<\/p>\n<\/li>\n<li data-start=\"2142\" data-end=\"2194\">\n<p data-start=\"2144\" data-end=\"2194\">Aprende <strong data-start=\"2150\" data-end=\"2181\">t\u00e9cnicas de transfer\u00eancia de desenhos<\/strong> para tecido<\/p>\n<\/li>\n<li data-start=\"2195\" data-end=\"2251\">\n<p data-start=\"2197\" data-end=\"2251\">Pratica <strong data-start=\"2206\" data-end=\"2249\">cinco pontos de bordado gratuitos diferentes<\/strong><\/p>\n<\/li>\n<li data-start=\"2252\" data-end=\"2320\">\n<p data-start=\"2254\" data-end=\"2320\">Domina o <strong data-start=\"2265\" data-end=\"2318\">os melhores m\u00e9todos para come\u00e7ares e terminares o teu trabalho com cuidado<\/strong><\/p>\n<\/li>\n<\/ul>\n<p data-start=\"2322\" data-end=\"2488\">\u00c9 um workshop caloroso, criativo e ligeiramente assustador, concebido para todos os que querem <strong data-start=\"2408\" data-end=\"2449\">desfruta de uma experi\u00eancia relaxante de Halloween<\/strong> enquanto aprendes uma nova habilidade art\u00edstica.<\/p>","protected":false},"excerpt":{"rendered":"<p>Stitch something spooky this Halloween Join us for a creative and fun Halloween embroidery workshop where you can bring your imagination to life with needle and thread. No prior experience is needed, and all materials are provided. This is your chance to relax, get creative, and enjoy a cozy Halloween-themed activity that blends art, fun, [&hellip;]<\/p>\n","protected":false},"featured_media":0,"comment_status":"open","ping_status":"closed","template":"","meta":[],"product_brand":[],"product_cat":[62],"product_tag":[],"class_list":{"0":"post-19130","1":"product","2":"type-product","3":"status-publish","5":"product_cat-listeo-booking","7":"first","8":"instock","9":"virtual","10":"sold-individually","11":"purchasable","12":"product-type-listing_booking"},"_links":{"self":[{"href":"https:\/\/handson.pt\/pt\/wp-json\/wp\/v2\/product\/19130","targetHints":{"allow":["GET"]}}],"collection":[{"href":"https:\/\/handson.pt\/pt\/wp-json\/wp\/v2\/product"}],"about":[{"href":"https:\/\/handson.pt\/pt\/wp-json\/wp\/v2\/types\/product"}],"replies":[{"embeddable":true,"href":"https:\/\/handson.pt\/pt\/wp-json\/wp\/v2\/comments?post=19130"}],"wp:attachment":[{"href":"https:\/\/handson.pt\/pt\/wp-json\/wp\/v2\/media?parent=19130"}],"wp:term":[{"taxonomy":"product_brand","embeddable":true,"href":"https:\/\/handson.pt\/pt\/wp-json\/wp\/v2\/product_brand?post=19130"},{"taxonomy":"product_cat","embeddable":true,"href":"https:\/\/handson.pt\/pt\/wp-json\/wp\/v2\/product_cat?post=19130"},{"taxonomy":"product_tag","embeddable":true,"href":"https:\/\/handson.pt\/pt\/wp-json\/wp\/v2\/product_tag?post=19130"}],"curies":[{"name":"wp","href":"https:\/\/api.w.org\/{rel}","templated":true}]}}