{"id":19307,"date":"2025-10-13T01:44:29","date_gmt":"2025-10-13T00:44:29","guid":{"rendered":"https:\/\/handson.pt\/product\/o-corpo-como-unstrumento-vivencia-ritmica-atraves-da-percussao-corporal-e-a-voz-ensamble-de-percussao-aulas-de-guitarra-aulas-de-bandoneon-aulas-de-canto\/"},"modified":"2025-10-30T15:24:02","modified_gmt":"2025-10-30T15:24:02","slug":"o-corpo-como-unstrumento-vivencia-ritmica-atraves-da-percussao-corporal-e-a-voz-ensamble-de-percussao-aulas-de-guitarra-aulas-de-bandoneon-aulas-de-canto","status":"publish","type":"product","link":"https:\/\/handson.pt\/pt\/product\/o-corpo-como-unstrumento-vivencia-ritmica-atraves-da-percussao-corporal-e-a-voz-ensamble-de-percussao-aulas-de-guitarra-aulas-de-bandoneon-aulas-de-canto\/","title":{"rendered":"ARQUIVO \"O corpo como instrumento, viv\u00eancia r\u00edtmica atrav\u00e9s da percuss\u00e3o corporal e a voz\". \"Ensamble de percuss\u00e3o\" \" Aulas de guitarra\" \"Aulas de bandone\u00f3n\" \"Aulas de canto\""},"content":{"rendered":"<p><span dir=\"auto\" style=\"vertical-align: inherit\"><span dir=\"auto\" style=\"vertical-align: inherit\"><span dir=\"auto\" style=\"vertical-align: inherit\"><span dir=\"auto\" style=\"vertical-align: inherit\">Sou Amar\u00fa, multiinstrumentista, profesor, compositor e int\u00e9rprete, Argentino morando a mais de 6 a\u00f1os em Portugal.<\/span><\/span><\/span><\/span><\/p>\n<p><span dir=\"auto\" style=\"vertical-align: inherit\"><span dir=\"auto\" style=\"vertical-align: inherit\"><span dir=\"auto\" style=\"vertical-align: inherit\"><span dir=\"auto\" style=\"vertical-align: inherit\">Nas aulas de percuss\u00e3o corporal, come\u00e7amos a viv\u00eancia do ritmo desde o corpo, o nosso primeiro instrumento, esta atividade, assim que vamos avanzamos de n\u00edvel, o desafio a nossas habilidades psicomotoras aumentam, mantendo os batimentos dos ritmos y cantos, todo ao mesmo tempo, fazendo m\u00fasica em roda, depois esses ritmos \u00e9 levado para execu\u00e7\u00e3o em algum instrumento de percuss\u00e3o.<\/span><\/span><\/span><\/span><\/p>\n<p><span dir=\"auto\" style=\"vertical-align: inherit\"><span dir=\"auto\" style=\"vertical-align: inherit\"><span dir=\"auto\" style=\"vertical-align: inherit\"><span dir=\"auto\" style=\"vertical-align: inherit\">Nas aulas espec\u00edficas de um instrumento em espec\u00edfico, guitarra, bandone\u00f3n o voz (tamb\u00e9m pode ser um instrumento de percuss\u00e3o) vamos trabalhar t\u00e9cnica de execu\u00e7\u00e3o do instrumento escolhido.<\/span><\/span><\/span><\/span><\/p>\n<p><span dir=\"auto\" style=\"vertical-align: inherit\"><span dir=\"auto\" style=\"vertical-align: inherit\"><span dir=\"auto\" style=\"vertical-align: inherit\"><span dir=\"auto\" style=\"vertical-align: inherit\">Repert\u00f3rio ibero-americano. <\/span><\/span><\/span><\/span><\/p>","protected":false},"excerpt":{"rendered":"<p>Sou Amar\u00fa, multiinstrumentista, profesor, compositor e int\u00e9rprete, Argentino morando a mais de 6 a\u00f1os en Portugal. Nas aulas de percuss\u00e3o corporal, come\u00e7amos a viv\u00eancia do ritmo desde o corpo, o nosso primeiro instrumento, esta actividade, assim que vamos avanzamos de nivel, o desafio a nossas habilidades psicomotoras aumentam, mantendo os batimentos dos ritmos y cantos, [&hellip;]<\/p>\n","protected":false},"featured_media":0,"comment_status":"open","ping_status":"closed","template":"","meta":[],"product_brand":[],"product_cat":[62],"product_tag":[],"class_list":{"0":"post-19307","1":"product","2":"type-product","3":"status-publish","5":"product_cat-listeo-booking","7":"first","8":"instock","9":"virtual","10":"sold-individually","11":"purchasable","12":"product-type-listing_booking"},"_links":{"self":[{"href":"https:\/\/handson.pt\/pt\/wp-json\/wp\/v2\/product\/19307","targetHints":{"allow":["GET"]}}],"collection":[{"href":"https:\/\/handson.pt\/pt\/wp-json\/wp\/v2\/product"}],"about":[{"href":"https:\/\/handson.pt\/pt\/wp-json\/wp\/v2\/types\/product"}],"replies":[{"embeddable":true,"href":"https:\/\/handson.pt\/pt\/wp-json\/wp\/v2\/comments?post=19307"}],"wp:attachment":[{"href":"https:\/\/handson.pt\/pt\/wp-json\/wp\/v2\/media?parent=19307"}],"wp:term":[{"taxonomy":"product_brand","embeddable":true,"href":"https:\/\/handson.pt\/pt\/wp-json\/wp\/v2\/product_brand?post=19307"},{"taxonomy":"product_cat","embeddable":true,"href":"https:\/\/handson.pt\/pt\/wp-json\/wp\/v2\/product_cat?post=19307"},{"taxonomy":"product_tag","embeddable":true,"href":"https:\/\/handson.pt\/pt\/wp-json\/wp\/v2\/product_tag?post=19307"}],"curies":[{"name":"wp","href":"https:\/\/api.w.org\/{rel}","templated":true}]}}